{"id":12,"date":"2023-10-13T17:37:10","date_gmt":"2023-10-13T15:37:10","guid":{"rendered":"https:\/\/Lebenshilfe-Gues-ukcpok3l9w.live-website.com\/?page_id=12"},"modified":"2026-04-16T09:02:51","modified_gmt":"2026-04-16T07:02:51","slug":"lebenshilfe-guestrow-e-v-offizielle-website-der-lebenshilfe-guestrow-e-v","status":"publish","type":"page","link":"https:\/\/lebenshilfe-guestrow.com\/","title":{"rendered":"\u00dcber uns"},"content":{"rendered":"\n<div class=\"wp-block-cover alignfull is-light\" style=\"min-height:380px;aspect-ratio:unset;\"><img loading=\"lazy\" decoding=\"async\" width=\"2560\" height=\"1707\" class=\"wp-block-cover__image-background wp-image-80\" alt=\"\" src=\"https:\/\/Lebenshilfe-Gues-ukcpok3l9w.live-website.com\/wp-content\/uploads\/2023\/10\/Kind-mit-Helfer-und-Handy-2-scaled.jpg\" style=\"object-position:54% 42%\" data-object-fit=\"cover\" data-object-position=\"54% 42%\" srcset=\"https:\/\/lebenshilfe-guestrow.com\/wp-content\/uploads\/2023\/10\/Kind-mit-Helfer-und-Handy-2-scaled.jpg 2560w, https:\/\/lebenshilfe-guestrow.com\/wp-content\/uploads\/2023\/10\/Kind-mit-Helfer-und-Handy-2-300x200.jpg 300w, https:\/\/lebenshilfe-guestrow.com\/wp-content\/uploads\/2023\/10\/Kind-mit-Helfer-und-Handy-2-1024x683.jpg 1024w, https:\/\/lebenshilfe-guestrow.com\/wp-content\/uploads\/2023\/10\/Kind-mit-Helfer-und-Handy-2-768x512.jpg 768w, https:\/\/lebenshilfe-guestrow.com\/wp-content\/uploads\/2023\/10\/Kind-mit-Helfer-und-Handy-2-1536x1024.jpg 1536w, https:\/\/lebenshilfe-guestrow.com\/wp-content\/uploads\/2023\/10\/Kind-mit-Helfer-und-Handy-2-2048x1365.jpg 2048w\" sizes=\"auto, (max-width: 2560px) 100vw, 2560px\" \/><span aria-hidden=\"true\" class=\"wp-block-cover__background has-background-dim-0 has-background-dim\"><\/span><div class=\"wp-block-cover__inner-container is-layout-constrained wp-block-cover-is-layout-constrained\">\n<p class=\"has-text-align-center has-large-font-size\"><\/p>\n\n\n\n<p class=\"has-text-align-center has-large-font-size\"><\/p>\n<\/div><\/div>\n\n\n\n<hr class=\"wp-block-separator has-alpha-channel-opacity\"\/>\n\n\n\n<div class=\"wp-block-columns is-layout-flex wp-container-core-columns-is-layout-9d6595d7 wp-block-columns-is-layout-flex\">\n<div class=\"wp-block-column is-layout-flow wp-block-column-is-layout-flow\" style=\"flex-basis:80%\">\n<h1 class=\"wp-block-heading has-text-align-center\">Herzlich Willkommen bei der Lebenshilfe G\u00fcstrow e.V.<\/h1>\n\n\n\n<p>Der Verein Lebenshilfe G\u00fcstrow e.V. hat sich seit seinem Bestehen 1990 als Eltern- und Selbsthilfeverein, als Fachverband und als Tr\u00e4ger von Einrichtungen und Diensten im Landkreis Rostock etabliert.<\/p>\n\n\n\n<p>Wir bieten Begleitung, F\u00f6rderung und Unterst\u00fctzung f\u00fcr Menschen mit Behinderung und ihren Angeh\u00f6rigen an. Dabei achten wir das Recht auf Selbstbestimmung und auf eigene Meinung. Wir helfen den Betroffenen, ihre Zukunft und Teilhabe zu planen und begleiten die Umsetzung.<\/p>\n\n\n\n<div class=\"wp-block-buttons is-content-justification-center is-layout-flex wp-container-core-buttons-is-layout-16018d1d wp-block-buttons-is-layout-flex\">\n<div class=\"wp-block-button is-style-fill\"><a class=\"wp-block-button__link has-background has-medium-font-size has-text-align-center has-custom-font-size wp-element-button\" href=\"https:\/\/lebenshilfe-guestrow.com\/?page_id=155\" style=\"border-radius:0px;background-color:#0b67b7\"><strong>Unsere Einrichtungen und Dienstleistungen<\/strong><\/a><\/div>\n<\/div>\n\n\n\n<hr class=\"wp-block-separator has-alpha-channel-opacity\"\/>\n\n\n\n<div class=\"wp-block-media-text is-stacked-on-mobile\"><figure class=\"wp-block-media-text__media\"><img loading=\"lazy\" decoding=\"async\" width=\"1024\" height=\"683\" src=\"https:\/\/lebenshilfe-guestrow.com\/wp-content\/uploads\/2023\/11\/Kinder-3-1024x683.jpg\" alt=\"\" class=\"wp-image-608 size-full\" srcset=\"https:\/\/lebenshilfe-guestrow.com\/wp-content\/uploads\/2023\/11\/Kinder-3-1024x683.jpg 1024w, https:\/\/lebenshilfe-guestrow.com\/wp-content\/uploads\/2023\/11\/Kinder-3-300x200.jpg 300w, https:\/\/lebenshilfe-guestrow.com\/wp-content\/uploads\/2023\/11\/Kinder-3-768x512.jpg 768w, https:\/\/lebenshilfe-guestrow.com\/wp-content\/uploads\/2023\/11\/Kinder-3.jpg 1200w\" sizes=\"auto, (max-width: 1024px) 100vw, 1024px\" \/><\/figure><div class=\"wp-block-media-text__content\">\n<p class=\"has-text-align-center has-medium-font-size\"><strong>Unsere sch\u00f6ne kleine Kita &#8222;Medicus&#8220; hat noch freie Kapazit\u00e4ten<\/strong><\/p>\n\n\n\n<p class=\"has-text-align-center\"><a href=\"https:\/\/lebenshilfe-guestrow.com\/?page_id=169\" data-type=\"page\" data-id=\"169\">zur Kita &#8222;Medicus&#8220;<\/a><\/p>\n\n\n\n<div class=\"wp-block-buttons is-content-justification-center is-layout-flex wp-container-core-buttons-is-layout-16018d1d wp-block-buttons-is-layout-flex\">\n<div class=\"wp-block-button\"><a class=\"wp-block-button__link has-luminous-vivid-orange-background-color has-background has-medium-font-size has-custom-font-size wp-element-button\" href=\"https:\/\/lebenshilfe-guestrow.com\/wp-content\/uploads\/2026\/03\/Flyer-Plaetze-frei.pdf\" target=\"_blank\" rel=\"noreferrer noopener\"><strong>Hier mehr erfahren<\/strong><\/a><\/div>\n<\/div>\n<\/div><\/div>\n\n\n\n<hr class=\"wp-block-separator has-alpha-channel-opacity\"\/>\n\n\n\n<p>Das Grundsatzprogramm der Bundesvereinigung Lebenshilfe und die Satzung des Vereins Lebenshilfe G\u00fcstrow e.V. sind unser Selbstverst\u00e4ndnis. Hier werden Ziele, Inhalte und Herausforderungen fortgeschrieben und verfolgt. Alle Menschen sollen dabei sein, in der Kita, bei der Arbeit, beim Wohnen, im Alter, in der Freizeit und in allen Lebenslagen.<\/p>\n\n\n\n<p>Erst wenn alle dabei sind und gleich behandelt werden, haben wir erreicht, was die UN-Konvention unter Inklusion versteht.<\/p>\n\n\n\n<h2 class=\"wp-block-heading has-text-align-center has-text-color has-link-color has-large-font-size wp-elements-a6138296bc5288432de8bae9db4238f3\" style=\"color:#076fd0\"><strong>Teilhabe ist Menschenrecht &#8211; Petition 195716<\/strong><\/h2>\n\n\n\n<div class=\"wp-block-media-text is-stacked-on-mobile\"><figure class=\"wp-block-media-text__media\"><img loading=\"lazy\" decoding=\"async\" width=\"722\" height=\"1024\" src=\"https:\/\/lebenshilfe-guestrow.com\/wp-content\/uploads\/2026\/04\/Teilhabe-ist-Menschenrecht-722x1024.jpg\" alt=\"\" class=\"wp-image-2413 size-full\" srcset=\"https:\/\/lebenshilfe-guestrow.com\/wp-content\/uploads\/2026\/04\/Teilhabe-ist-Menschenrecht-722x1024.jpg 722w, https:\/\/lebenshilfe-guestrow.com\/wp-content\/uploads\/2026\/04\/Teilhabe-ist-Menschenrecht-211x300.jpg 211w, https:\/\/lebenshilfe-guestrow.com\/wp-content\/uploads\/2026\/04\/Teilhabe-ist-Menschenrecht-768x1090.jpg 768w, https:\/\/lebenshilfe-guestrow.com\/wp-content\/uploads\/2026\/04\/Teilhabe-ist-Menschenrecht.jpg 874w\" sizes=\"auto, (max-width: 722px) 100vw, 722px\" \/><\/figure><div class=\"wp-block-media-text__content\">\n<p class=\"has-medium-font-size\"><strong>BITTE UNTERST\u00dcTZEN SIE DIE PETITION<\/strong><\/p>\n\n\n\n<p class=\"has-medium-font-size\">Mit der Petition 195716 sollen K\u00fcrzungen und Einschr\u00e4nkungen der Eingliederungshilfe f\u00fcr Menschen mit Behinderung verhindert werden.<\/p>\n\n\n\n<div class=\"wp-block-buttons has-background is-content-justification-center is-layout-flex wp-container-core-buttons-is-layout-16018d1d wp-block-buttons-is-layout-flex\" style=\"background-color:#076fd0\">\n<div class=\"wp-block-button\"><a class=\"wp-block-button__link has-background has-medium-font-size has-custom-font-size wp-element-button\" href=\"https:\/\/epetitionen.bundestag.de\/petitionen\/_2026\/_02\/_27\/Petition_195716.nc.html\" style=\"background-color:#076fd0\" target=\"_blank\" rel=\"noreferrer noopener\">Hier geht es zur Petition<\/a><\/div>\n<\/div>\n<\/div><\/div>\n\n\n\n<div class=\"wp-block-media-text has-media-on-the-right is-stacked-on-mobile\"><div class=\"wp-block-media-text__content\">\n<p class=\"has-medium-font-size\">Erreicht die Petition innerhalb von sechs Wochen mindestens 30.000 Unterschriften, wird die Petentin Ulla Schmidt in einer \u00f6ffentlichen Ausschusssitzung zu dem Anliegen angeh\u00f6rt.<\/p>\n\n\n\n<div class=\"wp-block-buttons is-layout-flex wp-block-buttons-is-layout-flex\">\n<div class=\"wp-block-button\"><a class=\"wp-block-button__link has-background has-small-font-size has-custom-font-size wp-element-button\" href=\"https:\/\/lebenshilfe-guestrow.com\/wp-content\/uploads\/2026\/04\/Wichtige-Hinweise-Unterschriftenlisten_Vorlage-Unterschriftenliste_Paritaetischer.pdf\" style=\"border-top-left-radius:0px;border-top-right-radius:0px;border-bottom-left-radius:0px;border-bottom-right-radius:0px;background-color:#076fd0\"><strong>Muster Unterschriftenliste zum Download<\/strong><\/a><\/div>\n<\/div>\n\n\n\n<p class=\"has-text-align-center has-medium-font-size\"><strong>Ender der Petition: 25.05.2026<\/strong><\/p>\n<\/div><figure class=\"wp-block-media-text__media\"><img loading=\"lazy\" decoding=\"async\" width=\"722\" height=\"1024\" src=\"https:\/\/lebenshilfe-guestrow.com\/wp-content\/uploads\/2026\/04\/Bedeutung-der-Eingliederungshilfe-fuer-Kinder-722x1024.jpg\" alt=\"\" class=\"wp-image-2416 size-full\" srcset=\"https:\/\/lebenshilfe-guestrow.com\/wp-content\/uploads\/2026\/04\/Bedeutung-der-Eingliederungshilfe-fuer-Kinder-722x1024.jpg 722w, https:\/\/lebenshilfe-guestrow.com\/wp-content\/uploads\/2026\/04\/Bedeutung-der-Eingliederungshilfe-fuer-Kinder-211x300.jpg 211w, https:\/\/lebenshilfe-guestrow.com\/wp-content\/uploads\/2026\/04\/Bedeutung-der-Eingliederungshilfe-fuer-Kinder-768x1090.jpg 768w, https:\/\/lebenshilfe-guestrow.com\/wp-content\/uploads\/2026\/04\/Bedeutung-der-Eingliederungshilfe-fuer-Kinder.jpg 874w\" sizes=\"auto, (max-width: 722px) 100vw, 722px\" \/><\/figure><\/div>\n\n\n\n<hr class=\"wp-block-separator has-alpha-channel-opacity\"\/>\n\n\n\n<div class=\"wp-block-media-text has-media-on-the-right is-stacked-on-mobile\"><div class=\"wp-block-media-text__content\">\n<p class=\"has-text-align-center has-vivid-cyan-blue-color has-text-color has-link-color has-medium-font-size wp-elements-6c44c23c73950e570f935b30dbb62946\"><strong>Ein historischer Moment 2025!<\/strong><\/p>\n\n\n\n<p class=\"has-text-align-center has-medium-font-size\">Das 1. Inklusive Drachenbootteam der Lebenshilfe G\u00fcstrow e.V. <\/p>\n\n\n\n<p class=\"has-text-align-center\"><a href=\"https:\/\/www.ardmediathek.de\/video\/nordtour-den-norden-erleben\/vereint-im-norden-inklusives-drachenbootfahren-in-gustrow\/ndr\/Y3JpZDovL25kci5kZS9iNGFlOTcwMC0xMDAzLTQ3YTUtODI4Ni1mYmMwZGRlNzM1NzM\" target=\"_blank\" rel=\"noreferrer noopener\">DER NDR WAR DABEI!<\/a><\/p>\n\n\n\n<p class=\"has-text-align-center\">Wer mehr lesen m\u00f6chte, bitte einfach <a href=\"https:\/\/lebenshilfe-guestrow.com\/?p=2247\" data-type=\"post\" data-id=\"2247\">hier <\/a>klicken.<\/p>\n<\/div><figure class=\"wp-block-media-text__media\"><img loading=\"lazy\" decoding=\"async\" width=\"968\" height=\"956\" src=\"https:\/\/lebenshilfe-guestrow.com\/wp-content\/uploads\/2025\/07\/Logo-inklusives-Drachenbootteam.jpg\" alt=\"1. Inklusives Drachenbootteam der Lebenshilfe G\u00fcstrow e.V.\" class=\"wp-image-2186 size-full\" srcset=\"https:\/\/lebenshilfe-guestrow.com\/wp-content\/uploads\/2025\/07\/Logo-inklusives-Drachenbootteam.jpg 968w, https:\/\/lebenshilfe-guestrow.com\/wp-content\/uploads\/2025\/07\/Logo-inklusives-Drachenbootteam-300x296.jpg 300w, https:\/\/lebenshilfe-guestrow.com\/wp-content\/uploads\/2025\/07\/Logo-inklusives-Drachenbootteam-768x758.jpg 768w\" sizes=\"auto, (max-width: 968px) 100vw, 968px\" \/><\/figure><\/div>\n\n\n\n<hr class=\"wp-block-separator has-alpha-channel-opacity\"\/>\n\n\n\n<h2 class=\"wp-block-heading has-text-align-center has-large-font-size\">Stellenausschreibungen<\/h2>\n\n\n\n<p class=\"has-medium-font-size\">In unserer Kita &#8222;Landm\u00e4use&#8220; in Diekhof w\u00fcrden wir uns sehr \u00fcber engagierte und liebevolle Unterst\u00fctzung freuen.<\/p>\n\n\n\n<div class=\"wp-block-buttons is-content-justification-center is-layout-flex wp-container-core-buttons-is-layout-16018d1d wp-block-buttons-is-layout-flex\">\n<div class=\"wp-block-button is-style-outline is-style-outline--2\"><a class=\"wp-block-button__link has-black-color has-text-color has-background has-link-color has-medium-font-size has-custom-font-size wp-element-button\" href=\"https:\/\/lebenshilfe-guestrow.com\/?page_id=463\" style=\"background-color:#d8e6ed\">Hier erfahren sie mehr &#8230;<\/a><\/div>\n<\/div>\n\n\n\n<hr class=\"wp-block-separator has-alpha-channel-opacity\"\/>\n\n\n\n<p class=\"has-medium-font-size\">Gerne k\u00f6nnen Sie eine Initiativbewerbung bei der Gesch\u00e4ftsstelle einreichen.<\/p>\n\n\n\n<div class=\"wp-block-columns is-layout-flex wp-container-core-columns-is-layout-9d6595d7 wp-block-columns-is-layout-flex\"><\/div>\n\n\n\n<hr class=\"wp-block-separator has-alpha-channel-opacity\"\/>\n\n\n\n<h2 class=\"wp-block-heading has-text-align-center\">Aktuelles aus unseren Einrichtungen<\/h2>\n\n\n<ul class=\"wp-block-latest-posts__list wp-block-latest-posts\"><li><a class=\"wp-block-latest-posts__post-title\" href=\"https:\/\/lebenshilfe-guestrow.com\/?p=2430\">Komm mit ins Zahlenland<\/a><div class=\"wp-block-latest-posts__post-excerpt\">&#8230; hei\u00dft das Projekt in der Kita &#8222;Schnatterst\u00fcbchen&#8220; in J\u00f6rdenstorf Dieses soll unsere Kinder, bei ihren ersten bewussten Erkundungen in\u2026\u00a0<a class=\"wp-block-latest-posts__read-more\" href=\"https:\/\/lebenshilfe-guestrow.com\/?p=2430\" rel=\"noopener noreferrer\"><span class=\"screen-reader-text\">Komm mit ins Zahlenland <\/span>weiterlesen<\/a><\/div><\/li>\n<li><a class=\"wp-block-latest-posts__post-title\" href=\"https:\/\/lebenshilfe-guestrow.com\/?p=2427\">J\u00d6FA HELLAU<\/a><div class=\"wp-block-latest-posts__post-excerpt\"><\/div><\/li>\n<li><a class=\"wp-block-latest-posts__post-title\" href=\"https:\/\/lebenshilfe-guestrow.com\/?p=2359\">Ein neues Jahr!<\/a><div class=\"wp-block-latest-posts__post-excerpt\">Ein neues Jahr, ein neues Jahr, wir wissen, f\u00e4ngt an mit Januar. Er kam mit Schnee herbei, so bitterkalt, verschneit\u2026\u00a0<a class=\"wp-block-latest-posts__read-more\" href=\"https:\/\/lebenshilfe-guestrow.com\/?p=2359\" rel=\"noopener noreferrer\"><span class=\"screen-reader-text\">Ein neues Jahr! <\/span>weiterlesen<\/a><\/div><\/li>\n<li><a class=\"wp-block-latest-posts__post-title\" href=\"https:\/\/lebenshilfe-guestrow.com\/?p=2337\">Drachenbootteam &#8222;Black Tiger &#8211; Alle in einem Boot&#8220; ausgezeichnet<\/a><div class=\"wp-block-latest-posts__post-excerpt\">Auch wenn es nicht die typische Jahreszeit f\u00fcr Drachenboot ist, wird es nicht still um unser Team &#8222;Black Tiger &#8211;\u2026\u00a0<a class=\"wp-block-latest-posts__read-more\" href=\"https:\/\/lebenshilfe-guestrow.com\/?p=2337\" rel=\"noopener noreferrer\"><span class=\"screen-reader-text\">Drachenbootteam &#8222;Black Tiger &#8211; Alle in einem Boot&#8220; ausgezeichnet <\/span>weiterlesen<\/a><\/div><\/li>\n<li><a class=\"wp-block-latest-posts__post-title\" href=\"https:\/\/lebenshilfe-guestrow.com\/?p=2329\">Vorlesetag in der Johann-Wolfgang von Th\u00fcnen-Schule in J\u00f6rdenstorf<\/a><div class=\"wp-block-latest-posts__post-excerpt\">Die Kinder vom &#8222;Schnatterst\u00fcbchen&#8220; lauschen den spannenden Geschichten Noch nie war Vorlesen so bedeutungsvoll, denn das Vorlesen schafft grundlegende Voraussetzungen,\u2026\u00a0<a class=\"wp-block-latest-posts__read-more\" href=\"https:\/\/lebenshilfe-guestrow.com\/?p=2329\" rel=\"noopener noreferrer\"><span class=\"screen-reader-text\">Vorlesetag in der Johann-Wolfgang von Th\u00fcnen-Schule in J\u00f6rdenstorf <\/span>weiterlesen<\/a><\/div><\/li>\n<\/ul><\/div>\n\n\n\n<div class=\"wp-block-column is-layout-flow wp-block-column-is-layout-flow\" style=\"flex-basis:10px\"><\/div>\n\n\n\n<div class=\"wp-block-column is-layout-flow wp-block-column-is-layout-flow\" style=\"flex-basis:20%\">\n<h2 class=\"wp-block-heading has-medium-font-size\">Kontakt<\/h2>\n\n\n\n<figure class=\"wp-block-table is-style-stripes has-small-font-size\"><table class=\"has-text-color has-link-color\" style=\"color:#0b67b7\"><tbody><tr><td><strong>Gesch\u00e4ftsstelle<\/strong><br>Lebenshilfe G\u00fcstrow e.V.<br>Gustav-Adolf-Stra\u00dfe 8<br>18273 G\u00fcstrow<\/td><\/tr><tr><td>Tel: 03843 \/ 85 59 0<br>Fax.03843 \/ 85 59 10<br>post@lebenshilfe-guestrow.de<\/td><\/tr><tr><td><strong>Gesch\u00e4ftsleitung<\/strong><br>Dagmar Kluge<\/td><\/tr><\/tbody><\/table><\/figure>\n\n\n\n<h2 class=\"wp-block-heading\">Mitglied im:<\/h2>\n\n\n\n<p class=\"has-small-font-size\"><a href=\"https:\/\/www.lebenshilfe-mv.de\/de\/\" target=\"_blank\" rel=\"noreferrer noopener\">Landesverband Lebenshilfe M-V e.V.<\/a><\/p>\n\n\n\n<p class=\"has-small-font-size\"><a href=\"https:\/\/www.lebenshilfe.de\/ueber-uns\" target=\"_blank\" rel=\"noreferrer noopener\">Bundesvereinigung Lebenshilfe e.V.<\/a><\/p>\n\n\n\n<p class=\"has-small-font-size\"><a href=\"https:\/\/www.paritaet-mv.de\/\" target=\"_blank\" rel=\"noreferrer noopener\">Spitzenverband Der Parit\u00e4tische M-V e.V.<\/a><\/p>\n\n\n\n<div class=\"wp-block-media-text is-stacked-on-mobile\"><figure class=\"wp-block-media-text__media\"><img loading=\"lazy\" decoding=\"async\" width=\"127\" height=\"72\" src=\"https:\/\/lebenshilfe-guestrow.com\/wp-content\/uploads\/2025\/01\/Special-Olymics-Landesspiele-2025-Logo-1.png\" alt=\"\" class=\"wp-image-1774 size-full\"\/><\/figure><div class=\"wp-block-media-text__content\">\n<p class=\"has-small-font-size\"><a href=\"https:\/\/lebenshilfe-guestrow.com\/?p=1768\" data-type=\"post\" data-id=\"1768\">Mitglied bei den Special Olympics<\/a><\/p>\n<\/div><\/div>\n\n\n\n<hr class=\"wp-block-separator has-text-color has-alpha-channel-opacity has-background is-style-wide\" style=\"background-color:#0b67b7;color:#0b67b7\"\/>\n\n\n\n<h2 class=\"wp-block-heading\"><a href=\"https:\/\/lebenshilfe-guestrow.com\/?page_id=463\" data-type=\"page\" data-id=\"463\">Stellenausschreibung<\/a><\/h2>\n\n\n\n<hr class=\"wp-block-separator has-text-color has-alpha-channel-opacity has-background is-style-wide\" style=\"background-color:#0b67b7;color:#0b67b7\"\/>\n\n\n\n<h2 class=\"wp-block-heading\">Nachrichten aus den Einrichtungen<\/h2>\n\n\n<ul class=\"wp-block-categories-list wp-block-categories\">\t<li class=\"cat-item cat-item-1\"><a href=\"https:\/\/lebenshilfe-guestrow.com\/?cat=1\">Allgemein Lebenshilfe G\u00fcstrow e.V.<\/a>\n<\/li>\n\t<li class=\"cat-item cat-item-30\"><a href=\"https:\/\/lebenshilfe-guestrow.com\/?cat=30\">familienentlastender Dienst<\/a>\n<\/li>\n\t<li class=\"cat-item cat-item-31\"><a href=\"https:\/\/lebenshilfe-guestrow.com\/?cat=31\">iLb<\/a>\n<\/li>\n\t<li class=\"cat-item cat-item-17\"><a href=\"https:\/\/lebenshilfe-guestrow.com\/?cat=17\">Kita<\/a>\n<\/li>\n\t<li class=\"cat-item cat-item-29\"><a href=\"https:\/\/lebenshilfe-guestrow.com\/?cat=29\">Kita &quot;Die Landm\u00e4use&quot;<\/a>\n<\/li>\n\t<li class=\"cat-item cat-item-27\"><a href=\"https:\/\/lebenshilfe-guestrow.com\/?cat=27\">Kita &quot;Medicus&quot;<\/a>\n<\/li>\n\t<li class=\"cat-item cat-item-20\"><a href=\"https:\/\/lebenshilfe-guestrow.com\/?cat=20\">Kita &quot;Ostwind&quot;<\/a>\n<\/li>\n\t<li class=\"cat-item cat-item-19\"><a href=\"https:\/\/lebenshilfe-guestrow.com\/?cat=19\">Kita &quot;Schnatterst\u00fcbchen&quot;<\/a>\n<\/li>\n\t<li class=\"cat-item cat-item-22\"><a href=\"https:\/\/lebenshilfe-guestrow.com\/?cat=22\">Kita &quot;Sonnenkinder&quot;<\/a>\n<\/li>\n\t<li class=\"cat-item cat-item-18\"><a href=\"https:\/\/lebenshilfe-guestrow.com\/?cat=18\">Wohnst\u00e4tten<\/a>\n<\/li>\n<\/ul>\n\n\n<hr class=\"wp-block-separator has-text-color has-alpha-channel-opacity has-background is-style-wide\" style=\"background-color:#0b67b7;color:#0b67b7\"\/>\n\n\n\n<h2 class=\"wp-block-heading\">Archiv<\/h2>\n\n\n<ul class=\"wp-block-archives-list wp-block-archives has-small-font-size\">\t<li><a href='https:\/\/lebenshilfe-guestrow.com\/?m=202604'>April 2026<\/a><\/li>\n\t<li><a href='https:\/\/lebenshilfe-guestrow.com\/?m=202602'>Februar 2026<\/a><\/li>\n\t<li><a href='https:\/\/lebenshilfe-guestrow.com\/?m=202601'>Januar 2026<\/a><\/li>\n\t<li><a href='https:\/\/lebenshilfe-guestrow.com\/?m=202511'>November 2025<\/a><\/li>\n\t<li><a href='https:\/\/lebenshilfe-guestrow.com\/?m=202508'>August 2025<\/a><\/li>\n\t<li><a href='https:\/\/lebenshilfe-guestrow.com\/?m=202507'>Juli 2025<\/a><\/li>\n\t<li><a href='https:\/\/lebenshilfe-guestrow.com\/?m=202506'>Juni 2025<\/a><\/li>\n\t<li><a href='https:\/\/lebenshilfe-guestrow.com\/?m=202505'>Mai 2025<\/a><\/li>\n\t<li><a href='https:\/\/lebenshilfe-guestrow.com\/?m=202504'>April 2025<\/a><\/li>\n\t<li><a href='https:\/\/lebenshilfe-guestrow.com\/?m=202501'>Januar 2025<\/a><\/li>\n\t<li><a href='https:\/\/lebenshilfe-guestrow.com\/?m=202412'>Dezember 2024<\/a><\/li>\n\t<li><a href='https:\/\/lebenshilfe-guestrow.com\/?m=202411'>November 2024<\/a><\/li>\n\t<li><a href='https:\/\/lebenshilfe-guestrow.com\/?m=202409'>September 2024<\/a><\/li>\n\t<li><a href='https:\/\/lebenshilfe-guestrow.com\/?m=202406'>Juni 2024<\/a><\/li>\n\t<li><a href='https:\/\/lebenshilfe-guestrow.com\/?m=202404'>April 2024<\/a><\/li>\n\t<li><a href='https:\/\/lebenshilfe-guestrow.com\/?m=202403'>M\u00e4rz 2024<\/a><\/li>\n\t<li><a href='https:\/\/lebenshilfe-guestrow.com\/?m=202402'>Februar 2024<\/a><\/li>\n\t<li><a href='https:\/\/lebenshilfe-guestrow.com\/?m=202312'>Dezember 2023<\/a><\/li>\n\t<li><a href='https:\/\/lebenshilfe-guestrow.com\/?m=202311'>November 2023<\/a><\/li>\n\t<li><a href='https:\/\/lebenshilfe-guestrow.com\/?m=202310'>Oktober 2023<\/a><\/li>\n\t<li><a href='https:\/\/lebenshilfe-guestrow.com\/?m=202302'>Februar 2023<\/a><\/li>\n\t<li><a href='https:\/\/lebenshilfe-guestrow.com\/?m=202208'>August 2022<\/a><\/li>\n<\/ul>\n\n\n<hr class=\"wp-block-separator has-text-color has-alpha-channel-opacity has-background is-style-wide\" style=\"background-color:#0b67b7;color:#0b67b7\"\/>\n<\/div>\n<\/div>\n\n\n\n<hr class=\"wp-block-separator has-alpha-channel-opacity\"\/>\n","protected":false},"excerpt":{"rendered":"<p>Wir bieten Begleitung, F\u00f6rderung und Unterst\u00fctzung f\u00fcr Menschen mit Behinderung und ihren Angeh\u00f6rigen an. Dabei achten wir das Recht auf Selbstbestimmung und auf eigene Meinung. Wir helfen den Betroffenen ihre Zukunft und Teilhabe zu planen und Begleiten Sie in der Umsetzung. <\/p>\n","protected":false},"author":1,"featured_media":0,"parent":0,"menu_order":0,"comment_status":"closed","ping_status":"closed","template":"","meta":{"ocean_post_layout":"full-width","ocean_both_sidebars_style":"","ocean_both_sidebars_content_width":0,"ocean_both_sidebars_sidebars_width":0,"ocean_sidebar":"sidebar","ocean_second_sidebar":"0","ocean_disable_margins":"enable","ocean_add_body_class":"","ocean_shortcode_before_top_bar":"","ocean_shortcode_after_top_bar":"","ocean_shortcode_before_header":"","ocean_shortcode_after_header":"","ocean_has_shortcode":"","ocean_shortcode_after_title":"","ocean_shortcode_before_footer_widgets":"","ocean_shortcode_after_footer_widgets":"","ocean_shortcode_before_footer_bottom":"","ocean_shortcode_after_footer_bottom":"","ocean_display_top_bar":"default","ocean_display_header":"default","ocean_header_style":"","ocean_center_header_left_menu":"0","ocean_custom_header_template":"0","ocean_custom_logo":0,"ocean_custom_retina_logo":0,"ocean_custom_logo_max_width":0,"ocean_custom_logo_tablet_max_width":0,"ocean_custom_logo_mobile_max_width":0,"ocean_custom_logo_max_height":0,"ocean_custom_logo_tablet_max_height":0,"ocean_custom_logo_mobile_max_height":0,"ocean_header_custom_menu":"0","ocean_menu_typo_font_family":"0","ocean_menu_typo_font_subset":"","ocean_menu_typo_font_size":0,"ocean_menu_typo_font_size_tablet":0,"ocean_menu_typo_font_size_mobile":0,"ocean_menu_typo_font_size_unit":"px","ocean_menu_typo_font_weight":"","ocean_menu_typo_font_weight_tablet":"","ocean_menu_typo_font_weight_mobile":"","ocean_menu_typo_transform":"","ocean_menu_typo_transform_tablet":"","ocean_menu_typo_transform_mobile":"","ocean_menu_typo_line_height":0,"ocean_menu_typo_line_height_tablet":0,"ocean_menu_typo_line_height_mobile":0,"ocean_menu_typo_line_height_unit":"","ocean_menu_typo_spacing":0,"ocean_menu_typo_spacing_tablet":0,"ocean_menu_typo_spacing_mobile":0,"ocean_menu_typo_spacing_unit":"","ocean_menu_link_color":"","ocean_menu_link_color_hover":"","ocean_menu_link_color_active":"","ocean_menu_link_background":"","ocean_menu_link_hover_background":"","ocean_menu_link_active_background":"","ocean_menu_social_links_bg":"","ocean_menu_social_hover_links_bg":"","ocean_menu_social_links_color":"","ocean_menu_social_hover_links_color":"","ocean_disable_title":"default","ocean_disable_heading":"default","ocean_post_title":"","ocean_post_subheading":"","ocean_post_title_style":"","ocean_post_title_background_color":"","ocean_post_title_background":0,"ocean_post_title_bg_image_position":"","ocean_post_title_bg_image_attachment":"","ocean_post_title_bg_image_repeat":"","ocean_post_title_bg_image_size":"","ocean_post_title_height":0,"ocean_post_title_bg_overlay":0.5,"ocean_post_title_bg_overlay_color":"","ocean_disable_breadcrumbs":"default","ocean_breadcrumbs_color":"","ocean_breadcrumbs_separator_color":"","ocean_breadcrumbs_links_color":"","ocean_breadcrumbs_links_hover_color":"","ocean_display_footer_widgets":"default","ocean_display_footer_bottom":"default","ocean_custom_footer_template":"0","footnotes":""},"class_list":["post-12","page","type-page","status-publish","hentry","entry"],"_links":{"self":[{"href":"https:\/\/lebenshilfe-guestrow.com\/index.php?rest_route=\/wp\/v2\/pages\/12","targetHints":{"allow":["GET"]}}],"collection":[{"href":"https:\/\/lebenshilfe-guestrow.com\/index.php?rest_route=\/wp\/v2\/pages"}],"about":[{"href":"https:\/\/lebenshilfe-guestrow.com\/index.php?rest_route=\/wp\/v2\/types\/page"}],"author":[{"embeddable":true,"href":"https:\/\/lebenshilfe-guestrow.com\/index.php?rest_route=\/wp\/v2\/users\/1"}],"replies":[{"embeddable":true,"href":"https:\/\/lebenshilfe-guestrow.com\/index.php?rest_route=%2Fwp%2Fv2%2Fcomments&post=12"}],"version-history":[{"count":172,"href":"https:\/\/lebenshilfe-guestrow.com\/index.php?rest_route=\/wp\/v2\/pages\/12\/revisions"}],"predecessor-version":[{"id":2421,"href":"https:\/\/lebenshilfe-guestrow.com\/index.php?rest_route=\/wp\/v2\/pages\/12\/revisions\/2421"}],"wp:attachment":[{"href":"https:\/\/lebenshilfe-guestrow.com\/index.php?rest_route=%2Fwp%2Fv2%2Fmedia&parent=12"}],"curies":[{"name":"wp","href":"https:\/\/api.w.org\/{rel}","templated":true}]}}