{"id":152,"date":"2023-10-19T11:11:28","date_gmt":"2023-10-19T09:11:28","guid":{"rendered":"https:\/\/Lebenshilfe-Gues-ukcpok3l9w.live-website.com\/?page_id=152"},"modified":"2025-09-18T08:27:52","modified_gmt":"2025-09-18T06:27:52","slug":"kita-schnatterstuebchen","status":"publish","type":"page","link":"https:\/\/lebenshilfe-guestrow.com\/?page_id=152","title":{"rendered":"Kita \/ Hort &#8222;Schnatterst\u00fcbchen&#8220;"},"content":{"rendered":"\n<p><\/p>\n\n\n\n<hr class=\"wp-block-separator has-text-color has-white-color has-alpha-channel-opacity has-white-background-color has-background\"\/>\n\n\n\n<div class=\"wp-block-cover is-light\" style=\"min-height:380px;aspect-ratio:unset;\"><img loading=\"lazy\" decoding=\"async\" width=\"1200\" height=\"800\" class=\"wp-block-cover__image-background wp-image-691\" alt=\"\" src=\"https:\/\/Lebenshilfe-Gues-ukcpok3l9w.live-website.com\/wp-content\/uploads\/2023\/11\/Bild-Kind-Rollstuhl.jpg\" data-object-fit=\"cover\" srcset=\"https:\/\/lebenshilfe-guestrow.com\/wp-content\/uploads\/2023\/11\/Bild-Kind-Rollstuhl.jpg 1200w, https:\/\/lebenshilfe-guestrow.com\/wp-content\/uploads\/2023\/11\/Bild-Kind-Rollstuhl-300x200.jpg 300w, https:\/\/lebenshilfe-guestrow.com\/wp-content\/uploads\/2023\/11\/Bild-Kind-Rollstuhl-1024x683.jpg 1024w, https:\/\/lebenshilfe-guestrow.com\/wp-content\/uploads\/2023\/11\/Bild-Kind-Rollstuhl-768x512.jpg 768w\" sizes=\"auto, (max-width: 1200px) 100vw, 1200px\" \/><span aria-hidden=\"true\" class=\"wp-block-cover__background has-background-dim-0 has-background-dim\"><\/span><div class=\"wp-block-cover__inner-container is-layout-constrained wp-block-cover-is-layout-constrained\">\n<p class=\"has-text-align-center has-large-font-size\"><\/p>\n<\/div><\/div>\n\n\n\n<hr class=\"wp-block-separator has-alpha-channel-opacity\"\/>\n\n\n\n<div class=\"wp-block-columns is-layout-flex wp-container-core-columns-is-layout-9d6595d7 wp-block-columns-is-layout-flex\">\n<div class=\"wp-block-column is-layout-flow wp-block-column-is-layout-flow\" style=\"flex-basis:11%\"><\/div>\n\n\n\n<div class=\"wp-block-column is-layout-flow wp-block-column-is-layout-flow\" style=\"flex-basis:59%\">\n<h1 class=\"wp-block-heading has-text-align-center\">Integrative Kindertagesst\u00e4tte &#8211; Kita &#8222;Schnatterst\u00fcbchen&#8220; in J\u00f6rdenstorf<\/h1>\n\n\n\n<p class=\"has-text-align-center has-medium-font-size\" style=\"font-style:italic;font-weight:500\">Miteinander Leben, voneinander Lernen, aneinander Wachsen.<\/p>\n\n\n\n<p>Jedes Kind hat in unserer integrativen Kita die M\u00f6glichkeit, seine Pers\u00f6nlichkeit zu entfalten und seinen Platz in der Gemeinschaft zu finden.<\/p>\n\n\n\n<h2 class=\"wp-block-heading\">Kapazit\u00e4t<\/h2>\n\n\n\n<ul class=\"wp-block-list\">\n<li>110 Kinder (Gesamtkapazit\u00e4t)<\/li>\n\n\n\n<li>18 Krippenpl\u00e4tze<\/li>\n\n\n\n<li>48 Kindergartenpl\u00e4tze &#8211; davon 8 integrative Pl\u00e4tze<\/li>\n\n\n\n<li>44 Hortpl\u00e4tze<\/li>\n<\/ul>\n\n\n\n<p>Wir begegnen allen Kindern mit Achtung, Akzeptanz und Toleranz und vermitteln ihnen ein positives Selbstwertgef\u00fchl. Hier darf jedes Kind so sein, wie es ist.<\/p>\n\n\n\n<h2 class=\"wp-block-heading\">Sommerschlie\u00dfzeit<\/h2>\n\n\n\n<p>In den Sommerferien hat unsere Kita in der <strong>4. und 5. Ferienwoche der Sommerferien<\/strong> in Mecklenburg-Vorpommern Betriebsferien. Sollten Sie in dieser Zeit keinen Urlaub nehmen k\u00f6nnen oder keine anderweitige Betreuung f\u00fcr Ihr Kind haben, so bitten wir um Abgabe der ausgef\u00fcllten Formulare, um eine bedarfsgerechte Betreuung abzusichern.<\/p>\n\n\n\n<p><a href=\"https:\/\/lebenshilfe-guestrow.com\/wp-content\/uploads\/2025\/09\/Formular-Sommerschliesszeit.pdf\" data-type=\"attachment\" data-id=\"2284\" target=\"_blank\" rel=\"noreferrer noopener\">Formular Sommerschlie\u00dfzeit zur Bescheinigung durch Sorgeberechtigte und Arbeitgeber<\/a><\/p>\n\n\n\n<hr class=\"wp-block-separator has-alpha-channel-opacity\"\/>\n\n\n\n<h2 class=\"wp-block-heading\">Konzeption<\/h2>\n\n\n\n<p class=\"has-text-color has-link-color wp-elements-93ac74041d073457c362fe03e0df3fdc\" style=\"color:#0b67b7\"><a href=\"https:\/\/lebenshilfe-guestrow.com\/wp-content\/uploads\/2024\/01\/Joe-0-Der-Traeger-der-Kindertagesstaette.pdf\" data-type=\"attachment\" data-id=\"1309\" target=\"_blank\" rel=\"noreferrer noopener\">0 Der Tr\u00e4ger der Kindertageseinrichtung<\/a><\/p>\n\n\n\n<h3 class=\"wp-block-heading\">A Die Kindertagesst\u00e4tte stell sich vor<\/h3>\n\n\n\n<ol class=\"wp-block-list\">\n<li><a href=\"https:\/\/lebenshilfe-guestrow.com\/wp-content\/uploads\/2024\/01\/Joe-A1-Das-Profil-der-Kindertageseinrichtung.pdf\" data-type=\"attachment\" data-id=\"1310\" target=\"_blank\" rel=\"noreferrer noopener\">Das Profil der Kindertageseinrichtung<\/a><\/li>\n\n\n\n<li><a href=\"https:\/\/lebenshilfe-guestrow.com\/wp-content\/uploads\/2024\/01\/Joe-A2-Struktur-der-Kindertagestaette.pdf\" data-type=\"attachment\" data-id=\"1311\" target=\"_blank\" rel=\"noreferrer noopener\">Die Struktur der Kindertageseinrichtung<\/a><\/li>\n<\/ol>\n\n\n\n<h3 class=\"wp-block-heading\">B Grundlagen p\u00e4dagogischer Arbeit und Ziele<\/h3>\n\n\n\n<ol class=\"wp-block-list\">\n<li><a href=\"https:\/\/lebenshilfe-guestrow.com\/wp-content\/uploads\/2024\/01\/Joe-B1-Der-Bildungsauftrag-der-Kindertageseinrichtung.pdf\" data-type=\"attachment\" data-id=\"1312\" target=\"_blank\" rel=\"noreferrer noopener\">Der Bildungsauftrag der Kindertageseinrichtung<\/a><\/li>\n\n\n\n<li><a href=\"https:\/\/lebenshilfe-guestrow.com\/wp-content\/uploads\/2024\/01\/Joe-B2-Das-Bild-vom-Kind.pdf\" data-type=\"attachment\" data-id=\"1313\" target=\"_blank\" rel=\"noreferrer noopener\">Das Bild vom Kind<\/a><\/li>\n\n\n\n<li><a href=\"https:\/\/lebenshilfe-guestrow.com\/wp-content\/uploads\/2024\/01\/Joe-B3-Beteiligung-von-Kindern.pdf\" data-type=\"attachment\" data-id=\"1314\" target=\"_blank\" rel=\"noreferrer noopener\">Die Beteiligung von Kindern<\/a><\/li>\n\n\n\n<li><a href=\"https:\/\/lebenshilfe-guestrow.com\/wp-content\/uploads\/2024\/01\/Joe-B4-Rechte-von-Kindern.pdf\" data-type=\"attachment\" data-id=\"1315\" target=\"_blank\" rel=\"noreferrer noopener\">Die Rechte von Kindern<\/a><\/li>\n\n\n\n<li><a href=\"https:\/\/lebenshilfe-guestrow.com\/wp-content\/uploads\/2024\/01\/Joe-B5-Rolle-der-Erzieherin.pdf\" data-type=\"attachment\" data-id=\"1316\" target=\"_blank\" rel=\"noreferrer noopener\">Die Rolle der Erzieherin<\/a><\/li>\n\n\n\n<li><a href=\"https:\/\/lebenshilfe-guestrow.com\/wp-content\/uploads\/2024\/01\/Joe-B6-Ziele-der-paedagogischen-Arbeit.pdf\" data-type=\"attachment\" data-id=\"1317\" target=\"_blank\" rel=\"noreferrer noopener\">Die Ziele der p\u00e4dagogischen Arbeit<\/a><\/li>\n<\/ol>\n\n\n\n<h3 class=\"wp-block-heading\">C Bildung und Erziehung<\/h3>\n\n\n\n<ol class=\"wp-block-list\">\n<li><a href=\"https:\/\/lebenshilfe-guestrow.com\/wp-content\/uploads\/2024\/01\/Joe-C1-Bildungsbereiche.pdf\" data-type=\"attachment\" data-id=\"1318\" target=\"_blank\" rel=\"noreferrer noopener\">Die Bildungsbereiche<\/a><\/li>\n\n\n\n<li><a href=\"https:\/\/lebenshilfe-guestrow.com\/wp-content\/uploads\/2024\/01\/Joe-C2-Stellenwert-des-Spiels.pdf\" data-type=\"attachment\" data-id=\"1319\" target=\"_blank\" rel=\"noreferrer noopener\">Stellenwert des Spiels<\/a><\/li>\n\n\n\n<li><a href=\"https:\/\/lebenshilfe-guestrow.com\/wp-content\/uploads\/2024\/01\/Joe-C3-Beobachten-und-Dokumentieren.pdf\" data-type=\"attachment\" data-id=\"1320\" target=\"_blank\" rel=\"noreferrer noopener\">Beobachten und Dokumentieren<\/a><\/li>\n\n\n\n<li><a href=\"https:\/\/lebenshilfe-guestrow.com\/wp-content\/uploads\/2024\/01\/Joe-C4-Planen.pdf\" data-type=\"attachment\" data-id=\"1321\" target=\"_blank\" rel=\"noreferrer noopener\">Planen<\/a><\/li>\n\n\n\n<li><a href=\"https:\/\/lebenshilfe-guestrow.com\/wp-content\/uploads\/2024\/01\/Joe-C5-Oeffnung-innerhalb-der-Kita.pdf\" data-type=\"attachment\" data-id=\"1322\" target=\"_blank\" rel=\"noreferrer noopener\">\u00d6ffnung innerhalb der Kita<\/a><\/li>\n\n\n\n<li><a href=\"https:\/\/lebenshilfe-guestrow.com\/wp-content\/uploads\/2024\/01\/Joe-C6-Maedchen-Jungen.pdf\" data-type=\"attachment\" data-id=\"1323\" target=\"_blank\" rel=\"noreferrer noopener\">M\u00e4dchen und Jungen<\/a><\/li>\n\n\n\n<li><a href=\"https:\/\/lebenshilfe-guestrow.com\/wp-content\/uploads\/2024\/01\/Joe-C7-Inklusion-und-Vielfalt.pdf\" data-type=\"attachment\" data-id=\"1324\" target=\"_blank\" rel=\"noreferrer noopener\">Inklusion und Vielfalt<\/a><\/li>\n\n\n\n<li><a href=\"https:\/\/lebenshilfe-guestrow.com\/wp-content\/uploads\/2024\/01\/Joe-C8-Sexualitaet-von-Kinder.pdf\" data-type=\"attachment\" data-id=\"1325\" target=\"_blank\" rel=\"noreferrer noopener\">Sexualit\u00e4t von Kindern<\/a><\/li>\n\n\n\n<li><a href=\"https:\/\/lebenshilfe-guestrow.com\/wp-content\/uploads\/2024\/01\/Joe-C9-Gestaltung-der-Raeume.pdf\" data-type=\"attachment\" data-id=\"1326\" target=\"_blank\" rel=\"noreferrer noopener\">Gestaltung der R\u00e4ume<\/a><\/li>\n\n\n\n<li><a href=\"https:\/\/lebenshilfe-guestrow.com\/wp-content\/uploads\/2024\/01\/Joe-C10-Gestaltung-des-Tagesablaufs.pdf\" data-type=\"attachment\" data-id=\"1327\" target=\"_blank\" rel=\"noreferrer noopener\">Gestaltung des Tagesablaufs<\/a><\/li>\n\n\n\n<li><a href=\"https:\/\/lebenshilfe-guestrow.com\/wp-content\/uploads\/2024\/01\/Joe-C11-Regeln-in-der-Kita.pdf\" data-type=\"attachment\" data-id=\"1328\" target=\"_blank\" rel=\"noreferrer noopener\">Regeln in der Kita<\/a><\/li>\n<\/ol>\n\n\n\n<h3 class=\"wp-block-heading\">D \u00dcberg\u00e4nge- und Gesichtspunkte zu einzelnen Entwicklungsstufen<\/h3>\n\n\n\n<ol class=\"wp-block-list\">\n<li><a href=\"https:\/\/lebenshilfe-guestrow.com\/wp-content\/uploads\/2024\/01\/Joe-D1-Kinder-unter-3-Jahre.pdf\" data-type=\"attachment\" data-id=\"1329\" target=\"_blank\" rel=\"noreferrer noopener\">Kinder unter 3 Jahren<\/a><\/li>\n\n\n\n<li><a href=\"https:\/\/lebenshilfe-guestrow.com\/wp-content\/uploads\/2024\/01\/Joe-D2-Kinder-die-in-die-Schule-kommen.pdf\" data-type=\"attachment\" data-id=\"1330\" target=\"_blank\" rel=\"noreferrer noopener\">Kinder, die in die Schule kommen<\/a><\/li>\n\n\n\n<li><a href=\"https:\/\/lebenshilfe-guestrow.com\/wp-content\/uploads\/2024\/01\/Joe-D3-Schulkinder.pdf\" data-type=\"attachment\" data-id=\"1331\" target=\"_blank\" rel=\"noreferrer noopener\">Schulkinder<\/a><\/li>\n<\/ol>\n\n\n\n<h3 class=\"wp-block-heading\">E Zusammenarbeit<\/h3>\n\n\n\n<ol class=\"wp-block-list\">\n<li><a href=\"https:\/\/lebenshilfe-guestrow.com\/wp-content\/uploads\/2024\/01\/Joe-E1-Rolle-der-Leiterin.pdf\" data-type=\"attachment\" data-id=\"1332\" target=\"_blank\" rel=\"noreferrer noopener\">Die Rolle der Leiterin<\/a><\/li>\n\n\n\n<li><a href=\"https:\/\/lebenshilfe-guestrow.com\/wp-content\/uploads\/2024\/01\/Joe-E2-Zusammenarbeit-im-Team.pdf\" data-type=\"attachment\" data-id=\"1333\" target=\"_blank\" rel=\"noreferrer noopener\">Zusammenarbeit im Team<\/a><\/li>\n\n\n\n<li><a href=\"https:\/\/lebenshilfe-guestrow.com\/wp-content\/uploads\/2024\/01\/Joe-E3-Besprechungen.pdf\" data-type=\"attachment\" data-id=\"1334\" target=\"_blank\" rel=\"noreferrer noopener\">Besprechung<\/a><\/li>\n\n\n\n<li><a href=\"https:\/\/lebenshilfe-guestrow.com\/wp-content\/uploads\/2024\/01\/Joe-E4-Zusammenarbeit-mit-Praktikanten.pdf\" data-type=\"attachment\" data-id=\"1335\" target=\"_blank\" rel=\"noreferrer noopener\">Zusammenarbeit mit Praktikantinnen\/en<\/a><\/li>\n\n\n\n<li><a href=\"https:\/\/lebenshilfe-guestrow.com\/wp-content\/uploads\/2024\/01\/Joe-E5-Zusammenarbeit-mit-dem-Traeger.pdf\" data-type=\"attachment\" data-id=\"1336\" target=\"_blank\" rel=\"noreferrer noopener\">Zusammenarbeit mit dem Tr\u00e4gern<\/a><\/li>\n<\/ol>\n\n\n\n<h3 class=\"wp-block-heading\">F Zusammenarbeit mit Eltern<\/h3>\n\n\n\n<ol class=\"wp-block-list\">\n<li><a href=\"https:\/\/lebenshilfe-guestrow.com\/wp-content\/uploads\/2024\/01\/Joe-F1-Der-Uebergang-von-der-Familie-in-die-Kita.pdf\" data-type=\"attachment\" data-id=\"1337\" target=\"_blank\" rel=\"noreferrer noopener\">Der \u00dcbergang von der Familie in die Kita &#8211; die Eingew\u00f6hnung<\/a><\/li>\n\n\n\n<li><a href=\"https:\/\/lebenshilfe-guestrow.com\/wp-content\/uploads\/2024\/01\/Joe-F2-Zusammenarbeit-mit-den-Eltern.pdf\" data-type=\"attachment\" data-id=\"1338\" target=\"_blank\" rel=\"noreferrer noopener\">Erziehungspartnerschaft zwischen Erziehern und Eltern<\/a><\/li>\n<\/ol>\n\n\n\n<h3 class=\"wp-block-heading\">G Kontakte der Kindertageseinrichtung<\/h3>\n\n\n\n<ol class=\"wp-block-list\">\n<li><a href=\"https:\/\/lebenshilfe-guestrow.com\/wp-content\/uploads\/2024\/01\/Joe-G1-Zusammenarbeit-mit-Schulen.pdf\" data-type=\"attachment\" data-id=\"1339\" target=\"_blank\" rel=\"noreferrer noopener\">Zusammenarbeit mit anderen Kitas und mit Schulen<\/a><\/li>\n\n\n\n<li><a href=\"https:\/\/lebenshilfe-guestrow.com\/wp-content\/uploads\/2024\/01\/Joe-G2-Kontakte-zu-anderen-Institutionen.pdf\" data-type=\"attachment\" data-id=\"1340\" target=\"_blank\" rel=\"noreferrer noopener\">Kontakte zu anderen Institutionen und Betrieben<\/a><\/li>\n\n\n\n<li><a href=\"https:\/\/lebenshilfe-guestrow.com\/wp-content\/uploads\/2024\/01\/Joe-G3-Oeffentlichkeitsarbeit.pdf\" data-type=\"attachment\" data-id=\"1341\" target=\"_blank\" rel=\"noreferrer noopener\">\u00d6ffentlichkeitsarbeit \/ Darstellung der Kindertagesst\u00e4tte nach au\u00dfen<\/a><\/li>\n<\/ol>\n\n\n\n<h3 class=\"wp-block-heading\">H Qualit\u00e4tsentwicklung<\/h3>\n\n\n\n<ol class=\"wp-block-list\">\n<li><a href=\"https:\/\/lebenshilfe-guestrow.com\/wp-content\/uploads\/2024\/01\/Joe-H1-Qualitaetskriterien-und-Qualitaetsinstrumente.pdf\" data-type=\"attachment\" data-id=\"1342\" target=\"_blank\" rel=\"noreferrer noopener\">Qualit\u00e4tskriterien und Qualit\u00e4tsinstrumente<\/a><\/li>\n\n\n\n<li><a href=\"https:\/\/lebenshilfe-guestrow.com\/wp-content\/uploads\/2024\/01\/Joe-H2-Qualitaet-gewaehrleisten.pdf\" data-type=\"attachment\" data-id=\"1343\" target=\"_blank\" rel=\"noreferrer noopener\">Qualit\u00e4t gew\u00e4hrleisten: Gestaltung der Prozesse<\/a><\/li>\n<\/ol>\n\n\n\n<p><a href=\"https:\/\/lebenshilfe-guestrow.com\/wp-content\/uploads\/2024\/01\/Joe-Hortordnung.pdf\" data-type=\"attachment\" data-id=\"1344\" target=\"_blank\" rel=\"noreferrer noopener\">Hortordnung<\/a><\/p>\n\n\n\n<p><a href=\"https:\/\/lebenshilfe-guestrow.com\/wp-content\/uploads\/2024\/01\/Joe-Schnatterstuebchen-ABC.pdf\" data-type=\"attachment\" data-id=\"1346\" target=\"_blank\" rel=\"noreferrer noopener\">Schnatterst\u00fcbchen ABC<\/a><\/p>\n\n\n\n<hr class=\"wp-block-separator has-alpha-channel-opacity\"\/>\n<\/div>\n\n\n\n<div class=\"wp-block-column is-layout-flow wp-block-column-is-layout-flow\" style=\"flex-basis:16%\">\n<h2 class=\"wp-block-heading\">Kontakt<\/h2>\n\n\n\n<figure class=\"wp-block-table is-style-stripes has-small-font-size\"><table class=\"has-text-color has-link-color\" style=\"color:#0b67b7\"><tbody><tr><td><strong>Integrative Kita &#8222;Schnatterst\u00fcbchen&#8220;<\/strong><br>Neue Stra\u00dfe 3<br>17168 J\u00f6rdenstorf<br>Tel: 039977 \/ 30 273<br>Fax: 039977 \/ 39 863<\/td><\/tr><tr><td><strong>Ansprechpartner<\/strong><br>Frau Overbeck<br><a href=\"mailto:leitung-joerdenstorf@lebenshilfe-guestrow.de\" target=\"_blank\" rel=\"noreferrer noopener\">leitung-joerdenstorf@lebenshilfe-guestrow.de<\/a><br><strong>Beratung<\/strong><br>Mo-Fr 09:00 &#8211; 16:00 Uhr<\/td><\/tr><\/tbody><\/table><\/figure>\n\n\n\n<h2 class=\"wp-block-heading\">Service<\/h2>\n\n\n\n<p class=\"has-small-font-size\"><a href=\"https:\/\/Lebenshilfe-Gues-ukcpok3l9w.live-website.com\/wp-content\/uploads\/2023\/12\/Betreuungsvertrag-Kita.pdf\" target=\"_blank\" rel=\"noreferrer noopener\">Betreuungsvertrag Kita<\/a><\/p>\n\n\n\n<p class=\"has-small-font-size\"><a href=\"https:\/\/Lebenshilfe-Gues-ukcpok3l9w.live-website.com\/wp-content\/uploads\/2023\/12\/Voranmeldung-auf-einen-Betreuungsplatz.pdf\">Voranmeldung auf einen Betreuungsplatz<\/a><\/p>\n\n\n\n<p class=\"has-small-font-size\"><a href=\"https:\/\/www.landkreis-rostock.de\/de\/zustaendigkeit-jugendamt-ohne-wohnort\/leistung\/267\/bedarfspruefung_erteilung_einer_berechtigung_fuer_die_betreuung_in_einer_kindertagespflege.html\" target=\"_blank\" rel=\"noreferrer noopener\">Info LK Rostock Kita<\/a><\/p>\n\n\n\n<p class=\"has-small-font-size\"><a href=\"https:\/\/www.landkreis-rostock.de\/de\/zustaendigkeit-jugendamt-ohne-wohnort\/leistung\/268\/bedarfspruefung_erteilung_einer_berechtigung_fuer_die_betreuung_in_einem_hort.html\" target=\"_blank\" rel=\"noreferrer noopener\">Info LK Rostock Hort<\/a><\/p>\n\n\n\n<p class=\"has-small-font-size\"><a href=\"https:\/\/www.landkreis-rostock.de\/de\/zustaendigkeit-sozialamt\/leistung\/515\/wohnort\/11\/zustaendigestellen\/82\/leistungen_zur_sozialen_teilhabe.html\" target=\"_blank\" rel=\"noreferrer noopener\">Eingliederungshilfe<\/a><\/p>\n\n\n\n<hr class=\"wp-block-separator has-text-color has-alpha-channel-opacity has-background is-style-wide\" style=\"background-color:#0b67b7;color:#0b67b7\"\/>\n\n\n\n<h2 class=\"wp-block-heading\">Aktuelles<\/h2>\n\n\n<div class=\"wp-block-categories-dropdown wp-block-categories has-small-font-size\"><label class=\"wp-block-categories__label\" for=\"wp-block-categories-1\">Kategorien<\/label><select  name='category_name' id='wp-block-categories-1' class='postform'>\n\t<option value='-1'>Kategorie ausw\u00e4hlen<\/option>\n\t<option class=\"level-0\" value=\"allgemein-lebenshilfe-guestrow\">Allgemein Lebenshilfe G\u00fcstrow e.V.<\/option>\n\t<option class=\"level-0\" value=\"familienentlastender-dienst\">familienentlastender Dienst<\/option>\n\t<option class=\"level-0\" value=\"ilb\">iLb<\/option>\n\t<option class=\"level-0\" value=\"kita\">Kita<\/option>\n\t<option class=\"level-0\" value=\"kita-die-landmaeuse\">Kita &#8222;Die Landm\u00e4use&#8220;<\/option>\n\t<option class=\"level-0\" value=\"kita-medicus\">Kita &#8222;Medicus&#8220;<\/option>\n\t<option class=\"level-0\" value=\"kita-ostwind\">Kita &#8222;Ostwind&#8220;<\/option>\n\t<option class=\"level-0\" value=\"kita-schnatterstuebchen\">Kita &#8222;Schnatterst\u00fcbchen&#8220;<\/option>\n\t<option class=\"level-0\" value=\"kita-sonnenkinder\">Kita &#8222;Sonnenkinder&#8220;<\/option>\n\t<option class=\"level-0\" value=\"wohnstaetten\">Wohnst\u00e4tten<\/option>\n<\/select><script>\n( ( [ dropdownId, homeUrl ] ) => {\n\t\tconst dropdown = document.getElementById( dropdownId );\n\t\tfunction onSelectChange() {\n\t\t\tsetTimeout( () => {\n\t\t\t\tif ( 'escape' === dropdown.dataset.lastkey ) {\n\t\t\t\t\treturn;\n\t\t\t\t}\n\t\t\t\tif ( dropdown.value && dropdown instanceof HTMLSelectElement ) {\n\t\t\t\t\tconst url = new URL( homeUrl );\n\t\t\t\t\turl.searchParams.set( dropdown.name, dropdown.value );\n\t\t\t\t\tlocation.href = url.href;\n\t\t\t\t}\n\t\t\t}, 250 );\n\t\t}\n\t\tfunction onKeyUp( event ) {\n\t\t\tif ( 'Escape' === event.key ) {\n\t\t\t\tdropdown.dataset.lastkey = 'escape';\n\t\t\t} else {\n\t\t\t\tdelete dropdown.dataset.lastkey;\n\t\t\t}\n\t\t}\n\t\tfunction onClick() {\n\t\t\tdelete dropdown.dataset.lastkey;\n\t\t}\n\t\tdropdown.addEventListener( 'keyup', onKeyUp );\n\t\tdropdown.addEventListener( 'click', onClick );\n\t\tdropdown.addEventListener( 'change', onSelectChange );\n\t} )( [\"wp-block-categories-1\",\"https:\/\/lebenshilfe-guestrow.com\"] );\n\/\/# sourceURL=build_dropdown_script_block_core_categories\n<\/script>\n\n<\/div>\n\n\n<hr class=\"wp-block-separator has-text-color has-alpha-channel-opacity has-background is-style-wide\" style=\"background-color:#0b67b7;color:#0b67b7\"\/>\n<\/div>\n<\/div>\n","protected":false},"excerpt":{"rendered":"<p>Integrative Kindertagesst\u00e4tte &#8211; Kita &#8222;Schnatterst\u00fcbchen&#8220; in J\u00f6rdenstorf Miteinander Leben, voneinander Lernen, aneinander Wachsen. Jedes Kind hat in unserer integrativen Kita die M\u00f6glichkeit, seine Pers\u00f6nlichkeit zu entfalten und seinen Platz in der Gemeinschaft zu finden. Kapazit\u00e4t Wir begegnen allen Kindern mit Achtung, Akzeptanz und Toleranz und vermitteln ihnen ein positives Selbstwertgef\u00fchl. Hier darf jedes Kind so [&hellip;]<\/p>\n","protected":false},"author":1,"featured_media":0,"parent":664,"menu_order":0,"comment_status":"closed","ping_status":"closed","template":"","meta":{"ocean_post_layout":"full-screen","ocean_both_sidebars_style":"","ocean_both_sidebars_content_width":0,"ocean_both_sidebars_sidebars_width":0,"ocean_sidebar":"ocs-kita-joerdenstorf","ocean_second_sidebar":"","ocean_disable_margins":"enable","ocean_add_body_class":"","ocean_shortcode_before_top_bar":"","ocean_shortcode_after_top_bar":"","ocean_shortcode_before_header":"","ocean_shortcode_after_header":"","ocean_has_shortcode":"","ocean_shortcode_after_title":"","ocean_shortcode_before_footer_widgets":"","ocean_shortcode_after_footer_widgets":"","ocean_shortcode_before_footer_bottom":"","ocean_shortcode_after_footer_bottom":"","ocean_display_top_bar":"default","ocean_display_header":"default","ocean_header_style":"","ocean_center_header_left_menu":"","ocean_custom_header_template":"","ocean_custom_logo":0,"ocean_custom_retina_logo":0,"ocean_custom_logo_max_width":0,"ocean_custom_logo_tablet_max_width":0,"ocean_custom_logo_mobile_max_width":0,"ocean_custom_logo_max_height":0,"ocean_custom_logo_tablet_max_height":0,"ocean_custom_logo_mobile_max_height":0,"ocean_header_custom_menu":"","ocean_menu_typo_font_family":"","ocean_menu_typo_font_subset":"","ocean_menu_typo_font_size":0,"ocean_menu_typo_font_size_tablet":0,"ocean_menu_typo_font_size_mobile":0,"ocean_menu_typo_font_size_unit":"px","ocean_menu_typo_font_weight":"","ocean_menu_typo_font_weight_tablet":"","ocean_menu_typo_font_weight_mobile":"","ocean_menu_typo_transform":"","ocean_menu_typo_transform_tablet":"","ocean_menu_typo_transform_mobile":"","ocean_menu_typo_line_height":0,"ocean_menu_typo_line_height_tablet":0,"ocean_menu_typo_line_height_mobile":0,"ocean_menu_typo_line_height_unit":"","ocean_menu_typo_spacing":0,"ocean_menu_typo_spacing_tablet":0,"ocean_menu_typo_spacing_mobile":0,"ocean_menu_typo_spacing_unit":"","ocean_menu_link_color":"","ocean_menu_link_color_hover":"","ocean_menu_link_color_active":"","ocean_menu_link_background":"","ocean_menu_link_hover_background":"","ocean_menu_link_active_background":"","ocean_menu_social_links_bg":"","ocean_menu_social_hover_links_bg":"","ocean_menu_social_links_color":"","ocean_menu_social_hover_links_color":"","ocean_disable_title":"default","ocean_disable_heading":"default","ocean_post_title":"","ocean_post_subheading":"","ocean_post_title_style":"","ocean_post_title_background_color":"","ocean_post_title_background":0,"ocean_post_title_bg_image_position":"","ocean_post_title_bg_image_attachment":"","ocean_post_title_bg_image_repeat":"","ocean_post_title_bg_image_size":"","ocean_post_title_height":0,"ocean_post_title_bg_overlay":0.5,"ocean_post_title_bg_overlay_color":"","ocean_disable_breadcrumbs":"default","ocean_breadcrumbs_color":"","ocean_breadcrumbs_separator_color":"","ocean_breadcrumbs_links_color":"","ocean_breadcrumbs_links_hover_color":"","ocean_display_footer_widgets":"default","ocean_display_footer_bottom":"default","ocean_custom_footer_template":"","footnotes":""},"class_list":["post-152","page","type-page","status-publish","hentry","entry"],"_links":{"self":[{"href":"https:\/\/lebenshilfe-guestrow.com\/index.php?rest_route=\/wp\/v2\/pages\/152","targetHints":{"allow":["GET"]}}],"collection":[{"href":"https:\/\/lebenshilfe-guestrow.com\/index.php?rest_route=\/wp\/v2\/pages"}],"about":[{"href":"https:\/\/lebenshilfe-guestrow.com\/index.php?rest_route=\/wp\/v2\/types\/page"}],"author":[{"embeddable":true,"href":"https:\/\/lebenshilfe-guestrow.com\/index.php?rest_route=\/wp\/v2\/users\/1"}],"replies":[{"embeddable":true,"href":"https:\/\/lebenshilfe-guestrow.com\/index.php?rest_route=%2Fwp%2Fv2%2Fcomments&post=152"}],"version-history":[{"count":64,"href":"https:\/\/lebenshilfe-guestrow.com\/index.php?rest_route=\/wp\/v2\/pages\/152\/revisions"}],"predecessor-version":[{"id":2298,"href":"https:\/\/lebenshilfe-guestrow.com\/index.php?rest_route=\/wp\/v2\/pages\/152\/revisions\/2298"}],"up":[{"embeddable":true,"href":"https:\/\/lebenshilfe-guestrow.com\/index.php?rest_route=\/wp\/v2\/pages\/664"}],"wp:attachment":[{"href":"https:\/\/lebenshilfe-guestrow.com\/index.php?rest_route=%2Fwp%2Fv2%2Fmedia&parent=152"}],"curies":[{"name":"wp","href":"https:\/\/api.w.org\/{rel}","templated":true}]}}