{"id":169,"date":"2023-10-17T13:19:34","date_gmt":"2023-10-17T11:19:34","guid":{"rendered":"https:\/\/Lebenshilfe-Gues-ukcpok3l9w.live-website.com\/?page_id=169"},"modified":"2026-03-04T14:18:53","modified_gmt":"2026-03-04T13:18:53","slug":"kita-medicus","status":"publish","type":"page","link":"https:\/\/lebenshilfe-guestrow.com\/?page_id=169","title":{"rendered":"Kita &#8222;Medicus&#8220;"},"content":{"rendered":"\n<hr class=\"wp-block-separator has-text-color has-white-color has-alpha-channel-opacity has-white-background-color has-background\"\/>\n\n\n\n<div class=\"wp-block-cover is-light has-custom-content-position is-position-top-center\" style=\"min-height:300px;aspect-ratio:unset;\"><img loading=\"lazy\" decoding=\"async\" width=\"1200\" height=\"800\" class=\"wp-block-cover__image-background wp-image-608\" alt=\"\" src=\"https:\/\/Lebenshilfe-Gues-ukcpok3l9w.live-website.com\/wp-content\/uploads\/2023\/11\/Kinder-3.jpg\" style=\"object-position:54% 42%\" data-object-fit=\"cover\" data-object-position=\"54% 42%\" srcset=\"https:\/\/lebenshilfe-guestrow.com\/wp-content\/uploads\/2023\/11\/Kinder-3.jpg 1200w, https:\/\/lebenshilfe-guestrow.com\/wp-content\/uploads\/2023\/11\/Kinder-3-300x200.jpg 300w, https:\/\/lebenshilfe-guestrow.com\/wp-content\/uploads\/2023\/11\/Kinder-3-1024x683.jpg 1024w, https:\/\/lebenshilfe-guestrow.com\/wp-content\/uploads\/2023\/11\/Kinder-3-768x512.jpg 768w\" sizes=\"auto, (max-width: 1200px) 100vw, 1200px\" \/><span aria-hidden=\"true\" class=\"wp-block-cover__background has-background-dim-0 has-background-dim\"><\/span><div class=\"wp-block-cover__inner-container is-layout-constrained wp-block-cover-is-layout-constrained\">\n<p class=\"has-text-align-center has-large-font-size\"><\/p>\n<\/div><\/div>\n\n\n\n<hr class=\"wp-block-separator has-alpha-channel-opacity\"\/>\n\n\n\n<div class=\"wp-block-columns is-layout-flex wp-container-core-columns-is-layout-9d6595d7 wp-block-columns-is-layout-flex\">\n<div class=\"wp-block-column is-layout-flow wp-block-column-is-layout-flow\" style=\"flex-basis:11%\"><\/div>\n\n\n\n<div class=\"wp-block-column is-layout-flow wp-block-column-is-layout-flow\" style=\"flex-basis:59%\">\n<h1 class=\"wp-block-heading has-text-align-center\">Integrative Kindertagesst\u00e4tte &#8222;Medicus&#8220; in G\u00fcstrow<\/h1>\n\n\n\n<p class=\"has-text-align-center has-medium-font-size\" style=\"font-style:italic;font-weight:400\">Gemeinsam die Welt erkunden, gemeinsam Unterschiede entdecken.<\/p>\n\n\n\n<p>Die integrative Kindertagesst\u00e4tte &#8222;Medicus&#8220; betreut Kinder im Alter zwischen 1 und 6 Jahren mit unterschiedlichem F\u00f6rderbedarf gemeinsam in altersgemischten Gruppen.<\/p>\n\n\n\n<div class=\"wp-block-buttons is-content-justification-center is-layout-flex wp-container-core-buttons-is-layout-16018d1d wp-block-buttons-is-layout-flex\">\n<div class=\"wp-block-button is-style-outline is-style-outline--2\"><a class=\"wp-block-button__link has-black-color has-luminous-vivid-orange-background-color has-text-color has-background has-link-color has-medium-font-size has-custom-font-size wp-element-button\"><strong>Wir haben noch freie Kapazit\u00e4ten<\/strong>!<\/a><\/div>\n<\/div>\n\n\n\n<p class=\"has-text-align-center has-vivid-red-color has-text-color has-link-color has-medium-font-size wp-elements-99c4dc2711033eca3da9692bc773df3f\"><a href=\"https:\/\/lebenshilfe-guestrow.com\/wp-content\/uploads\/2026\/03\/Flyer-Plaetze-frei.pdf\" data-type=\"attachment\" data-id=\"2393\" target=\"_blank\" rel=\"noreferrer noopener\"><strong>Hier mehr erfahren<\/strong><\/a><\/p>\n\n\n\n<hr class=\"wp-block-separator has-alpha-channel-opacity\"\/>\n\n\n\n<h2 class=\"wp-block-heading\">Kapazit\u00e4t<\/h2>\n\n\n\n<ul class=\"wp-block-list\">\n<li>6 Krippenpl\u00e4tze<\/li>\n\n\n\n<li>24 Kindergartenpl\u00e4tze<\/li>\n<\/ul>\n\n\n\n<p>Wir sichern ein Miteinander auf Augenh\u00f6he, die Anerkennung von Vielfalt und Heterogenit\u00e4t unter der Beachtung der individuellen Ausgangslagen der Kinder.<\/p>\n\n\n\n<h2 class=\"wp-block-heading\">Sommerschlie\u00dfzeit<\/h2>\n\n\n\n<p>In den Sommerferien hat unsere Kita in der <strong>4. und 5. Ferienwoche der Sommerferien<\/strong> in Mecklenburg-Vorpommern Betriebsferien. Sollten Sie in dieser Zeit keinen Urlaub nehmen k\u00f6nnen oder keine anderweitige Betreuung f\u00fcr Ihr Kind haben, so bitten wir um Abgabe der ausgef\u00fcllten Formulare, um eine bedarfsgerechte Betreuung abzusichern.<\/p>\n\n\n\n<p><a href=\"https:\/\/lebenshilfe-guestrow.com\/wp-content\/uploads\/2025\/09\/Formular-Sommerschliesszeit.pdf\" data-type=\"attachment\" data-id=\"2284\" target=\"_blank\" rel=\"noreferrer noopener\">Formular Sommerschlie\u00dfzeit zur Bescheinigung durch Sorgeberechtigte und Arbeitgeber<\/a><\/p>\n\n\n\n<h2 class=\"wp-block-heading\">Konzeption<\/h2>\n\n\n\n<p><a href=\"https:\/\/lebenshilfe-guestrow.com\/wp-content\/uploads\/2025\/02\/0-KitaM-Der-Traeger.pdf\" data-type=\"attachment\" data-id=\"2018\" target=\"_blank\" rel=\"noreferrer noopener\">0 Der Tr\u00e4ger der Kindertageseinrichtung<\/a><\/p>\n\n\n\n<p class=\"has-text-color has-link-color wp-elements-339e0b8cdbb392d93a9bf311cf679894\" style=\"color:#0b67b7\"><strong>A Die Kindertagesst\u00e4tte stellt sich vor<\/strong><\/p>\n\n\n\n<p>1.  <a href=\"https:\/\/lebenshilfe-guestrow.com\/wp-content\/uploads\/2025\/02\/A-1-KitaM-Das-Profil-der-Kita.pdf\" data-type=\"attachment\" data-id=\"2019\" target=\"_blank\" rel=\"noreferrer noopener\">Das Profil der Kindertageseinrichtung<\/a><\/p>\n\n\n\n<p>2. <a href=\"https:\/\/lebenshilfe-guestrow.com\/wp-content\/uploads\/2025\/02\/A-2-KitaM-Die-Struktur-der-Kita.pdf\" data-type=\"attachment\" data-id=\"2020\" target=\"_blank\" rel=\"noreferrer noopener\">Die Struktur der Kindertageseinrichtung<\/a><\/p>\n\n\n\n<p class=\"has-text-color has-link-color wp-elements-2f7bfbee26569f42900eda93785b9dd3\" style=\"color:#0b67b7\"><strong>B Grundlagen p\u00e4dagogischer Arbeit und ihre Ziele<\/strong><\/p>\n\n\n\n<p>1.  <a href=\"https:\/\/lebenshilfe-guestrow.com\/wp-content\/uploads\/2025\/02\/B-1-KitaM-Bildungsauftrag.pdf\" data-type=\"attachment\" data-id=\"2021\" target=\"_blank\" rel=\"noreferrer noopener\">Der Bildungsauftrag<\/a><\/p>\n\n\n\n<p>2. <a href=\"https:\/\/lebenshilfe-guestrow.com\/wp-content\/uploads\/2025\/02\/B-2-KitaM-Das-Bild-vom-Kind.pdf\" data-type=\"attachment\" data-id=\"2022\" target=\"_blank\" rel=\"noreferrer noopener\">Das Bild vom Kind<\/a><\/p>\n\n\n\n<p>3. <a href=\"https:\/\/lebenshilfe-guestrow.com\/wp-content\/uploads\/2025\/02\/B-3-KitaM-Beteiligung-von-Kindern.pdf\" data-type=\"attachment\" data-id=\"2023\" target=\"_blank\" rel=\"noreferrer noopener\">Beteiligung von Kindern<\/a><\/p>\n\n\n\n<p>4. <a href=\"https:\/\/lebenshilfe-guestrow.com\/wp-content\/uploads\/2025\/02\/B-4-KitaM-Rechte-von-Kindern.pdf\" data-type=\"attachment\" data-id=\"2024\" target=\"_blank\" rel=\"noreferrer noopener\">Rechte von Kindern<\/a><\/p>\n\n\n\n<p>5. <a href=\"https:\/\/lebenshilfe-guestrow.com\/wp-content\/uploads\/2025\/02\/B-5-KitaM-Rolle-der-Erzieherin.pdf\" data-type=\"attachment\" data-id=\"2025\" target=\"_blank\" rel=\"noreferrer noopener\">Die Rolle Erzieherin<\/a><\/p>\n\n\n\n<p>6. <a href=\"https:\/\/lebenshilfe-guestrow.com\/wp-content\/uploads\/2025\/02\/B-6-KitaM-Ziele-paedagogische-Arbeit.pdf\" data-type=\"attachment\" data-id=\"2026\" target=\"_blank\" rel=\"noreferrer noopener\">Die Ziele der p\u00e4dagogischen Arbeit<\/a><\/p>\n\n\n\n<p class=\"has-text-color has-link-color wp-elements-f9daa13c3816ec87faa3246e228a8522\" style=\"color:#0b67b7\"><strong>C Bildung und Erziehung<\/strong><\/p>\n\n\n\n<p>1. <a href=\"https:\/\/lebenshilfe-guestrow.com\/wp-content\/uploads\/2025\/02\/C-1-KitaM-Bildungsbereiche.pdf\" data-type=\"attachment\" data-id=\"2027\" target=\"_blank\" rel=\"noreferrer noopener\">Die Bildungsbereiche<\/a><\/p>\n\n\n\n<p>1.1 <a href=\"https:\/\/lebenshilfe-guestrow.com\/wp-content\/uploads\/2025\/02\/C-1.1-KitaM-Elemtare-Grunderfahrung.pdf\" data-type=\"attachment\" data-id=\"2028\" target=\"_blank\" rel=\"noreferrer noopener\">Elemtare Grunderfahrung<\/a><\/p>\n\n\n\n<p>1.2 <a href=\"https:\/\/lebenshilfe-guestrow.com\/wp-content\/uploads\/2025\/02\/C-1.2-KitaM-Kompetenzen.pdf\" data-type=\"attachment\" data-id=\"2029\" target=\"_blank\" rel=\"noreferrer noopener\">Kompetenzen<\/a><\/p>\n\n\n\n<p>1.3 <a href=\"https:\/\/lebenshilfe-guestrow.com\/wp-content\/uploads\/2025\/02\/C-1.3-KitaM-Kulturelle-Bildung.pdf\" data-type=\"attachment\" data-id=\"2030\" target=\"_blank\" rel=\"noreferrer noopener\">Kulturelle Bildung<\/a><\/p>\n\n\n\n<p>1.4 <a href=\"https:\/\/lebenshilfe-guestrow.com\/wp-content\/uploads\/2025\/02\/C-1.4-KitaM-Bewegung-Medienkompetenz.pdf\" data-type=\"attachment\" data-id=\"2031\" target=\"_blank\" rel=\"noreferrer noopener\">Bewegungs- &amp; Medienkompetenz<\/a><\/p>\n\n\n\n<p>1.5 <a href=\"https:\/\/lebenshilfe-guestrow.com\/wp-content\/uploads\/2025\/02\/C-1.4-KitaM-Werteerziehung-Umwelt.pdf\" data-type=\"attachment\" data-id=\"2032\" target=\"_blank\" rel=\"noreferrer noopener\">Umweltbildung<\/a><\/p>\n\n\n\n<p>2. <a href=\"https:\/\/lebenshilfe-guestrow.com\/wp-content\/uploads\/2025\/02\/C-2-KitaM-Stellenwert-des-Spielens.pdf\" data-type=\"attachment\" data-id=\"2033\" target=\"_blank\" rel=\"noreferrer noopener\">Stellenwert des Spielens<\/a><\/p>\n\n\n\n<p>3. <a href=\"https:\/\/lebenshilfe-guestrow.com\/wp-content\/uploads\/2025\/02\/C-3-KitaM-Beobachten-Dokumentieren.pdf\" data-type=\"attachment\" data-id=\"2034\" target=\"_blank\" rel=\"noreferrer noopener\">Beobachten und Dokumentieren<\/a><\/p>\n\n\n\n<p>4. <a href=\"https:\/\/lebenshilfe-guestrow.com\/wp-content\/uploads\/2025\/02\/C-4-KitaM-Planen.pdf\" data-type=\"attachment\" data-id=\"2035\" target=\"_blank\" rel=\"noreferrer noopener\">Planen<\/a><\/p>\n\n\n\n<p>5. <a href=\"https:\/\/lebenshilfe-guestrow.com\/wp-content\/uploads\/2025\/02\/C-5-KitaM-Oeffnen-innerhalb-der-Kita.pdf\" data-type=\"attachment\" data-id=\"2036\" target=\"_blank\" rel=\"noreferrer noopener\">\u00d6ffnen innerhalb der Kita<\/a><\/p>\n\n\n\n<p>6. <a href=\"https:\/\/lebenshilfe-guestrow.com\/wp-content\/uploads\/2025\/02\/C-6-KitaM-Maedchen-Jungen.pdf\" data-type=\"attachment\" data-id=\"2037\" target=\"_blank\" rel=\"noreferrer noopener\">M\u00e4dchen und Jungen<\/a><\/p>\n\n\n\n<p>7. <a href=\"https:\/\/lebenshilfe-guestrow.com\/wp-content\/uploads\/2025\/02\/C-7-KitaM-Inklusion-Vielfalt.pdf\" data-type=\"attachment\" data-id=\"1998\" target=\"_blank\" rel=\"noreferrer noopener\">Inklusion und Vielfalt<\/a><\/p>\n\n\n\n<p>8. <a href=\"https:\/\/lebenshilfe-guestrow.com\/wp-content\/uploads\/2025\/02\/C-8-KitaM-Sexualitaet-von-Kindern.pdf\" data-type=\"attachment\" data-id=\"1999\" target=\"_blank\" rel=\"noreferrer noopener\">Sexualit\u00e4t von Kindern<\/a><\/p>\n\n\n\n<p>9. <a href=\"https:\/\/lebenshilfe-guestrow.com\/wp-content\/uploads\/2025\/02\/C-9-KitaM-Gestaltung-der-Raeume.pdf\" data-type=\"attachment\" data-id=\"2000\" target=\"_blank\" rel=\"noreferrer noopener\">Gestaltung der R\u00e4ume<\/a><\/p>\n\n\n\n<p>10. <a href=\"https:\/\/lebenshilfe-guestrow.com\/wp-content\/uploads\/2025\/02\/C-10-KitaM-Tagesablauf.pdf\" data-type=\"attachment\" data-id=\"2001\" target=\"_blank\" rel=\"noreferrer noopener\">Tagesablauf<\/a><\/p>\n\n\n\n<p>11. <a href=\"https:\/\/lebenshilfe-guestrow.com\/wp-content\/uploads\/2025\/02\/C-11-KitaM-Regeln-in-der-Kita.pdf\" data-type=\"attachment\" data-id=\"2002\" target=\"_blank\" rel=\"noreferrer noopener\">Regeln in der Kita<\/a><\/p>\n\n\n\n<p class=\"has-text-color has-link-color wp-elements-2533667ddbe5a17970f726e8576d2a89\" style=\"color:#0b67b7\"><strong>D \u00dcberg\u00e4nge und Gesichtspunkte zu einzelnen Entwicklungsstufen<\/strong><\/p>\n\n\n\n<p>1. <a href=\"https:\/\/lebenshilfe-guestrow.com\/wp-content\/uploads\/2025\/02\/D-1-KitaM-Kinder-unter-3-Jahren.pdf\" data-type=\"attachment\" data-id=\"2003\" target=\"_blank\" rel=\"noreferrer noopener\">Kinder unter 3 Jahren<\/a><\/p>\n\n\n\n<p>2. <a href=\"https:\/\/lebenshilfe-guestrow.com\/wp-content\/uploads\/2025\/02\/D-2-KitaM-Kinder-die-in-die-Schule-kommen.pdf\" data-type=\"attachment\" data-id=\"2004\" target=\"_blank\" rel=\"noreferrer noopener\">Kinder, die zur Schule kommen<\/a><\/p>\n\n\n\n<p class=\"has-text-color has-link-color wp-elements-5b9dbe7993cfbefa0b5f6e5048c5045c\" style=\"color:#0b67b7\"><strong>E Zusammenarbeit<\/strong><\/p>\n\n\n\n<p>1. <a href=\"https:\/\/lebenshilfe-guestrow.com\/wp-content\/uploads\/2025\/02\/E-1-KitaM-Rolle-der-Leiterin.pdf\" data-type=\"attachment\" data-id=\"2005\" target=\"_blank\" rel=\"noreferrer noopener\">Die Rolle der Leiterin<\/a><\/p>\n\n\n\n<p>2. <a href=\"https:\/\/lebenshilfe-guestrow.com\/wp-content\/uploads\/2025\/02\/E-2-KitaM-Zusammenarbeit-im-Team.pdf\" data-type=\"attachment\" data-id=\"2006\" target=\"_blank\" rel=\"noreferrer noopener\">Zusammenarbeit im Team<\/a><\/p>\n\n\n\n<p>3. <a href=\"https:\/\/lebenshilfe-guestrow.com\/wp-content\/uploads\/2025\/02\/E-3-KitaM-Besprechungen.pdf\" data-type=\"attachment\" data-id=\"2007\" target=\"_blank\" rel=\"noreferrer noopener\">Besprechungen<\/a><\/p>\n\n\n\n<p>4. <a href=\"https:\/\/lebenshilfe-guestrow.com\/wp-content\/uploads\/2025\/02\/E-4-KitaM-Zusammenarbeit-mit-Praktikanten.pdf\" data-type=\"attachment\" data-id=\"2008\" target=\"_blank\" rel=\"noreferrer noopener\">Zusammenarbeit mit Praktikanten<\/a><\/p>\n\n\n\n<p>5. <a href=\"https:\/\/lebenshilfe-guestrow.com\/wp-content\/uploads\/2025\/02\/E-5-KitaM-Zusammenarbeit-mit-dem-Traeger.pdf\" data-type=\"attachment\" data-id=\"2009\" target=\"_blank\" rel=\"noreferrer noopener\">Zusammenarbeit mit Tr\u00e4gern<\/a><\/p>\n\n\n\n<p class=\"has-text-color has-link-color wp-elements-8dc526d5d76482b30e134080d6567701\" style=\"color:#0b67b7\"><strong>F Zusammenarbeit mit Eltern<\/strong><\/p>\n\n\n\n<p>1. <a href=\"https:\/\/lebenshilfe-guestrow.com\/wp-content\/uploads\/2025\/02\/F-1-KitaM-Uebergang-von-der-Familie-in-die-Kita-Eingewoehnung.pdf\" data-type=\"attachment\" data-id=\"2010\" target=\"_blank\" rel=\"noreferrer noopener\">Der \u00dcbergang von der Familie in die Kita- Eingew\u00f6hnung<\/a><\/p>\n\n\n\n<p>2. <a href=\"https:\/\/lebenshilfe-guestrow.com\/wp-content\/uploads\/2025\/02\/F-1.1-KitaM-Entwicklungsgespraeche.pdf\" data-type=\"attachment\" data-id=\"2011\">Entwicklungsgespr\u00e4che<\/a><\/p>\n\n\n\n<p>3. <a href=\"https:\/\/lebenshilfe-guestrow.com\/wp-content\/uploads\/2025\/02\/F-1.2-KitaM-Zusammenarbeit-Therapeuten-Elternvertretung.pdf\" data-type=\"attachment\" data-id=\"2012\" target=\"_blank\" rel=\"noreferrer noopener\">Zusammenarbeit mit Therapeuten und Elternvertretung<\/a><\/p>\n\n\n\n<p class=\"has-text-color has-link-color wp-elements-15bb35af5b89fc9b84d1a3e89eb3295a\" style=\"color:#0b67b7\"><strong>G Kontakte der Kindertageseinrichtung<\/strong><\/p>\n\n\n\n<p>1. <a href=\"https:\/\/lebenshilfe-guestrow.com\/wp-content\/uploads\/2025\/02\/G-1-KitaM-Zusammenarbeit-mit-anderen-Kitas-Schulen.pdf\" data-type=\"attachment\" data-id=\"2013\" target=\"_blank\" rel=\"noreferrer noopener\">Zusammenarbeit mit anderen Kitas und den Schulen<\/a><\/p>\n\n\n\n<p>2. <a href=\"https:\/\/lebenshilfe-guestrow.com\/wp-content\/uploads\/2025\/02\/G-2-KitaM-Kontake-zu-anderen-Institutionen.pdf\" data-type=\"attachment\" data-id=\"2014\" target=\"_blank\" rel=\"noreferrer noopener\">Kontakte zu anderen Institutionen<\/a><\/p>\n\n\n\n<p>3. <a href=\"https:\/\/lebenshilfe-guestrow.com\/wp-content\/uploads\/2025\/02\/G-3-KitaM-Oeffentlichkeitsarbeit.pdf\" data-type=\"attachment\" data-id=\"2015\" target=\"_blank\" rel=\"noreferrer noopener\">\u00d6ffentlichkeitsarbeit<\/a><\/p>\n\n\n\n<p><a href=\"https:\/\/lebenshilfe-guestrow.com\/wp-content\/uploads\/2025\/02\/H-1-Qualitaetskriterien-Instrumente.pdf\" data-type=\"attachment\" data-id=\"2016\" target=\"_blank\" rel=\"noreferrer noopener\">Qualit\u00e4tskriterien und Qualit\u00e4tsinstrumente<\/a><\/p>\n\n\n\n<p><a href=\"https:\/\/lebenshilfe-guestrow.com\/wp-content\/uploads\/2025\/02\/I-1-KitaM-Kinderschutz-Gewaltschutz.pdf\" data-type=\"attachment\" data-id=\"2017\" target=\"_blank\" rel=\"noreferrer noopener\">Kinderschutz und Gewaltschutz<\/a><\/p>\n\n\n\n<hr class=\"wp-block-separator has-alpha-channel-opacity\"\/>\n<\/div>\n\n\n\n<div class=\"wp-block-column is-layout-flow wp-block-column-is-layout-flow\" style=\"flex-basis:16%\">\n<h2 class=\"wp-block-heading\">Kontakt<\/h2>\n\n\n\n<figure class=\"wp-block-table is-style-stripes has-small-font-size\"><table class=\"has-text-color has-link-color has-fixed-layout\" style=\"color:#0b67b7\"><tbody><tr><td><strong>Integrative Kita &#8222;Medicus&#8220;<\/strong><br>Friedrich-Trendelenburg-Allee 1<br>18273 G\u00fcstrow<br>Tel: 03843\/ 34 30 90<\/td><\/tr><tr><td><strong>Ansprechpartner<\/strong><br>Frau Landowski<br>landowski@lebenshilfe-guestrow.de<br><strong>Beratung<\/strong><br>Mo-Fr 08:00-15:00 Uhr<\/td><\/tr><tr><td><strong>\u00d6ffnungszeiten<\/strong><br>Mo-Fr 06:00-17:00 Uhr<\/td><\/tr><\/tbody><\/table><\/figure>\n\n\n\n<h2 class=\"wp-block-heading\"><a href=\"https:\/\/lebenshilfe-guestrow.com\/wp-content\/uploads\/2025\/11\/Stellenausschreibung-Medicus-HEP.pdf\" data-type=\"attachment\" data-id=\"2323\" target=\"_blank\" rel=\"noreferrer noopener\">Stellenausschreibung<\/a><\/h2>\n\n\n\n<h2 class=\"wp-block-heading\">Service<\/h2>\n\n\n\n<p class=\"has-small-font-size\"><a href=\"https:\/\/lebenshilfe-guestrow.com\/wp-content\/uploads\/2023\/12\/Betreuungsvertrag-Kita.pdf\" data-type=\"attachment\" data-id=\"1185\" target=\"_blank\" rel=\"noreferrer noopener\">Betreuungsvertrag Kita<\/a><\/p>\n\n\n\n<p class=\"has-small-font-size\"><a href=\"https:\/\/lebenshilfe-guestrow.com\/wp-content\/uploads\/2023\/12\/Voranmeldung-auf-einen-Betreuungsplatz.pdf\" data-type=\"attachment\" data-id=\"1044\" target=\"_blank\" rel=\"noreferrer noopener\">Voranmeldung auf einen Betreuungsplatz<\/a><\/p>\n\n\n\n<p class=\"has-small-font-size\"><a href=\"https:\/\/www.landkreis-rostock.de\/de\/zustaendigkeit-jugendamt-ohne-wohnort\/leistung\/477\/bedarfspruefung_erteilung_einer_berechtigung_fuer_die_betreuung_in_einer_krippe_kindergarten.html\" target=\"_blank\" rel=\"noreferrer noopener\">Info LK Rostock Kita<\/a><\/p>\n\n\n\n<p class=\"has-small-font-size\"><a href=\"https:\/\/www.landkreis-rostock.de\/de\/zustaendigkeit-sozialamt\/leistung\/515\/wohnort\/11\/zustaendigestellen\/82\/leistungen_zur_sozialen_teilhabe.html\" target=\"_blank\" rel=\"noreferrer noopener\">Eingliederungshilfe<\/a><\/p>\n\n\n\n<hr class=\"wp-block-separator has-text-color has-alpha-channel-opacity has-background is-style-wide\" style=\"background-color:#0b67b7;color:#0b67b7\"\/>\n\n\n\n<h2 class=\"wp-block-heading\">Aktuelles<\/h2>\n\n\n<ul class=\"wp-block-categories-list wp-block-categories\">\t<li class=\"cat-item cat-item-1\"><a href=\"https:\/\/lebenshilfe-guestrow.com\/?cat=1\">Allgemein Lebenshilfe G\u00fcstrow e.V.<\/a>\n<\/li>\n\t<li class=\"cat-item cat-item-30\"><a href=\"https:\/\/lebenshilfe-guestrow.com\/?cat=30\">familienentlastender Dienst<\/a>\n<\/li>\n\t<li class=\"cat-item cat-item-31\"><a href=\"https:\/\/lebenshilfe-guestrow.com\/?cat=31\">iLb<\/a>\n<\/li>\n\t<li class=\"cat-item cat-item-17\"><a href=\"https:\/\/lebenshilfe-guestrow.com\/?cat=17\">Kita<\/a>\n<\/li>\n\t<li class=\"cat-item cat-item-29\"><a href=\"https:\/\/lebenshilfe-guestrow.com\/?cat=29\">Kita &quot;Die Landm\u00e4use&quot;<\/a>\n<\/li>\n\t<li class=\"cat-item cat-item-27\"><a href=\"https:\/\/lebenshilfe-guestrow.com\/?cat=27\">Kita &quot;Medicus&quot;<\/a>\n<\/li>\n\t<li class=\"cat-item cat-item-20\"><a href=\"https:\/\/lebenshilfe-guestrow.com\/?cat=20\">Kita &quot;Ostwind&quot;<\/a>\n<\/li>\n\t<li class=\"cat-item cat-item-19\"><a href=\"https:\/\/lebenshilfe-guestrow.com\/?cat=19\">Kita &quot;Schnatterst\u00fcbchen&quot;<\/a>\n<\/li>\n\t<li class=\"cat-item cat-item-22\"><a href=\"https:\/\/lebenshilfe-guestrow.com\/?cat=22\">Kita &quot;Sonnenkinder&quot;<\/a>\n<\/li>\n\t<li class=\"cat-item cat-item-18\"><a href=\"https:\/\/lebenshilfe-guestrow.com\/?cat=18\">Wohnst\u00e4tten<\/a>\n<\/li>\n<\/ul><\/div>\n<\/div>\n\n\n\n<figure class=\"wp-block-gallery has-nested-images columns-default is-cropped wp-block-gallery-3 is-layout-flex wp-block-gallery-is-layout-flex\">\n<figure class=\"wp-block-image size-large\"><img loading=\"lazy\" decoding=\"async\" width=\"312\" height=\"208\" data-id=\"242\" src=\"https:\/\/Lebenshilfe-Gues-ukcpok3l9w.live-website.com\/wp-content\/uploads\/2023\/10\/Medicus_Internet.jpg\" alt=\"\" class=\"wp-image-242\" srcset=\"https:\/\/lebenshilfe-guestrow.com\/wp-content\/uploads\/2023\/10\/Medicus_Internet.jpg 312w, https:\/\/lebenshilfe-guestrow.com\/wp-content\/uploads\/2023\/10\/Medicus_Internet-300x200.jpg 300w\" sizes=\"auto, (max-width: 312px) 100vw, 312px\" \/><\/figure>\n\n\n\n<figure class=\"wp-block-image size-large\"><img loading=\"lazy\" decoding=\"async\" width=\"1024\" height=\"683\" data-id=\"332\" src=\"https:\/\/Lebenshilfe-Gues-ukcpok3l9w.live-website.com\/wp-content\/uploads\/2023\/10\/Medicus_01-1024x683.jpg\" alt=\"\" class=\"wp-image-332\" srcset=\"https:\/\/lebenshilfe-guestrow.com\/wp-content\/uploads\/2023\/10\/Medicus_01-1024x683.jpg 1024w, https:\/\/lebenshilfe-guestrow.com\/wp-content\/uploads\/2023\/10\/Medicus_01-300x200.jpg 300w, https:\/\/lebenshilfe-guestrow.com\/wp-content\/uploads\/2023\/10\/Medicus_01-768x512.jpg 768w, https:\/\/lebenshilfe-guestrow.com\/wp-content\/uploads\/2023\/10\/Medicus_01-1536x1024.jpg 1536w, https:\/\/lebenshilfe-guestrow.com\/wp-content\/uploads\/2023\/10\/Medicus_01-2048x1365.jpg 2048w\" sizes=\"auto, (max-width: 1024px) 100vw, 1024px\" \/><\/figure>\n\n\n\n<figure class=\"wp-block-image size-large\"><img loading=\"lazy\" decoding=\"async\" width=\"1024\" height=\"683\" data-id=\"333\" src=\"https:\/\/Lebenshilfe-Gues-ukcpok3l9w.live-website.com\/wp-content\/uploads\/2023\/10\/Medicus_05-1024x683.jpg\" alt=\"\" class=\"wp-image-333\" srcset=\"https:\/\/lebenshilfe-guestrow.com\/wp-content\/uploads\/2023\/10\/Medicus_05-1024x683.jpg 1024w, https:\/\/lebenshilfe-guestrow.com\/wp-content\/uploads\/2023\/10\/Medicus_05-300x200.jpg 300w, https:\/\/lebenshilfe-guestrow.com\/wp-content\/uploads\/2023\/10\/Medicus_05-768x512.jpg 768w, https:\/\/lebenshilfe-guestrow.com\/wp-content\/uploads\/2023\/10\/Medicus_05-1536x1024.jpg 1536w, https:\/\/lebenshilfe-guestrow.com\/wp-content\/uploads\/2023\/10\/Medicus_05-2048x1365.jpg 2048w\" sizes=\"auto, (max-width: 1024px) 100vw, 1024px\" \/><\/figure>\n<\/figure>\n","protected":false},"excerpt":{"rendered":"<p>Integrative Kindertagesst\u00e4tte &#8222;Medicus&#8220; in G\u00fcstrow Gemeinsam die Welt erkunden, gemeinsam Unterschiede entdecken. Die integrative Kindertagesst\u00e4tte &#8222;Medicus&#8220; betreut Kinder im Alter zwischen 1 und 6 Jahren mit unterschiedlichem F\u00f6rderbedarf gemeinsam in altersgemischten Gruppen. Hier mehr erfahren Kapazit\u00e4t Wir sichern ein Miteinander auf Augenh\u00f6he, die Anerkennung von Vielfalt und Heterogenit\u00e4t unter der Beachtung der individuellen Ausgangslagen der [&hellip;]<\/p>\n","protected":false},"author":1,"featured_media":0,"parent":664,"menu_order":0,"comment_status":"closed","ping_status":"closed","template":"","meta":{"ocean_post_layout":"full-screen","ocean_both_sidebars_style":"","ocean_both_sidebars_content_width":0,"ocean_both_sidebars_sidebars_width":0,"ocean_sidebar":"ocs-kita-medicus","ocean_second_sidebar":"","ocean_disable_margins":"enable","ocean_add_body_class":"","ocean_shortcode_before_top_bar":"","ocean_shortcode_after_top_bar":"","ocean_shortcode_before_header":"","ocean_shortcode_after_header":"","ocean_has_shortcode":"","ocean_shortcode_after_title":"","ocean_shortcode_before_footer_widgets":"","ocean_shortcode_after_footer_widgets":"","ocean_shortcode_before_footer_bottom":"","ocean_shortcode_after_footer_bottom":"","ocean_display_top_bar":"default","ocean_display_header":"default","ocean_header_style":"","ocean_center_header_left_menu":"","ocean_custom_header_template":"","ocean_custom_logo":0,"ocean_custom_retina_logo":0,"ocean_custom_logo_max_width":0,"ocean_custom_logo_tablet_max_width":0,"ocean_custom_logo_mobile_max_width":0,"ocean_custom_logo_max_height":0,"ocean_custom_logo_tablet_max_height":0,"ocean_custom_logo_mobile_max_height":0,"ocean_header_custom_menu":"","ocean_menu_typo_font_family":"","ocean_menu_typo_font_subset":"","ocean_menu_typo_font_size":0,"ocean_menu_typo_font_size_tablet":0,"ocean_menu_typo_font_size_mobile":0,"ocean_menu_typo_font_size_unit":"px","ocean_menu_typo_font_weight":"","ocean_menu_typo_font_weight_tablet":"","ocean_menu_typo_font_weight_mobile":"","ocean_menu_typo_transform":"","ocean_menu_typo_transform_tablet":"","ocean_menu_typo_transform_mobile":"","ocean_menu_typo_line_height":0,"ocean_menu_typo_line_height_tablet":0,"ocean_menu_typo_line_height_mobile":0,"ocean_menu_typo_line_height_unit":"","ocean_menu_typo_spacing":0,"ocean_menu_typo_spacing_tablet":0,"ocean_menu_typo_spacing_mobile":0,"ocean_menu_typo_spacing_unit":"","ocean_menu_link_color":"","ocean_menu_link_color_hover":"","ocean_menu_link_color_active":"","ocean_menu_link_background":"","ocean_menu_link_hover_background":"","ocean_menu_link_active_background":"","ocean_menu_social_links_bg":"","ocean_menu_social_hover_links_bg":"","ocean_menu_social_links_color":"","ocean_menu_social_hover_links_color":"","ocean_disable_title":"default","ocean_disable_heading":"default","ocean_post_title":"","ocean_post_subheading":"","ocean_post_title_style":"","ocean_post_title_background_color":"","ocean_post_title_background":0,"ocean_post_title_bg_image_position":"","ocean_post_title_bg_image_attachment":"","ocean_post_title_bg_image_repeat":"","ocean_post_title_bg_image_size":"","ocean_post_title_height":0,"ocean_post_title_bg_overlay":0.5,"ocean_post_title_bg_overlay_color":"","ocean_disable_breadcrumbs":"default","ocean_breadcrumbs_color":"","ocean_breadcrumbs_separator_color":"","ocean_breadcrumbs_links_color":"","ocean_breadcrumbs_links_hover_color":"","ocean_display_footer_widgets":"default","ocean_display_footer_bottom":"default","ocean_custom_footer_template":"","footnotes":""},"class_list":["post-169","page","type-page","status-publish","hentry","entry"],"_links":{"self":[{"href":"https:\/\/lebenshilfe-guestrow.com\/index.php?rest_route=\/wp\/v2\/pages\/169","targetHints":{"allow":["GET"]}}],"collection":[{"href":"https:\/\/lebenshilfe-guestrow.com\/index.php?rest_route=\/wp\/v2\/pages"}],"about":[{"href":"https:\/\/lebenshilfe-guestrow.com\/index.php?rest_route=\/wp\/v2\/types\/page"}],"author":[{"embeddable":true,"href":"https:\/\/lebenshilfe-guestrow.com\/index.php?rest_route=\/wp\/v2\/users\/1"}],"replies":[{"embeddable":true,"href":"https:\/\/lebenshilfe-guestrow.com\/index.php?rest_route=%2Fwp%2Fv2%2Fcomments&post=169"}],"version-history":[{"count":79,"href":"https:\/\/lebenshilfe-guestrow.com\/index.php?rest_route=\/wp\/v2\/pages\/169\/revisions"}],"predecessor-version":[{"id":2394,"href":"https:\/\/lebenshilfe-guestrow.com\/index.php?rest_route=\/wp\/v2\/pages\/169\/revisions\/2394"}],"up":[{"embeddable":true,"href":"https:\/\/lebenshilfe-guestrow.com\/index.php?rest_route=\/wp\/v2\/pages\/664"}],"wp:attachment":[{"href":"https:\/\/lebenshilfe-guestrow.com\/index.php?rest_route=%2Fwp%2Fv2%2Fmedia&parent=169"}],"curies":[{"name":"wp","href":"https:\/\/api.w.org\/{rel}","templated":true}]}}