{"id":336,"date":"2023-10-24T08:32:13","date_gmt":"2023-10-24T06:32:13","guid":{"rendered":"https:\/\/Lebenshilfe-Gues-ukcpok3l9w.live-website.com\/?page_id=336"},"modified":"2026-01-26T14:23:21","modified_gmt":"2026-01-26T13:23:21","slug":"kita-die-landmaeuse","status":"publish","type":"page","link":"https:\/\/lebenshilfe-guestrow.com\/?page_id=336","title":{"rendered":"Kita &#8222;Die Landm\u00e4use&#8220;"},"content":{"rendered":"\n<hr class=\"wp-block-separator has-text-color has-white-color has-alpha-channel-opacity has-white-background-color has-background is-style-default\"\/>\n\n\n\n<div class=\"wp-block-cover is-light\" style=\"min-height:380px;aspect-ratio:unset;\"><img loading=\"lazy\" decoding=\"async\" width=\"1200\" height=\"800\" class=\"wp-block-cover__image-background wp-image-607\" alt=\"\" src=\"https:\/\/Lebenshilfe-Gues-ukcpok3l9w.live-website.com\/wp-content\/uploads\/2023\/11\/Kinder-2.jpg\" style=\"object-position:52% 58%\" data-object-fit=\"cover\" data-object-position=\"52% 58%\" srcset=\"https:\/\/lebenshilfe-guestrow.com\/wp-content\/uploads\/2023\/11\/Kinder-2.jpg 1200w, https:\/\/lebenshilfe-guestrow.com\/wp-content\/uploads\/2023\/11\/Kinder-2-300x200.jpg 300w, https:\/\/lebenshilfe-guestrow.com\/wp-content\/uploads\/2023\/11\/Kinder-2-1024x683.jpg 1024w, https:\/\/lebenshilfe-guestrow.com\/wp-content\/uploads\/2023\/11\/Kinder-2-768x512.jpg 768w\" sizes=\"auto, (max-width: 1200px) 100vw, 1200px\" \/><span aria-hidden=\"true\" class=\"wp-block-cover__background has-background-dim-0 has-background-dim\"><\/span><div class=\"wp-block-cover__inner-container is-layout-constrained wp-block-cover-is-layout-constrained\">\n<p class=\"has-text-align-center has-large-font-size\"><\/p>\n<\/div><\/div>\n\n\n\n<hr class=\"wp-block-separator has-alpha-channel-opacity\"\/>\n\n\n\n<div class=\"wp-block-columns is-layout-flex wp-container-core-columns-is-layout-9d6595d7 wp-block-columns-is-layout-flex\">\n<div class=\"wp-block-column is-layout-flow wp-block-column-is-layout-flow\" style=\"flex-basis:11%\"><\/div>\n\n\n\n<div class=\"wp-block-column is-layout-flow wp-block-column-is-layout-flow\" style=\"flex-basis:59%\">\n<h1 class=\"wp-block-heading has-text-align-center\">Kindertagesst\u00e4tte &#8222;Die Landm\u00e4use&#8220; in Diekhof<\/h1>\n\n\n\n<p class=\"has-text-align-center has-medium-font-size\" style=\"font-style:italic;font-weight:500\">Gib mir Zeit, gib mir M\u00f6glichkeiten und meine Fl\u00fcgel werden sich entfalten.<\/p>\n\n\n\n<h2 class=\"wp-block-heading\">Kapazit\u00e4t<\/h2>\n\n\n\n<div class=\"wp-block-media-text has-media-on-the-right is-stacked-on-mobile\"><div class=\"wp-block-media-text__content\">\n<p class=\"has-text-align-center\">15 Krippenpl\u00e4tze<\/p>\n\n\n\n<p class=\"has-text-align-center\">30 Kindergartenpl\u00e4tze<\/p>\n\n\n\n<p class=\"has-text-align-center\"><a href=\"https:\/\/Lebenshilfe-Gues-ukcpok3l9w.live-website.com\/?page_id=726\">40 Hortpl\u00e4tze<\/a><\/p>\n<\/div><figure class=\"wp-block-media-text__media\"><img loading=\"lazy\" decoding=\"async\" width=\"1024\" height=\"768\" src=\"https:\/\/lebenshilfe-guestrow.com\/wp-content\/uploads\/2026\/01\/Kitagebaeude-1024x768.jpg\" alt=\"\" class=\"wp-image-2366 size-full\"\/><\/figure><\/div>\n\n\n\n<p>Wir begleiten, unterst\u00fctzen, motivieren und beobachten die Kinder mit gro\u00dfer Aufmerksamkeit. Nehmen sie ganzheitlich wahr und nutzen ihre St\u00e4rken.<\/p>\n\n\n\n<h2 class=\"wp-block-heading\">Kita &#8211; Informationen<\/h2>\n\n\n\n<p>In den Sommerferien hat unsere Kita <strong>jeweils in der 4. und 5. Ferienwoche der Sommerferien von Mecklenburg-Vorpommern<\/strong> Betriebsferien. Sollten Sie in dieser Zeit keinen Urlaub nehmen k\u00f6nnen oder keine anderweitige Betreuung f\u00fcr Ihr Kind haben, so bitten wir um Abgabe der ausgef\u00fcllten Formulare, um eine bedarfsgerechte Betreuung abzusichern.<\/p>\n\n\n\n<p><a href=\"https:\/\/lebenshilfe-guestrow.com\/wp-content\/uploads\/2025\/09\/Formular-Sommerschliesszeit.pdf\" data-type=\"attachment\" data-id=\"2284\" target=\"_blank\" rel=\"noreferrer noopener\">Formular Sommerschlie\u00dfzeit zur Bescheinigung durch Sorgeberechtigte und Arbeitgeber<\/a><\/p>\n\n\n\n<hr class=\"wp-block-separator has-alpha-channel-opacity\"\/>\n\n\n\n<h2 class=\"wp-block-heading\">Konzeption<\/h2>\n\n\n\n<h3 class=\"wp-block-heading\"><a href=\"https:\/\/lebenshilfe-guestrow.com\/wp-content\/uploads\/2023\/12\/A-0-Vorstellung-Traeger.pdf\" data-type=\"attachment\" data-id=\"927\" target=\"_blank\" rel=\"noreferrer noopener\">0 Der Tr\u00e4ger der Kindertageseinrichtung<\/a><\/h3>\n\n\n\n<h3 class=\"wp-block-heading\">A Die Kindertagesst\u00e4tte stellt sich vor<\/h3>\n\n\n\n<ol class=\"wp-block-list\">\n<li><a href=\"https:\/\/lebenshilfe-guestrow.com\/wp-content\/uploads\/2023\/12\/A-1-Das-Profil-der-Kindertageseinrichtung.pdf\" data-type=\"attachment\" data-id=\"929\" target=\"_blank\" rel=\"noreferrer noopener\">Das Profil der Kindertageseinrichtung<\/a><\/li>\n\n\n\n<li><a href=\"https:\/\/lebenshilfe-guestrow.com\/wp-content\/uploads\/2023\/12\/A2-Die-Struktur-der-Kindertageseinrichtung.pdf\" data-type=\"attachment\" data-id=\"930\" target=\"_blank\" rel=\"noreferrer noopener\">Die Struktur der Kindertageseinrichtung<\/a><\/li>\n<\/ol>\n\n\n\n<h3 class=\"wp-block-heading\">B Grundlagen p\u00e4dagogischer Arbeit und ihre Ziele<\/h3>\n\n\n\n<ol class=\"wp-block-list\">\n<li><a href=\"https:\/\/lebenshilfe-guestrow.com\/wp-content\/uploads\/2023\/12\/B-1-Der-Bildungsauftrag-der-Kindertageseinrichtung.pdf\" data-type=\"attachment\" data-id=\"936\" target=\"_blank\" rel=\"noreferrer noopener\">Der Bildungsauftrag der Kindertageseinrichtung<\/a><\/li>\n\n\n\n<li><a href=\"https:\/\/lebenshilfe-guestrow.com\/wp-content\/uploads\/2023\/12\/B-2-Das-Bild-vom-Kind.pdf\" data-type=\"attachment\" data-id=\"937\" target=\"_blank\" rel=\"noreferrer noopener\">Das Bild vom Kind<\/a><\/li>\n\n\n\n<li><a href=\"https:\/\/lebenshilfe-guestrow.com\/wp-content\/uploads\/2023\/12\/B-3-Die-Beteiligung-von-Kindern.pdf\" data-type=\"attachment\" data-id=\"939\" target=\"_blank\" rel=\"noreferrer noopener\">Die Beteiligung von Kindern<\/a><\/li>\n\n\n\n<li><a href=\"https:\/\/lebenshilfe-guestrow.com\/wp-content\/uploads\/2023\/12\/B-4-Die-Rechte-von-Kindern.pdf\" data-type=\"attachment\" data-id=\"941\" target=\"_blank\" rel=\"noreferrer noopener\">Die Rechte von Kindern<\/a><\/li>\n\n\n\n<li><a href=\"https:\/\/lebenshilfe-guestrow.com\/wp-content\/uploads\/2023\/12\/B-5-Die-Rolle-der-Erzieher_innen.pdf\" data-type=\"attachment\" data-id=\"942\" target=\"_blank\" rel=\"noreferrer noopener\">Die Rolle der Erzieher:in<\/a><\/li>\n\n\n\n<li><a href=\"https:\/\/lebenshilfe-guestrow.com\/wp-content\/uploads\/2023\/12\/B-6-Die-Ziele-der-paedagogischen-Arbeit.pdf\" data-type=\"attachment\" data-id=\"943\" target=\"_blank\" rel=\"noreferrer noopener\">Die Ziele der p\u00e4dagogischen Arbeit<\/a><\/li>\n<\/ol>\n\n\n\n<h3 class=\"wp-block-heading\">C Bildung und Erziehung<\/h3>\n\n\n\n<ol class=\"wp-block-list\">\n<li><a href=\"https:\/\/lebenshilfe-guestrow.com\/wp-content\/uploads\/2023\/12\/C-1-Die-Bildungsbereiche-der-Kindertageseinrichtung.pdf\" data-type=\"attachment\" data-id=\"946\" target=\"_blank\" rel=\"noreferrer noopener\">Die Bildungsbereiche der Kindertageseinrichtung<\/a><\/li>\n\n\n\n<li><a href=\"https:\/\/lebenshilfe-guestrow.com\/wp-content\/uploads\/2023\/12\/C-2-Stellenwert-des-Spiels.pdf\" data-type=\"attachment\" data-id=\"947\" target=\"_blank\" rel=\"noreferrer noopener\">Stellenwert des Spiels<\/a><\/li>\n\n\n\n<li><a href=\"https:\/\/lebenshilfe-guestrow.com\/wp-content\/uploads\/2023\/12\/C-3-Beobachtung-und-Dokumentation.pdf\" data-type=\"attachment\" data-id=\"948\" target=\"_blank\" rel=\"noreferrer noopener\">Beobachten und Dokumentieren<\/a><\/li>\n\n\n\n<li><a href=\"https:\/\/lebenshilfe-guestrow.com\/wp-content\/uploads\/2023\/12\/C-4-Planen.pdf\" data-type=\"attachment\" data-id=\"949\" target=\"_blank\" rel=\"noreferrer noopener\">Planen<\/a><\/li>\n\n\n\n<li><a href=\"https:\/\/lebenshilfe-guestrow.com\/wp-content\/uploads\/2023\/12\/C-5-Oeffnung-innerhalb-der-Kita.pdf\" data-type=\"attachment\" data-id=\"950\" target=\"_blank\" rel=\"noreferrer noopener\">\u00d6ffnung innerhalb der Kita<\/a><\/li>\n\n\n\n<li><a href=\"https:\/\/lebenshilfe-guestrow.com\/wp-content\/uploads\/2023\/12\/C-6-Maedchen-und-Jungen.pdf\" data-type=\"attachment\" data-id=\"951\" target=\"_blank\" rel=\"noreferrer noopener\">M\u00e4dchen und Jungen<\/a><\/li>\n\n\n\n<li><a href=\"https:\/\/lebenshilfe-guestrow.com\/wp-content\/uploads\/2023\/12\/C-7-Inklusion-und-Vielfalt.pdf\" data-type=\"attachment\" data-id=\"952\" target=\"_blank\" rel=\"noreferrer noopener\">Inklusion und Vielfalt<\/a><\/li>\n\n\n\n<li><a href=\"https:\/\/lebenshilfe-guestrow.com\/wp-content\/uploads\/2023\/12\/C-8-Sexualitaet-von-Kindern.pdf\" data-type=\"attachment\" data-id=\"953\" target=\"_blank\" rel=\"noreferrer noopener\">Sexualit\u00e4t von Kindern<\/a><\/li>\n\n\n\n<li><a href=\"https:\/\/lebenshilfe-guestrow.com\/wp-content\/uploads\/2023\/12\/C-9-Gestaltung-der-Raeume.pdf\" data-type=\"attachment\" data-id=\"954\" target=\"_blank\" rel=\"noreferrer noopener\">Gestaltung der R\u00e4ume<\/a><\/li>\n\n\n\n<li><a href=\"https:\/\/lebenshilfe-guestrow.com\/wp-content\/uploads\/2023\/12\/C-10-Gestaltung-des-Tagesablaufs-und-das-Lernen-im-Alltag.pdf\" data-type=\"attachment\" data-id=\"955\" target=\"_blank\" rel=\"noreferrer noopener\">Gestaltung des Tagesablaufs und das Lernen im Alltag<\/a><\/li>\n\n\n\n<li><a href=\"https:\/\/lebenshilfe-guestrow.com\/wp-content\/uploads\/2023\/12\/C-11-Regeln-in-unserer-Kindertagesstaette.pdf\" data-type=\"attachment\" data-id=\"956\" target=\"_blank\" rel=\"noreferrer noopener\">Regeln in unserem Kindergarten<\/a><\/li>\n<\/ol>\n\n\n\n<h3 class=\"wp-block-heading\">D \u00dcberg\u00e4nge &#8211; Gesichtspunkte zu einzelnen Entwicklungsstufen<\/h3>\n\n\n\n<ol class=\"wp-block-list\">\n<li><a href=\"https:\/\/lebenshilfe-guestrow.com\/wp-content\/uploads\/2023\/12\/D1-Kinder-unter-3-Jahren.pdf\" data-type=\"attachment\" data-id=\"967\" target=\"_blank\" rel=\"noreferrer noopener\">Kinder unter 3 Jahren<\/a><\/li>\n\n\n\n<li><a href=\"https:\/\/lebenshilfe-guestrow.com\/wp-content\/uploads\/2023\/12\/D2-Kinder-die-in-die-Schule-kommen.pdf\" data-type=\"attachment\" data-id=\"968\" target=\"_blank\" rel=\"noreferrer noopener\">Kinder, die in die Schule kommen<\/a><\/li>\n\n\n\n<li><a href=\"https:\/\/lebenshilfe-guestrow.com\/wp-content\/uploads\/2023\/12\/D3-Schulkinder.pdf\" data-type=\"attachment\" data-id=\"969\" target=\"_blank\" rel=\"noreferrer noopener\">Schulkinder<\/a><\/li>\n<\/ol>\n\n\n\n<h3 class=\"wp-block-heading\">E Zusammenarbeit<\/h3>\n\n\n\n<ol class=\"wp-block-list\">\n<li><a href=\"https:\/\/lebenshilfe-guestrow.com\/wp-content\/uploads\/2023\/12\/E1-Die-Rolle-der-Leitung.pdf\" data-type=\"attachment\" data-id=\"972\" target=\"_blank\" rel=\"noreferrer noopener\">Die Rolle der Leitung<\/a><\/li>\n\n\n\n<li><a href=\"https:\/\/lebenshilfe-guestrow.com\/wp-content\/uploads\/2023\/12\/E2-Zusammenarbeit-im-Team.pdf\" data-type=\"attachment\" data-id=\"973\" target=\"_blank\" rel=\"noreferrer noopener\">Zusammenarbeit im Team<\/a><\/li>\n\n\n\n<li><a href=\"https:\/\/lebenshilfe-guestrow.com\/wp-content\/uploads\/2023\/12\/E3-Besprechungen.pdf\" data-type=\"attachment\" data-id=\"974\" target=\"_blank\" rel=\"noreferrer noopener\">Besprechungen<\/a><\/li>\n\n\n\n<li><a href=\"https:\/\/lebenshilfe-guestrow.com\/wp-content\/uploads\/2023\/12\/E4-Zusammenarbeit-mit-Praktikant-innen.pdf\" data-type=\"attachment\" data-id=\"976\" target=\"_blank\" rel=\"noreferrer noopener\">Zusammenarbeit mit Praktikant:innen<\/a><\/li>\n\n\n\n<li><a href=\"https:\/\/lebenshilfe-guestrow.com\/wp-content\/uploads\/2023\/12\/E5-Zusammenarbeit-mit-dem-Traeger.pdf\" data-type=\"attachment\" data-id=\"977\" target=\"_blank\" rel=\"noreferrer noopener\">Zusammenarbeit mit Tr\u00e4gern<\/a><\/li>\n<\/ol>\n\n\n\n<h3 class=\"wp-block-heading\">F Zusammenarbeit mit den Eltern<\/h3>\n\n\n\n<ol class=\"wp-block-list\">\n<li><a href=\"https:\/\/lebenshilfe-guestrow.com\/wp-content\/uploads\/2023\/12\/F1-Der-Uebergang-von-der-Familie-in-die-Kita-die-Eingewoehnung.pdf\" data-type=\"attachment\" data-id=\"979\" target=\"_blank\" rel=\"noreferrer noopener\">Der \u00dcbergang von der Familie in die Kita &#8211; die Eingew\u00f6hnung<\/a><\/li>\n\n\n\n<li><a href=\"https:\/\/lebenshilfe-guestrow.com\/wp-content\/uploads\/2023\/12\/F2-Erziehungspartnerschaften-zwischen-Erzieher-innen-und-Eltern.pdf\" data-type=\"attachment\" data-id=\"980\" target=\"_blank\" rel=\"noreferrer noopener\">Bildungs- und Erziehungspartnerschaft zwischen Erzieher:innen und Eltern<\/a><\/li>\n<\/ol>\n\n\n\n<h3 class=\"wp-block-heading\">G Kontakte der Kindertageseinrichtung nach au\u00dfen<\/h3>\n\n\n\n<ol class=\"wp-block-list\">\n<li><a href=\"https:\/\/lebenshilfe-guestrow.com\/wp-content\/uploads\/2023\/12\/G1-Zusammenarbeit-mit-der-Schule.pdf\" data-type=\"attachment\" data-id=\"982\" target=\"_blank\" rel=\"noreferrer noopener\">Zusammenarbeit mit der Schule<\/a><\/li>\n\n\n\n<li><a href=\"https:\/\/lebenshilfe-guestrow.com\/wp-content\/uploads\/2023\/12\/G2-Kontakte-zu-anderen-Institutionen-und-Betrieben.pdf\" data-type=\"attachment\" data-id=\"984\" target=\"_blank\" rel=\"noreferrer noopener\">Kontakte zu anderen Institutionen und Betrieben<\/a><\/li>\n\n\n\n<li><a href=\"https:\/\/lebenshilfe-guestrow.com\/wp-content\/uploads\/2023\/12\/G3-Oeffentlichkeitsarbeit-Darstellung-der-Kindertagesstaette-nach-aussen.pdf\" data-type=\"attachment\" data-id=\"985\" target=\"_blank\" rel=\"noreferrer noopener\">\u00d6ffentlichkeitsarbeit \/ Darstellung der Kindertagesst\u00e4tte nach au\u00dfen<\/a><\/li>\n<\/ol>\n\n\n\n<h3 class=\"wp-block-heading\">H Qualit\u00e4tsentwicklung<\/h3>\n\n\n\n<ol class=\"wp-block-list\">\n<li><a href=\"https:\/\/lebenshilfe-guestrow.com\/wp-content\/uploads\/2023\/12\/H1-Qualitaetskriterien-und-Qualitaetsinstrumente.pdf\" data-type=\"attachment\" data-id=\"986\" target=\"_blank\" rel=\"noreferrer noopener\">Qualit\u00e4tskriterien und Qualit\u00e4tsinstrumente<\/a><\/li>\n\n\n\n<li><a href=\"https:\/\/lebenshilfe-guestrow.com\/wp-content\/uploads\/2023\/12\/H2-Qualitaet-gewaehrleisten-Gestaltung-des-Prozesses.pdf\" data-type=\"attachment\" data-id=\"987\" target=\"_blank\" rel=\"noreferrer noopener\">Qualit\u00e4t gew\u00e4hrleisten: Gestaltung der Prozesse<\/a><\/li>\n<\/ol>\n\n\n\n<hr class=\"wp-block-separator has-alpha-channel-opacity\"\/>\n<\/div>\n\n\n\n<div class=\"wp-block-column is-layout-flow wp-block-column-is-layout-flow\" style=\"flex-basis:16%\">\n<h2 class=\"wp-block-heading\">Kontakt<\/h2>\n\n\n\n<figure class=\"wp-block-table is-style-stripes has-small-font-size\"><table class=\"has-text-color has-link-color\" style=\"color:#0b67b7\"><tbody><tr><td><strong>Kita &#8222;Landm\u00e4use&#8220;<\/strong><br>Unkel-Br\u00e4sig-Weg 40<br>18299 Diekhof<br>Tel: 038455 \/ 20 585<br>Fax: 038455 \/ 22 255<br>Hort 038455 \/ 16 98 97<\/td><\/tr><tr><td><strong>Ansprechpartner<\/strong><br>Frau Zuk<br>leitung-diekhof@lebenshilfe-guestrow.de<br><strong>Beratung<\/strong><br>Mo &#8211; Fr. 08:-15:00 Uhr<\/td><\/tr><tr><td><strong>\u00d6ffnungszeiten<\/strong><br>06:00 &#8211; 17:00 Uhr<\/td><\/tr><\/tbody><\/table><\/figure>\n\n\n\n<h2 class=\"wp-block-heading\">Service<\/h2>\n\n\n\n<p class=\"has-small-font-size\"><a href=\"https:\/\/Lebenshilfe-Gues-ukcpok3l9w.live-website.com\/wp-content\/uploads\/2023\/12\/Betreuungsvertrag-Kita.pdf\" target=\"_blank\" rel=\"noreferrer noopener\">Betreuungsvertrag Kita<\/a><\/p>\n\n\n\n<p class=\"has-small-font-size\"><a href=\"https:\/\/Lebenshilfe-Gues-ukcpok3l9w.live-website.com\/wp-content\/uploads\/2023\/12\/Voranmeldung-auf-einen-Betreuungsplatz.pdf\" target=\"_blank\" rel=\"noreferrer noopener\">Voranmeldung Kita<\/a><\/p>\n\n\n\n<p class=\"has-small-font-size\"><a href=\"https:\/\/www.landkreis-rostock.de\/de\/zustaendigkeit-jugendamt-ohne-wohnort\/leistung\/477\/bedarfspruefung_erteilung_einer_berechtigung_fuer_die_betreuung_in_einer_krippe_kindergarten.html\" target=\"_blank\" rel=\"noreferrer noopener\">Info LK Rostock Kita<\/a><\/p>\n\n\n\n<p class=\"has-small-font-size\"><a href=\"https:\/\/www.landkreis-rostock.de\/de\/zustaendigkeit-jugendamt-ohne-wohnort\/leistung\/268\/wohnort\/11\/zustaendigestellen\/69\/bedarfspruefung_erteilung_einer_berechtigung_fuer_die_betreuung_in_einem_hort.html\" target=\"_blank\" rel=\"noreferrer noopener\">Info LK Rostock Hort<\/a><\/p>\n\n\n\n<p class=\"has-small-font-size\"><a href=\"https:\/\/www.landkreis-rostock.de\/de\/zustaendigkeit-sozialamt\/leistung\/515\/leistungen_zur_sozialen_teilhabe.html\" target=\"_blank\" rel=\"noreferrer noopener\">Eingliederungshilfe<\/a><\/p>\n\n\n\n<hr class=\"wp-block-separator has-text-color has-alpha-channel-opacity has-background is-style-wide\" style=\"background-color:#0b67b7;color:#0b67b7\"\/>\n\n\n\n<h2 class=\"wp-block-heading\"><a href=\"https:\/\/lebenshilfe-guestrow.com\/?page_id=463\" data-type=\"page\" data-id=\"463\" target=\"_blank\" rel=\"noreferrer noopener\">Stellenausschreibung<\/a><\/h2>\n\n\n\n<hr class=\"wp-block-separator has-text-color has-alpha-channel-opacity has-background is-style-wide\" style=\"background-color:#0b67b7;color:#0b67b7\"\/>\n\n\n\n<h2 class=\"wp-block-heading\">Aktuelles<\/h2>\n\n\n<div class=\"wp-block-categories-dropdown wp-block-categories has-small-font-size\"><label class=\"wp-block-categories__label\" for=\"wp-block-categories-1\">Kategorien<\/label><select  name='category_name' id='wp-block-categories-1' class='postform'>\n\t<option value='-1'>Kategorie ausw\u00e4hlen<\/option>\n\t<option class=\"level-0\" value=\"allgemein-lebenshilfe-guestrow\">Allgemein Lebenshilfe G\u00fcstrow e.V.<\/option>\n\t<option class=\"level-0\" value=\"familienentlastender-dienst\">familienentlastender Dienst<\/option>\n\t<option class=\"level-0\" value=\"ilb\">iLb<\/option>\n\t<option class=\"level-0\" value=\"kita\">Kita<\/option>\n\t<option class=\"level-0\" value=\"kita-die-landmaeuse\">Kita &#8222;Die Landm\u00e4use&#8220;<\/option>\n\t<option class=\"level-0\" value=\"kita-medicus\">Kita &#8222;Medicus&#8220;<\/option>\n\t<option class=\"level-0\" value=\"kita-ostwind\">Kita &#8222;Ostwind&#8220;<\/option>\n\t<option class=\"level-0\" value=\"kita-schnatterstuebchen\">Kita &#8222;Schnatterst\u00fcbchen&#8220;<\/option>\n\t<option class=\"level-0\" value=\"kita-sonnenkinder\">Kita &#8222;Sonnenkinder&#8220;<\/option>\n\t<option class=\"level-0\" value=\"wohnstaetten\">Wohnst\u00e4tten<\/option>\n<\/select><script>\n( ( [ dropdownId, homeUrl ] ) => {\n\t\tconst dropdown = document.getElementById( dropdownId );\n\t\tfunction onSelectChange() {\n\t\t\tsetTimeout( () => {\n\t\t\t\tif ( 'escape' === dropdown.dataset.lastkey ) {\n\t\t\t\t\treturn;\n\t\t\t\t}\n\t\t\t\tif ( dropdown.value && dropdown instanceof HTMLSelectElement ) {\n\t\t\t\t\tconst url = new URL( homeUrl );\n\t\t\t\t\turl.searchParams.set( dropdown.name, dropdown.value );\n\t\t\t\t\tlocation.href = url.href;\n\t\t\t\t}\n\t\t\t}, 250 );\n\t\t}\n\t\tfunction onKeyUp( event ) {\n\t\t\tif ( 'Escape' === event.key ) {\n\t\t\t\tdropdown.dataset.lastkey = 'escape';\n\t\t\t} else {\n\t\t\t\tdelete dropdown.dataset.lastkey;\n\t\t\t}\n\t\t}\n\t\tfunction onClick() {\n\t\t\tdelete dropdown.dataset.lastkey;\n\t\t}\n\t\tdropdown.addEventListener( 'keyup', onKeyUp );\n\t\tdropdown.addEventListener( 'click', onClick );\n\t\tdropdown.addEventListener( 'change', onSelectChange );\n\t} )( [\"wp-block-categories-1\",\"https:\/\/lebenshilfe-guestrow.com\"] );\n\/\/# sourceURL=build_dropdown_script_block_core_categories\n<\/script>\n\n<\/div>\n\n\n<hr class=\"wp-block-separator has-text-color has-alpha-channel-opacity has-background is-style-wide\" style=\"background-color:#0b67b7;color:#0b67b7\"\/>\n<\/div>\n<\/div>\n","protected":false},"excerpt":{"rendered":"<p>Kindertagesst\u00e4tte &#8222;Die Landm\u00e4use&#8220; in Diekhof Gib mir Zeit, gib mir M\u00f6glichkeiten und meine Fl\u00fcgel werden sich entfalten. Kapazit\u00e4t 15 Krippenpl\u00e4tze 30 Kindergartenpl\u00e4tze 40 Hortpl\u00e4tze Wir begleiten, unterst\u00fctzen, motivieren und beobachten die Kinder mit gro\u00dfer Aufmerksamkeit. Nehmen sie ganzheitlich wahr und nutzen ihre St\u00e4rken. Kita &#8211; Informationen In den Sommerferien hat unsere Kita jeweils in der [&hellip;]<\/p>\n","protected":false},"author":1,"featured_media":0,"parent":664,"menu_order":0,"comment_status":"closed","ping_status":"closed","template":"","meta":{"ocean_post_layout":"full-screen","ocean_both_sidebars_style":"","ocean_both_sidebars_content_width":0,"ocean_both_sidebars_sidebars_width":0,"ocean_sidebar":"ocs-kita-diekhof","ocean_second_sidebar":"","ocean_disable_margins":"enable","ocean_add_body_class":"","ocean_shortcode_before_top_bar":"","ocean_shortcode_after_top_bar":"","ocean_shortcode_before_header":"","ocean_shortcode_after_header":"","ocean_has_shortcode":"","ocean_shortcode_after_title":"","ocean_shortcode_before_footer_widgets":"","ocean_shortcode_after_footer_widgets":"","ocean_shortcode_before_footer_bottom":"","ocean_shortcode_after_footer_bottom":"","ocean_display_top_bar":"default","ocean_display_header":"default","ocean_header_style":"","ocean_center_header_left_menu":"","ocean_custom_header_template":"","ocean_custom_logo":0,"ocean_custom_retina_logo":0,"ocean_custom_logo_max_width":0,"ocean_custom_logo_tablet_max_width":0,"ocean_custom_logo_mobile_max_width":0,"ocean_custom_logo_max_height":0,"ocean_custom_logo_tablet_max_height":0,"ocean_custom_logo_mobile_max_height":0,"ocean_header_custom_menu":"","ocean_menu_typo_font_family":"","ocean_menu_typo_font_subset":"","ocean_menu_typo_font_size":0,"ocean_menu_typo_font_size_tablet":0,"ocean_menu_typo_font_size_mobile":0,"ocean_menu_typo_font_size_unit":"px","ocean_menu_typo_font_weight":"","ocean_menu_typo_font_weight_tablet":"","ocean_menu_typo_font_weight_mobile":"","ocean_menu_typo_transform":"","ocean_menu_typo_transform_tablet":"","ocean_menu_typo_transform_mobile":"","ocean_menu_typo_line_height":0,"ocean_menu_typo_line_height_tablet":0,"ocean_menu_typo_line_height_mobile":0,"ocean_menu_typo_line_height_unit":"","ocean_menu_typo_spacing":0,"ocean_menu_typo_spacing_tablet":0,"ocean_menu_typo_spacing_mobile":0,"ocean_menu_typo_spacing_unit":"","ocean_menu_link_color":"","ocean_menu_link_color_hover":"","ocean_menu_link_color_active":"","ocean_menu_link_background":"","ocean_menu_link_hover_background":"","ocean_menu_link_active_background":"","ocean_menu_social_links_bg":"","ocean_menu_social_hover_links_bg":"","ocean_menu_social_links_color":"","ocean_menu_social_hover_links_color":"","ocean_disable_title":"default","ocean_disable_heading":"default","ocean_post_title":"","ocean_post_subheading":"","ocean_post_title_style":"","ocean_post_title_background_color":"","ocean_post_title_background":0,"ocean_post_title_bg_image_position":"","ocean_post_title_bg_image_attachment":"","ocean_post_title_bg_image_repeat":"","ocean_post_title_bg_image_size":"","ocean_post_title_height":0,"ocean_post_title_bg_overlay":0.5,"ocean_post_title_bg_overlay_color":"","ocean_disable_breadcrumbs":"default","ocean_breadcrumbs_color":"","ocean_breadcrumbs_separator_color":"","ocean_breadcrumbs_links_color":"","ocean_breadcrumbs_links_hover_color":"","ocean_display_footer_widgets":"default","ocean_display_footer_bottom":"default","ocean_custom_footer_template":"","footnotes":""},"class_list":["post-336","page","type-page","status-publish","hentry","entry"],"_links":{"self":[{"href":"https:\/\/lebenshilfe-guestrow.com\/index.php?rest_route=\/wp\/v2\/pages\/336","targetHints":{"allow":["GET"]}}],"collection":[{"href":"https:\/\/lebenshilfe-guestrow.com\/index.php?rest_route=\/wp\/v2\/pages"}],"about":[{"href":"https:\/\/lebenshilfe-guestrow.com\/index.php?rest_route=\/wp\/v2\/types\/page"}],"author":[{"embeddable":true,"href":"https:\/\/lebenshilfe-guestrow.com\/index.php?rest_route=\/wp\/v2\/users\/1"}],"replies":[{"embeddable":true,"href":"https:\/\/lebenshilfe-guestrow.com\/index.php?rest_route=%2Fwp%2Fv2%2Fcomments&post=336"}],"version-history":[{"count":76,"href":"https:\/\/lebenshilfe-guestrow.com\/index.php?rest_route=\/wp\/v2\/pages\/336\/revisions"}],"predecessor-version":[{"id":2369,"href":"https:\/\/lebenshilfe-guestrow.com\/index.php?rest_route=\/wp\/v2\/pages\/336\/revisions\/2369"}],"up":[{"embeddable":true,"href":"https:\/\/lebenshilfe-guestrow.com\/index.php?rest_route=\/wp\/v2\/pages\/664"}],"wp:attachment":[{"href":"https:\/\/lebenshilfe-guestrow.com\/index.php?rest_route=%2Fwp%2Fv2%2Fmedia&parent=336"}],"curies":[{"name":"wp","href":"https:\/\/api.w.org\/{rel}","templated":true}]}}