{"id":355,"date":"2023-10-25T10:59:39","date_gmt":"2023-10-25T08:59:39","guid":{"rendered":"https:\/\/Lebenshilfe-Gues-ukcpok3l9w.live-website.com\/?page_id=355"},"modified":"2025-09-18T08:24:23","modified_gmt":"2025-09-18T06:24:23","slug":"kita-ostwind","status":"publish","type":"page","link":"https:\/\/lebenshilfe-guestrow.com\/?page_id=355","title":{"rendered":"Kita &#8222;Ostwind&#8220;"},"content":{"rendered":"\n<p><\/p>\n\n\n\n<hr class=\"wp-block-separator has-text-color has-white-color has-alpha-channel-opacity has-white-background-color has-background\"\/>\n\n\n\n<div class=\"wp-block-cover\" style=\"min-height:380px;aspect-ratio:unset;\"><img loading=\"lazy\" decoding=\"async\" width=\"2560\" height=\"1707\" class=\"wp-block-cover__image-background wp-image-356\" alt=\"\" src=\"https:\/\/Lebenshilfe-Gues-ukcpok3l9w.live-website.com\/wp-content\/uploads\/2023\/10\/Teterow-01-scaled.jpg\" style=\"object-position:46% 49%\" data-object-fit=\"cover\" data-object-position=\"46% 49%\" srcset=\"https:\/\/lebenshilfe-guestrow.com\/wp-content\/uploads\/2023\/10\/Teterow-01-scaled.jpg 2560w, https:\/\/lebenshilfe-guestrow.com\/wp-content\/uploads\/2023\/10\/Teterow-01-300x200.jpg 300w, https:\/\/lebenshilfe-guestrow.com\/wp-content\/uploads\/2023\/10\/Teterow-01-1024x683.jpg 1024w, https:\/\/lebenshilfe-guestrow.com\/wp-content\/uploads\/2023\/10\/Teterow-01-768x512.jpg 768w, https:\/\/lebenshilfe-guestrow.com\/wp-content\/uploads\/2023\/10\/Teterow-01-1536x1024.jpg 1536w, https:\/\/lebenshilfe-guestrow.com\/wp-content\/uploads\/2023\/10\/Teterow-01-2048x1365.jpg 2048w\" sizes=\"auto, (max-width: 2560px) 100vw, 2560px\" \/><span aria-hidden=\"true\" class=\"wp-block-cover__background has-background-dim-0 has-background-dim\"><\/span><div class=\"wp-block-cover__inner-container is-layout-constrained wp-block-cover-is-layout-constrained\">\n<p class=\"has-text-align-center has-large-font-size\"><\/p>\n<\/div><\/div>\n\n\n\n<hr class=\"wp-block-separator has-alpha-channel-opacity\"\/>\n\n\n\n<div class=\"wp-block-columns is-layout-flex wp-container-core-columns-is-layout-9d6595d7 wp-block-columns-is-layout-flex\">\n<div class=\"wp-block-column is-layout-flow wp-block-column-is-layout-flow\" style=\"flex-basis:11%\"><\/div>\n\n\n\n<div class=\"wp-block-column is-layout-flow wp-block-column-is-layout-flow\" style=\"flex-basis:59%\">\n<h1 class=\"wp-block-heading has-text-align-center\">Integrative Kindertagesst\u00e4tte &#8222;Ostwind&#8220; in Teterow<\/h1>\n\n\n\n<figure class=\"wp-block-table is-style-stripes\"><table><tbody><tr><td>O<\/td><td>offen f\u00fcr alle<\/td><\/tr><tr><td>S<\/td><td>selbst bestimmt<\/td><\/tr><tr><td>T<\/td><td>t\u00e4tig sein macht Spa\u00df<\/td><\/tr><tr><td>W<\/td><td>wir helfen uns gegenseitig<\/td><\/tr><tr><td>I<\/td><td>Inklusion von Anfang an<\/td><\/tr><tr><td>N<\/td><td>niemand will alleine sein<\/td><\/tr><tr><td>D<\/td><td>durch Ausprobieren die Welt entdecken<\/td><\/tr><\/tbody><\/table><\/figure>\n\n\n\n<h2 class=\"wp-block-heading\">Kapazit\u00e4t<\/h2>\n\n\n\n<ul class=\"wp-block-list\">\n<li>20 Krippenpl\u00e4tze<\/li>\n\n\n\n<li>60 Kindergartenpl\u00e4tze davon 16 integrative Pl\u00e4tze<\/li>\n<\/ul>\n\n\n\n<p>Unsere integrative Kita ist eine Einrichtung mit einem erg\u00e4nzenden und unterst\u00fctzenden Angebot zum Lebens- und Lernraum der Familie. Das Wohl eines jeden Kindes hat oberste Priorit\u00e4t.<\/p>\n\n\n\n<h2 class=\"wp-block-heading\">Sommerschlie\u00dfzeit<\/h2>\n\n\n\n<p>In den Sommerferien hat unsere Kita in der <strong>4. und 5. Ferienwoche der Sommerferien<\/strong> in Mecklenburg-Vorpommern Betriebsferien. Sollten Sie in dieser Zeit keinen Urlaub nehmen k\u00f6nnen oder keine anderweitige Betreuung f\u00fcr Ihr Kind haben, so bitten wir um Abgabe der ausgef\u00fcllten Formulare, um eine bedarfsgerechte Betreuung abzusichern.<\/p>\n\n\n\n<p><a href=\"https:\/\/lebenshilfe-guestrow.com\/wp-content\/uploads\/2025\/09\/Formular-Sommerschliesszeit.pdf\" data-type=\"attachment\" data-id=\"2284\" target=\"_blank\" rel=\"noreferrer noopener\">Formular Sommerschlie\u00dfzeit zur Bescheinigung durch Sorgeberechtigte und Arbeitgeber<\/a><\/p>\n\n\n\n<h2 class=\"wp-block-heading\">Aktuelles aus unseren Einrichtung<\/h2>\n\n\n<ul class=\"wp-block-categories-list wp-block-categories\">\t<li class=\"cat-item cat-item-1\"><a href=\"https:\/\/lebenshilfe-guestrow.com\/?cat=1\">Allgemein Lebenshilfe G\u00fcstrow e.V.<\/a>\n<\/li>\n\t<li class=\"cat-item cat-item-30\"><a href=\"https:\/\/lebenshilfe-guestrow.com\/?cat=30\">familienentlastender Dienst<\/a>\n<\/li>\n\t<li class=\"cat-item cat-item-31\"><a href=\"https:\/\/lebenshilfe-guestrow.com\/?cat=31\">iLb<\/a>\n<\/li>\n\t<li class=\"cat-item cat-item-17\"><a href=\"https:\/\/lebenshilfe-guestrow.com\/?cat=17\">Kita<\/a>\n<\/li>\n\t<li class=\"cat-item cat-item-29\"><a href=\"https:\/\/lebenshilfe-guestrow.com\/?cat=29\">Kita &quot;Die Landm\u00e4use&quot;<\/a>\n<\/li>\n\t<li class=\"cat-item cat-item-27\"><a href=\"https:\/\/lebenshilfe-guestrow.com\/?cat=27\">Kita &quot;Medicus&quot;<\/a>\n<\/li>\n\t<li class=\"cat-item cat-item-20\"><a href=\"https:\/\/lebenshilfe-guestrow.com\/?cat=20\">Kita &quot;Ostwind&quot;<\/a>\n<\/li>\n\t<li class=\"cat-item cat-item-19\"><a href=\"https:\/\/lebenshilfe-guestrow.com\/?cat=19\">Kita &quot;Schnatterst\u00fcbchen&quot;<\/a>\n<\/li>\n\t<li class=\"cat-item cat-item-22\"><a href=\"https:\/\/lebenshilfe-guestrow.com\/?cat=22\">Kita &quot;Sonnenkinder&quot;<\/a>\n<\/li>\n\t<li class=\"cat-item cat-item-18\"><a href=\"https:\/\/lebenshilfe-guestrow.com\/?cat=18\">Wohnst\u00e4tten<\/a>\n<\/li>\n<\/ul>\n\n\n<h2 class=\"wp-block-heading\">Konzeption<\/h2>\n\n\n\n<p><a href=\"https:\/\/lebenshilfe-guestrow.com\/wp-content\/uploads\/2024\/01\/tet-0-F.doc.pdf\" data-type=\"attachment\" data-id=\"1379\" target=\"_blank\" rel=\"noreferrer noopener\">0 Der Tr\u00e4ger der Kindertageseinrichtung<\/a><\/p>\n\n\n\n<h2 class=\"wp-block-heading\">A Die Kindertagesst\u00e4tte stellt sich vor<\/h2>\n\n\n\n<ol class=\"wp-block-list\">\n<li><a href=\"https:\/\/lebenshilfe-guestrow.com\/wp-content\/uploads\/2024\/01\/tet-A1.doc.pdf\" data-type=\"attachment\" data-id=\"1380\" target=\"_blank\" rel=\"noreferrer noopener\">Das Profil der Kindertageseinrichtung<\/a><\/li>\n\n\n\n<li><a href=\"https:\/\/lebenshilfe-guestrow.com\/wp-content\/uploads\/2024\/01\/tet-A2-F.doc.pdf\" data-type=\"attachment\" data-id=\"1381\" target=\"_blank\" rel=\"noreferrer noopener\">Die Struktur der Kindertageseinrichtung<\/a><\/li>\n<\/ol>\n\n\n\n<h2 class=\"wp-block-heading\">B Grundlagen p\u00e4dagogischer Arbeit und ihre Ziele<\/h2>\n\n\n\n<ol class=\"wp-block-list\">\n<li><a href=\"https:\/\/lebenshilfe-guestrow.com\/wp-content\/uploads\/2024\/01\/tet-B1-F.doc.pdf\" data-type=\"attachment\" data-id=\"1382\" target=\"_blank\" rel=\"noreferrer noopener\">Der Bildungsauftrag der Kindertageseinrichtung<\/a><\/li>\n\n\n\n<li><a href=\"https:\/\/lebenshilfe-guestrow.com\/wp-content\/uploads\/2024\/01\/tet-B2-F.doc.pdf\" data-type=\"attachment\" data-id=\"1383\" target=\"_blank\" rel=\"noreferrer noopener\">Das Bild vom Kind<\/a><\/li>\n\n\n\n<li><a href=\"https:\/\/lebenshilfe-guestrow.com\/wp-content\/uploads\/2024\/01\/tet-B3-F.doc.pdf\" data-type=\"attachment\" data-id=\"1384\" target=\"_blank\" rel=\"noreferrer noopener\">Die Beteiligung von Kindern<\/a><\/li>\n\n\n\n<li><a href=\"https:\/\/lebenshilfe-guestrow.com\/wp-content\/uploads\/2024\/01\/tet-B4-F.doc.pdf\" data-type=\"attachment\" data-id=\"1385\" target=\"_blank\" rel=\"noreferrer noopener\">Die Rechte von Kindern<\/a><\/li>\n\n\n\n<li><a href=\"https:\/\/lebenshilfe-guestrow.com\/wp-content\/uploads\/2024\/01\/tet-B5-F.doc.pdf\" data-type=\"attachment\" data-id=\"1386\" target=\"_blank\" rel=\"noreferrer noopener\">Die Rolle der p\u00e4dagogischen Fachkraft<\/a><\/li>\n\n\n\n<li><a href=\"https:\/\/lebenshilfe-guestrow.com\/wp-content\/uploads\/2024\/01\/tet-B6-F.pdf\" data-type=\"attachment\" data-id=\"1387\" target=\"_blank\" rel=\"noreferrer noopener\">Die Ziele der p\u00e4dagogischen Arbeit<\/a><\/li>\n<\/ol>\n\n\n\n<h2 class=\"wp-block-heading\">C Bildung und Erziehung<\/h2>\n\n\n\n<ol class=\"wp-block-list\">\n<li><a href=\"https:\/\/lebenshilfe-guestrow.com\/wp-content\/uploads\/2024\/01\/tet-C1-F.doc.pdf\" data-type=\"attachment\" data-id=\"1388\" target=\"_blank\" rel=\"noreferrer noopener\">Die Bildungsbereiche<\/a><\/li>\n\n\n\n<li><a href=\"https:\/\/lebenshilfe-guestrow.com\/wp-content\/uploads\/2024\/01\/tett-C2-F.doc.pdf\" data-type=\"attachment\" data-id=\"1410\" target=\"_blank\" rel=\"noreferrer noopener\">Stellenwert des Spiels<\/a><\/li>\n\n\n\n<li><a href=\"https:\/\/lebenshilfe-guestrow.com\/wp-content\/uploads\/2024\/01\/tet-C3.doc.pdf\" data-type=\"attachment\" data-id=\"1390\" target=\"_blank\" rel=\"noreferrer noopener\">Beobachten und Dokumentieren<\/a><\/li>\n\n\n\n<li><a href=\"https:\/\/lebenshilfe-guestrow.com\/wp-content\/uploads\/2024\/01\/tet-C4.doc.pdf\" data-type=\"attachment\" data-id=\"1391\" target=\"_blank\" rel=\"noreferrer noopener\">Planen<\/a><\/li>\n\n\n\n<li><a href=\"https:\/\/lebenshilfe-guestrow.com\/wp-content\/uploads\/2024\/01\/tet-C5-F.doc.pdf\" data-type=\"attachment\" data-id=\"1392\" target=\"_blank\" rel=\"noreferrer noopener\">M\u00e4dchen und Jungen<\/a><\/li>\n\n\n\n<li><a href=\"https:\/\/lebenshilfe-guestrow.com\/wp-content\/uploads\/2024\/01\/tet-C6-F.doc.pdf\" data-type=\"attachment\" data-id=\"1393\" target=\"_blank\" rel=\"noreferrer noopener\">Inklusion und Vielfalt<\/a><\/li>\n\n\n\n<li><a href=\"https:\/\/lebenshilfe-guestrow.com\/wp-content\/uploads\/2024\/01\/tet-C7-F.doc.pdf\" data-type=\"attachment\" data-id=\"1394\" target=\"_blank\" rel=\"noreferrer noopener\">Sexualit\u00e4t von Kindern<\/a><\/li>\n\n\n\n<li><a href=\"https:\/\/lebenshilfe-guestrow.com\/wp-content\/uploads\/2024\/01\/tet-C8-F.doc.pdf\" data-type=\"attachment\" data-id=\"1395\" target=\"_blank\" rel=\"noreferrer noopener\">Gestaltung der R\u00e4ume<\/a><\/li>\n\n\n\n<li><a href=\"https:\/\/lebenshilfe-guestrow.com\/wp-content\/uploads\/2024\/01\/tet-C9-F.doc.pdf\" data-type=\"attachment\" data-id=\"1396\" target=\"_blank\" rel=\"noreferrer noopener\">Gestaltung des Tagesablaufs und das Lernen im Alltag<\/a><\/li>\n\n\n\n<li><a href=\"https:\/\/lebenshilfe-guestrow.com\/wp-content\/uploads\/2024\/01\/tet-C10-F.doc.pdf\" data-type=\"attachment\" data-id=\"1397\" target=\"_blank\" rel=\"noreferrer noopener\">Regeln in der Kita<\/a><\/li>\n<\/ol>\n\n\n\n<h2 class=\"wp-block-heading\">D \u00dcberg\u00e4nge und Gesichtspunkte zu einzelnen Entwicklungsstufen<\/h2>\n\n\n\n<ol class=\"wp-block-list\">\n<li><a href=\"https:\/\/lebenshilfe-guestrow.com\/wp-content\/uploads\/2024\/01\/tet-D1-F.doc.pdf\" data-type=\"attachment\" data-id=\"1398\" target=\"_blank\" rel=\"noreferrer noopener\">Kinder unter 3 Jahren<\/a><\/li>\n\n\n\n<li><a href=\"https:\/\/lebenshilfe-guestrow.com\/wp-content\/uploads\/2024\/01\/tet-D2-F.doc.pdf\" data-type=\"attachment\" data-id=\"1399\" target=\"_blank\" rel=\"noreferrer noopener\">Kinder, die in die Schule kommen<\/a><\/li>\n<\/ol>\n\n\n\n<h2 class=\"wp-block-heading\">E Zusammenarbeit<\/h2>\n\n\n\n<ol class=\"wp-block-list\">\n<li><a href=\"https:\/\/lebenshilfe-guestrow.com\/wp-content\/uploads\/2024\/01\/tet-E1-F.doc.pdf\" data-type=\"attachment\" data-id=\"1400\" target=\"_blank\" rel=\"noreferrer noopener\">Die Rolle der Leitung<\/a><\/li>\n\n\n\n<li><a href=\"https:\/\/lebenshilfe-guestrow.com\/wp-content\/uploads\/2024\/01\/tet-E2-F.doc.pdf\" data-type=\"attachment\" data-id=\"1401\" target=\"_blank\" rel=\"noreferrer noopener\">Zusammenarbeit im Team<\/a><\/li>\n\n\n\n<li><a href=\"https:\/\/lebenshilfe-guestrow.com\/wp-content\/uploads\/2024\/01\/tet-E3-F.doc.pdf\" data-type=\"attachment\" data-id=\"1402\" target=\"_blank\" rel=\"noreferrer noopener\">Besprechungen<\/a><\/li>\n\n\n\n<li><a href=\"https:\/\/lebenshilfe-guestrow.com\/wp-content\/uploads\/2024\/01\/tet-E4-F.doc.pdf\" data-type=\"attachment\" data-id=\"1403\" target=\"_blank\" rel=\"noreferrer noopener\">Zusammenarbeit mit Praktikanten<\/a><\/li>\n\n\n\n<li><a href=\"https:\/\/lebenshilfe-guestrow.com\/wp-content\/uploads\/2024\/01\/tet-E5.doc.pdf\" data-type=\"attachment\" data-id=\"1404\" target=\"_blank\" rel=\"noreferrer noopener\">Zusammenarbeit mit Tr\u00e4gern<\/a><\/li>\n<\/ol>\n\n\n\n<h2 class=\"wp-block-heading\">F Zusammenarbeit mit Eltern<\/h2>\n\n\n\n<ol class=\"wp-block-list\">\n<li><a href=\"https:\/\/lebenshilfe-guestrow.com\/wp-content\/uploads\/2024\/01\/tet-F1-F.doc.pdf\" data-type=\"attachment\" data-id=\"1405\" target=\"_blank\" rel=\"noreferrer noopener\">Der \u00dcbergang von der Familie in die Kita &#8211; Eingew\u00f6hnung<\/a><\/li>\n\n\n\n<li><a href=\"https:\/\/lebenshilfe-guestrow.com\/wp-content\/uploads\/2024\/01\/tet-F2.pdf\" data-type=\"attachment\" data-id=\"1406\" target=\"_blank\" rel=\"noreferrer noopener\">Erziehungspartnerschaft zwischen Erziehern und Eltern<\/a><\/li>\n<\/ol>\n\n\n\n<h2 class=\"wp-block-heading\">G Kontakte der Kindertageseinrichtung<\/h2>\n\n\n\n<ol class=\"wp-block-list\">\n<li><a href=\"https:\/\/lebenshilfe-guestrow.com\/wp-content\/uploads\/2024\/01\/tet-G1-F.pdf\" data-type=\"attachment\" data-id=\"1407\" target=\"_blank\" rel=\"noreferrer noopener\">Zusammenarbeit mit anderen Kitas und den Schulen<\/a><\/li>\n\n\n\n<li><a href=\"https:\/\/lebenshilfe-guestrow.com\/wp-content\/uploads\/2024\/01\/tet-G2-F.doc.pdf\" data-type=\"attachment\" data-id=\"1408\" target=\"_blank\" rel=\"noreferrer noopener\">Kontakte zu anderen Institutionen und Betrieben<\/a><\/li>\n\n\n\n<li><a href=\"https:\/\/lebenshilfe-guestrow.com\/wp-content\/uploads\/2024\/01\/tet-G3-F.doc.pdf\" data-type=\"attachment\" data-id=\"1409\" target=\"_blank\" rel=\"noreferrer noopener\">\u00d6ffentlichkeitsarbeit<\/a><\/li>\n<\/ol>\n\n\n\n<hr class=\"wp-block-separator has-alpha-channel-opacity\"\/>\n<\/div>\n\n\n\n<div class=\"wp-block-column is-layout-flow wp-block-column-is-layout-flow\" style=\"flex-basis:16%\">\n<h2 class=\"wp-block-heading\">Kontakt<\/h2>\n\n\n\n<figure class=\"wp-block-table is-style-stripes has-small-font-size\"><table class=\"has-text-color has-link-color\" style=\"color:#0b67b7\"><tbody><tr><td><strong>Integrative Kita &#8222;Ostwind&#8220;<\/strong><br>Stra\u00dfe der Freundschaft 6<br>17166 Teterow<br>Tel: 03996 \/ 17 30 35<br>Fax: 03996 \/ 14 07 67<\/td><\/tr><tr><td><strong>Ansprechpartner<\/strong><br>Frau Bauer<br><a href=\"mailto:leitung-teterow@lebenshilfe-guestrow.de\" target=\"_blank\" rel=\"noreferrer noopener\">leitung-teterow@lebenshilfe-guestrow.de<\/a><br><strong>Beratung<\/strong><br>Mo-Fr 08:00 &#8211; 15:00 Uhr<\/td><\/tr><tr><td><strong>\u00d6ffnungszeiten<\/strong><br>Mo-Fr 06:00 &#8211; 17:00 Uhr<\/td><\/tr><\/tbody><\/table><\/figure>\n\n\n\n<h2 class=\"wp-block-heading\">Service<\/h2>\n\n\n\n<p class=\"has-small-font-size\"><a href=\"https:\/\/lebenshilfe-guestrow.com\/wp-content\/uploads\/2023\/12\/Betreuungsvertrag-Kita.pdf\" data-type=\"attachment\" data-id=\"1185\" target=\"_blank\" rel=\"noreferrer noopener\">Betreuungsvertrag Kita<\/a><\/p>\n\n\n\n<p class=\"has-small-font-size\"><a href=\"https:\/\/lebenshilfe-guestrow.com\/wp-content\/uploads\/2023\/12\/Voranmeldung-auf-einen-Betreuungsplatz.pdf\" data-type=\"attachment\" data-id=\"1044\" target=\"_blank\" rel=\"noreferrer noopener\">Voranmeldung auf einen Betreuungsplatz<\/a><\/p>\n\n\n\n<p class=\"has-small-font-size\"><a href=\"https:\/\/www.landkreis-rostock.de\/de\/zustaendigkeit-jugendamt-ohne-wohnort\/leistung\/477\/bedarfspruefung_erteilung_einer_berechtigung_fuer_die_betreuung_in_einer_krippe_kindergarten.html\" target=\"_blank\" rel=\"noreferrer noopener\">Info LK Rostock Kita<\/a><\/p>\n\n\n\n<p class=\"has-small-font-size\"><a href=\"https:\/\/www.landkreis-rostock.de\/de\/zustaendigkeit-sozialamt\/leistung\/515\/wohnort\/11\/zustaendigestellen\/82\/leistungen_zur_sozialen_teilhabe.html\" target=\"_blank\" rel=\"noreferrer noopener\">Eingliederungshilfe<\/a><\/p>\n\n\n\n<hr class=\"wp-block-separator has-text-color has-alpha-channel-opacity has-background is-style-wide\" style=\"background-color:#0b67b7;color:#0b67b7\"\/>\n\n\n\n<h2 class=\"wp-block-heading\">Aktuelles<\/h2>\n\n\n<div class=\"wp-block-categories-dropdown wp-block-categories has-small-font-size\"><label class=\"wp-block-categories__label\" for=\"wp-block-categories-2\">Kategorien<\/label><select  name='category_name' id='wp-block-categories-2' class='postform'>\n\t<option value='-1'>Kategorie ausw\u00e4hlen<\/option>\n\t<option class=\"level-0\" value=\"allgemein-lebenshilfe-guestrow\">Allgemein Lebenshilfe G\u00fcstrow e.V.<\/option>\n\t<option class=\"level-0\" value=\"familienentlastender-dienst\">familienentlastender Dienst<\/option>\n\t<option class=\"level-0\" value=\"ilb\">iLb<\/option>\n\t<option class=\"level-0\" value=\"kita\">Kita<\/option>\n\t<option class=\"level-0\" value=\"kita-die-landmaeuse\">Kita &#8222;Die Landm\u00e4use&#8220;<\/option>\n\t<option class=\"level-0\" value=\"kita-medicus\">Kita &#8222;Medicus&#8220;<\/option>\n\t<option class=\"level-0\" value=\"kita-ostwind\">Kita &#8222;Ostwind&#8220;<\/option>\n\t<option class=\"level-0\" value=\"kita-schnatterstuebchen\">Kita &#8222;Schnatterst\u00fcbchen&#8220;<\/option>\n\t<option class=\"level-0\" value=\"kita-sonnenkinder\">Kita &#8222;Sonnenkinder&#8220;<\/option>\n\t<option class=\"level-0\" value=\"wohnstaetten\">Wohnst\u00e4tten<\/option>\n<\/select><script>\n( ( [ dropdownId, homeUrl ] ) => {\n\t\tconst dropdown = document.getElementById( dropdownId );\n\t\tfunction onSelectChange() {\n\t\t\tsetTimeout( () => {\n\t\t\t\tif ( 'escape' === dropdown.dataset.lastkey ) {\n\t\t\t\t\treturn;\n\t\t\t\t}\n\t\t\t\tif ( dropdown.value && dropdown instanceof HTMLSelectElement ) {\n\t\t\t\t\tconst url = new URL( homeUrl );\n\t\t\t\t\turl.searchParams.set( dropdown.name, dropdown.value );\n\t\t\t\t\tlocation.href = url.href;\n\t\t\t\t}\n\t\t\t}, 250 );\n\t\t}\n\t\tfunction onKeyUp( event ) {\n\t\t\tif ( 'Escape' === event.key ) {\n\t\t\t\tdropdown.dataset.lastkey = 'escape';\n\t\t\t} else {\n\t\t\t\tdelete dropdown.dataset.lastkey;\n\t\t\t}\n\t\t}\n\t\tfunction onClick() {\n\t\t\tdelete dropdown.dataset.lastkey;\n\t\t}\n\t\tdropdown.addEventListener( 'keyup', onKeyUp );\n\t\tdropdown.addEventListener( 'click', onClick );\n\t\tdropdown.addEventListener( 'change', onSelectChange );\n\t} )( [\"wp-block-categories-2\",\"https:\/\/lebenshilfe-guestrow.com\"] );\n\/\/# sourceURL=build_dropdown_script_block_core_categories\n<\/script>\n\n<\/div>\n\n\n<hr class=\"wp-block-separator has-text-color has-alpha-channel-opacity has-background is-style-wide\" style=\"background-color:#0b67b7;color:#0b67b7\"\/>\n<\/div>\n<\/div>\n\n\n\n<figure class=\"wp-block-gallery has-nested-images columns-default is-cropped wp-block-gallery-2 is-layout-flex wp-block-gallery-is-layout-flex\">\n<figure class=\"wp-block-image size-large\"><img loading=\"lazy\" decoding=\"async\" width=\"1024\" height=\"683\" data-id=\"356\" src=\"https:\/\/Lebenshilfe-Gues-ukcpok3l9w.live-website.com\/wp-content\/uploads\/2023\/10\/Teterow-01-1024x683.jpg\" alt=\"\" class=\"wp-image-356\" srcset=\"https:\/\/lebenshilfe-guestrow.com\/wp-content\/uploads\/2023\/10\/Teterow-01-1024x683.jpg 1024w, https:\/\/lebenshilfe-guestrow.com\/wp-content\/uploads\/2023\/10\/Teterow-01-300x200.jpg 300w, https:\/\/lebenshilfe-guestrow.com\/wp-content\/uploads\/2023\/10\/Teterow-01-768x512.jpg 768w, https:\/\/lebenshilfe-guestrow.com\/wp-content\/uploads\/2023\/10\/Teterow-01-1536x1024.jpg 1536w, https:\/\/lebenshilfe-guestrow.com\/wp-content\/uploads\/2023\/10\/Teterow-01-2048x1365.jpg 2048w\" sizes=\"auto, (max-width: 1024px) 100vw, 1024px\" \/><\/figure>\n\n\n\n<figure class=\"wp-block-image size-large\"><img loading=\"lazy\" decoding=\"async\" width=\"1024\" height=\"683\" data-id=\"358\" src=\"https:\/\/Lebenshilfe-Gues-ukcpok3l9w.live-website.com\/wp-content\/uploads\/2023\/10\/Teterow_07-1024x683.jpg\" alt=\"\" class=\"wp-image-358\" srcset=\"https:\/\/lebenshilfe-guestrow.com\/wp-content\/uploads\/2023\/10\/Teterow_07-1024x683.jpg 1024w, https:\/\/lebenshilfe-guestrow.com\/wp-content\/uploads\/2023\/10\/Teterow_07-300x200.jpg 300w, https:\/\/lebenshilfe-guestrow.com\/wp-content\/uploads\/2023\/10\/Teterow_07-768x512.jpg 768w, https:\/\/lebenshilfe-guestrow.com\/wp-content\/uploads\/2023\/10\/Teterow_07-1536x1024.jpg 1536w, https:\/\/lebenshilfe-guestrow.com\/wp-content\/uploads\/2023\/10\/Teterow_07-2048x1365.jpg 2048w\" sizes=\"auto, (max-width: 1024px) 100vw, 1024px\" \/><\/figure>\n<\/figure>\n","protected":false},"excerpt":{"rendered":"<p>Integrative Kindertagesst\u00e4tte &#8222;Ostwind&#8220; in Teterow O offen f\u00fcr alle S selbst bestimmt T t\u00e4tig sein macht Spa\u00df W wir helfen uns gegenseitig I Inklusion von Anfang an N niemand will alleine sein D durch Ausprobieren die Welt entdecken Kapazit\u00e4t Unsere integrative Kita ist eine Einrichtung mit einem erg\u00e4nzenden und unterst\u00fctzenden Angebot zum Lebens- und Lernraum [&hellip;]<\/p>\n","protected":false},"author":1,"featured_media":0,"parent":664,"menu_order":0,"comment_status":"closed","ping_status":"closed","template":"","meta":{"ocean_post_layout":"full-screen","ocean_both_sidebars_style":"","ocean_both_sidebars_content_width":0,"ocean_both_sidebars_sidebars_width":0,"ocean_sidebar":"ocs-kita-ostwind","ocean_second_sidebar":"","ocean_disable_margins":"enable","ocean_add_body_class":"","ocean_shortcode_before_top_bar":"","ocean_shortcode_after_top_bar":"","ocean_shortcode_before_header":"","ocean_shortcode_after_header":"","ocean_has_shortcode":"","ocean_shortcode_after_title":"","ocean_shortcode_before_footer_widgets":"","ocean_shortcode_after_footer_widgets":"","ocean_shortcode_before_footer_bottom":"","ocean_shortcode_after_footer_bottom":"","ocean_display_top_bar":"default","ocean_display_header":"default","ocean_header_style":"","ocean_center_header_left_menu":"","ocean_custom_header_template":"","ocean_custom_logo":0,"ocean_custom_retina_logo":0,"ocean_custom_logo_max_width":0,"ocean_custom_logo_tablet_max_width":0,"ocean_custom_logo_mobile_max_width":0,"ocean_custom_logo_max_height":0,"ocean_custom_logo_tablet_max_height":0,"ocean_custom_logo_mobile_max_height":0,"ocean_header_custom_menu":"","ocean_menu_typo_font_family":"","ocean_menu_typo_font_subset":"","ocean_menu_typo_font_size":0,"ocean_menu_typo_font_size_tablet":0,"ocean_menu_typo_font_size_mobile":0,"ocean_menu_typo_font_size_unit":"px","ocean_menu_typo_font_weight":"","ocean_menu_typo_font_weight_tablet":"","ocean_menu_typo_font_weight_mobile":"","ocean_menu_typo_transform":"","ocean_menu_typo_transform_tablet":"","ocean_menu_typo_transform_mobile":"","ocean_menu_typo_line_height":0,"ocean_menu_typo_line_height_tablet":0,"ocean_menu_typo_line_height_mobile":0,"ocean_menu_typo_line_height_unit":"","ocean_menu_typo_spacing":0,"ocean_menu_typo_spacing_tablet":0,"ocean_menu_typo_spacing_mobile":0,"ocean_menu_typo_spacing_unit":"","ocean_menu_link_color":"","ocean_menu_link_color_hover":"","ocean_menu_link_color_active":"","ocean_menu_link_background":"","ocean_menu_link_hover_background":"","ocean_menu_link_active_background":"","ocean_menu_social_links_bg":"","ocean_menu_social_hover_links_bg":"","ocean_menu_social_links_color":"","ocean_menu_social_hover_links_color":"","ocean_disable_title":"default","ocean_disable_heading":"default","ocean_post_title":"","ocean_post_subheading":"","ocean_post_title_style":"","ocean_post_title_background_color":"","ocean_post_title_background":0,"ocean_post_title_bg_image_position":"","ocean_post_title_bg_image_attachment":"","ocean_post_title_bg_image_repeat":"","ocean_post_title_bg_image_size":"","ocean_post_title_height":0,"ocean_post_title_bg_overlay":0.5,"ocean_post_title_bg_overlay_color":"","ocean_disable_breadcrumbs":"default","ocean_breadcrumbs_color":"","ocean_breadcrumbs_separator_color":"","ocean_breadcrumbs_links_color":"","ocean_breadcrumbs_links_hover_color":"","ocean_display_footer_widgets":"default","ocean_display_footer_bottom":"default","ocean_custom_footer_template":"","footnotes":""},"class_list":["post-355","page","type-page","status-publish","hentry","entry"],"_links":{"self":[{"href":"https:\/\/lebenshilfe-guestrow.com\/index.php?rest_route=\/wp\/v2\/pages\/355","targetHints":{"allow":["GET"]}}],"collection":[{"href":"https:\/\/lebenshilfe-guestrow.com\/index.php?rest_route=\/wp\/v2\/pages"}],"about":[{"href":"https:\/\/lebenshilfe-guestrow.com\/index.php?rest_route=\/wp\/v2\/types\/page"}],"author":[{"embeddable":true,"href":"https:\/\/lebenshilfe-guestrow.com\/index.php?rest_route=\/wp\/v2\/users\/1"}],"replies":[{"embeddable":true,"href":"https:\/\/lebenshilfe-guestrow.com\/index.php?rest_route=%2Fwp%2Fv2%2Fcomments&post=355"}],"version-history":[{"count":57,"href":"https:\/\/lebenshilfe-guestrow.com\/index.php?rest_route=\/wp\/v2\/pages\/355\/revisions"}],"predecessor-version":[{"id":2293,"href":"https:\/\/lebenshilfe-guestrow.com\/index.php?rest_route=\/wp\/v2\/pages\/355\/revisions\/2293"}],"up":[{"embeddable":true,"href":"https:\/\/lebenshilfe-guestrow.com\/index.php?rest_route=\/wp\/v2\/pages\/664"}],"wp:attachment":[{"href":"https:\/\/lebenshilfe-guestrow.com\/index.php?rest_route=%2Fwp%2Fv2%2Fmedia&parent=355"}],"curies":[{"name":"wp","href":"https:\/\/api.w.org\/{rel}","templated":true}]}}