{"id":39,"date":"2023-10-15T15:30:04","date_gmt":"2023-10-15T13:30:04","guid":{"rendered":"https:\/\/Lebenshilfe-Gues-ukcpok3l9w.live-website.com\/?page_id=39"},"modified":"2025-09-18T08:29:48","modified_gmt":"2025-09-18T06:29:48","slug":"kindergarten-sonnenkinder","status":"publish","type":"page","link":"https:\/\/lebenshilfe-guestrow.com\/?page_id=39","title":{"rendered":"Kita &#8222;Sonnenkinder&#8220;"},"content":{"rendered":"\n<div class=\"wp-block-cover is-light\" style=\"min-height:377px;aspect-ratio:unset;\"><img loading=\"lazy\" decoding=\"async\" width=\"1200\" height=\"800\" class=\"wp-block-cover__image-background wp-image-559\" alt=\"Kita\" src=\"https:\/\/Lebenshilfe-Gues-ukcpok3l9w.live-website.com\/wp-content\/uploads\/2023\/11\/Kinder.jpg\" style=\"object-position:50% 34%\" data-object-fit=\"cover\" data-object-position=\"50% 34%\" srcset=\"https:\/\/lebenshilfe-guestrow.com\/wp-content\/uploads\/2023\/11\/Kinder.jpg 1200w, https:\/\/lebenshilfe-guestrow.com\/wp-content\/uploads\/2023\/11\/Kinder-300x200.jpg 300w, https:\/\/lebenshilfe-guestrow.com\/wp-content\/uploads\/2023\/11\/Kinder-1024x683.jpg 1024w, https:\/\/lebenshilfe-guestrow.com\/wp-content\/uploads\/2023\/11\/Kinder-768x512.jpg 768w\" sizes=\"auto, (max-width: 1200px) 100vw, 1200px\" \/><span aria-hidden=\"true\" class=\"wp-block-cover__background has-background-dim-0 has-background-dim\"><\/span><div class=\"wp-block-cover__inner-container is-layout-constrained wp-block-cover-is-layout-constrained\">\n<p class=\"has-text-align-center has-large-font-size\"><\/p>\n<\/div><\/div>\n\n\n\n<hr class=\"wp-block-separator has-alpha-channel-opacity\"\/>\n\n\n\n<div class=\"wp-block-columns is-layout-flex wp-container-core-columns-is-layout-9d6595d7 wp-block-columns-is-layout-flex\">\n<div class=\"wp-block-column is-layout-flow wp-block-column-is-layout-flow\" style=\"flex-basis:11%\"><\/div>\n\n\n\n<div class=\"wp-block-column is-layout-flow wp-block-column-is-layout-flow\" style=\"flex-basis:55%\">\n<h1 class=\"wp-block-heading has-text-align-center\">Integrative Kindertagesst\u00e4tte &#8222;Sonnenkinder&#8220; in G\u00fcstrow<\/h1>\n\n\n\n<p class=\"has-text-align-center has-medium-font-size\" style=\"font-style:italic;font-weight:500\">Wir gehen Hand in Hand gemeinsam unseren Weg.<\/p>\n\n\n\n<p>Die integrative Kindertagesst\u00e4tte &#8222;Sonnenkinder&#8220; ist ein Ort, an dem alle Kinder gemeinsam Spielen, Leben und Lernen.<\/p>\n\n\n\n<h2 class=\"wp-block-heading\">Kapazit\u00e4t<\/h2>\n\n\n\n<ul class=\"wp-block-list\">\n<li>18 Krippenpl\u00e4tze<\/li>\n\n\n\n<li>75 Kindergartenpl\u00e4tze &#8211; davon 20 Pl\u00e4tze f\u00fcr Kinder mit erh\u00f6htem F\u00f6rderbedarf<\/li>\n<\/ul>\n\n\n\n<p>Kinder reagieren unvoreingenommen und unbelastet auf ihr Gegen\u00fcber, so ist ein selbstverst\u00e4ndliches Miteinander und F\u00fcreinander  von Kindern mit und ohne Behinderung m\u00f6glich. Sie erleben sich gegenseitig in ihrer Einmaligkeit und Unverwechselbarkeit.<\/p>\n\n\n\n<h2 class=\"wp-block-heading\">Sommerschlie\u00dfzeit<\/h2>\n\n\n\n<p>In den Sommerferien hat unsere Kita in der <strong>4. und 5. Woche der Sommerferien<\/strong> in Mecklenburg-Vorpommern Betriebsferien. Sollten Sie in dieser Zeit keinen Urlaub nehmen k\u00f6nnen oder keine anderweitige Betreuung f\u00fcr Ihr Kind haben, so bitten wir um Abgabe der ausgef\u00fcllten Formulare, um eine bedarfsgerechte Betreuung abzusichern.<\/p>\n\n\n\n<p><a href=\"https:\/\/lebenshilfe-guestrow.com\/wp-content\/uploads\/2025\/09\/Formular-Sommerschliesszeit.pdf\" data-type=\"attachment\" data-id=\"2284\" target=\"_blank\" rel=\"noreferrer noopener\">Formular Sommerschlie\u00dfzeit zur Bescheinigung durch Sorgeberechtigte und Arbeitgeber<\/a><\/p>\n\n\n\n<h2 class=\"wp-block-heading\"><strong>Konzeption<\/strong><\/h2>\n\n\n\n<p class=\"has-medium-font-size\">0 <a href=\"https:\/\/lebenshilfe-guestrow.com\/wp-content\/uploads\/2025\/02\/SK-0-LH-GUe-als-Traeger-stellt-sich-vor-Konzeption.pdf\" data-type=\"attachment\" data-id=\"1932\" target=\"_blank\" rel=\"noreferrer noopener\">Der Tr\u00e4ger der Einrichtung<\/a><\/p>\n\n\n\n<p class=\"has-text-color has-link-color has-medium-font-size wp-elements-cb6bbaf1a48ce4719ff9642ffa46117c\" style=\"color:#0b67b7\"><strong>A Die Kindertagesst\u00e4tte stellt sich vor<\/strong><\/p>\n\n\n\n<p class=\"has-medium-font-size\">1. <a href=\"https:\/\/lebenshilfe-guestrow.com\/wp-content\/uploads\/2025\/02\/SK-A-1-Das-Profil-der-Kindertageseinrichtung1.pdf\" data-type=\"attachment\" data-id=\"1934\" target=\"_blank\" rel=\"noreferrer noopener\">Profil der Kindertageseinrichtung<\/a><\/p>\n\n\n\n<p class=\"has-medium-font-size\">2. <a href=\"https:\/\/lebenshilfe-guestrow.com\/wp-content\/uploads\/2025\/02\/SK-A-2-Die-Struktur-der-Kindertageseinrichtung.pdf\" data-type=\"attachment\" data-id=\"1968\" target=\"_blank\" rel=\"noreferrer noopener\">Struktur der Kindertageseinrichtung<\/a><\/p>\n\n\n\n<p class=\"has-text-color has-link-color has-medium-font-size wp-elements-6bc966d0427ea89e22539e7c58485026\" style=\"color:#0b67b7\"><strong>B Grundlagen p\u00e4dagogischer Arbeit und ihre Ziele<\/strong><\/p>\n\n\n\n<p class=\"has-medium-font-size\">1. <a href=\"https:\/\/lebenshilfe-guestrow.com\/wp-content\/uploads\/2025\/02\/SK-B-1-Der-Bildungsauftrag-der-Kindereinrichtung.pdf\" data-type=\"attachment\" data-id=\"1972\" target=\"_blank\" rel=\"noreferrer noopener\">Der Bildungsauftrag der Kindertageseinrichtung<\/a><\/p>\n\n\n\n<p class=\"has-medium-font-size\">2. <a href=\"https:\/\/lebenshilfe-guestrow.com\/wp-content\/uploads\/2025\/02\/SK-B-2-Das-Bild-vom-Kind.pdf\" data-type=\"attachment\" data-id=\"1882\" target=\"_blank\" rel=\"noreferrer noopener\">Das Bild vom Kind<\/a><\/p>\n\n\n\n<p class=\"has-medium-font-size\">3 <a href=\"https:\/\/lebenshilfe-guestrow.com\/wp-content\/uploads\/2025\/02\/SK-B-3-Partizipation-von-Kindern.pdf\" data-type=\"attachment\" data-id=\"1883\" target=\"_blank\" rel=\"noreferrer noopener\">Partizipation von Kindern<\/a><\/p>\n\n\n\n<p class=\"has-medium-font-size\">4. <a href=\"https:\/\/lebenshilfe-guestrow.com\/wp-content\/uploads\/2025\/02\/SK-B-4-Die-Rechte-der-Kinder.pdf\" data-type=\"attachment\" data-id=\"1975\" target=\"_blank\" rel=\"noreferrer noopener\">Die Rechte der Kinder<\/a><\/p>\n\n\n\n<p class=\"has-medium-font-size\">5. <a href=\"https:\/\/lebenshilfe-guestrow.com\/wp-content\/uploads\/2025\/02\/SK-B-5-Die-Rolle-des-Erziehers-Heilerziehungsfpflegers.pdf\" data-type=\"attachment\" data-id=\"1885\" target=\"_blank\" rel=\"noreferrer noopener\">Die Rolle des Erziehers<\/a><\/p>\n\n\n\n<p class=\"has-medium-font-size\">6.<a href=\"https:\/\/lebenshilfe-guestrow.com\/wp-content\/uploads\/2025\/02\/SK-B-6-Die-Ziele-der-paedagogischen-Arbeit.pdf\" data-type=\"attachment\" data-id=\"1886\" target=\"_blank\" rel=\"noreferrer noopener\"> Die Ziele der p\u00e4dagogischen Arbeit<\/a><\/p>\n\n\n\n<p class=\"has-text-color has-link-color has-medium-font-size wp-elements-63be19e207d4329be2c06b8aaec3677b\" style=\"color:#0b67b7\"><strong>C Bildung und Erziehung<\/strong><\/p>\n\n\n\n<p class=\"has-text-color has-link-color has-medium-font-size wp-elements-0202c8efc076e49d4edc2833bc148ab6\" style=\"color:#0b67b7\">1. <a href=\"https:\/\/lebenshilfe-guestrow.com\/wp-content\/uploads\/2025\/02\/SK-C-1-Bildungsbereiche.pdf\" data-type=\"attachment\" data-id=\"1887\" target=\"_blank\" rel=\"noreferrer noopener\">Die Bildungsbereiche<\/a><\/p>\n\n\n\n<p class=\"has-text-color has-link-color has-medium-font-size wp-elements-47e5e8b148210dbb9925d1fb217188bd\" style=\"color:#0b67b7\">2. <a href=\"https:\/\/lebenshilfe-guestrow.com\/wp-content\/uploads\/2025\/02\/SK-C-2-Stellenwert-des-Spiels.pdf\" data-type=\"attachment\" data-id=\"1888\" target=\"_blank\" rel=\"noreferrer noopener\">Stellenwert des Spiels<\/a><\/p>\n\n\n\n<p class=\"has-medium-font-size\">3. <a href=\"https:\/\/lebenshilfe-guestrow.com\/wp-content\/uploads\/2025\/02\/SK-C-3-Beobachtungen-und-Dokumentieren.pdf\" data-type=\"attachment\" data-id=\"1889\" target=\"_blank\" rel=\"noreferrer noopener\">Beobachten und Dokumentieren<\/a><\/p>\n\n\n\n<p class=\"has-medium-font-size\">4.<a href=\"https:\/\/lebenshilfe-guestrow.com\/wp-content\/uploads\/2025\/02\/SK-C-4-Planen.pdf\" data-type=\"attachment\" data-id=\"1890\" target=\"_blank\" rel=\"noreferrer noopener\"> Planen<\/a><\/p>\n\n\n\n<p class=\"has-medium-font-size\">5. <a href=\"https:\/\/lebenshilfe-guestrow.com\/wp-content\/uploads\/2025\/02\/SK-C-6-Maedchen-und-Jungen.pdf\" data-type=\"attachment\" data-id=\"1892\" target=\"_blank\" rel=\"noreferrer noopener\">M\u00e4dchen und Jungen<\/a><\/p>\n\n\n\n<p class=\"has-medium-font-size\">6 <a href=\"https:\/\/lebenshilfe-guestrow.com\/wp-content\/uploads\/2025\/02\/SK-C-7-Inklusion-und-Vielfalt.pdf\" data-type=\"attachment\" data-id=\"1893\" target=\"_blank\" rel=\"noreferrer noopener\">Inklusion und Vielfalt<\/a><\/p>\n\n\n\n<p class=\"has-medium-font-size\">7. <a href=\"https:\/\/lebenshilfe-guestrow.com\/wp-content\/uploads\/2025\/02\/SK-C-8-Sexualitaet-von-Kindern.pdf\" data-type=\"attachment\" data-id=\"1894\" target=\"_blank\" rel=\"noreferrer noopener\">Sexualit\u00e4t von Kindern<\/a><\/p>\n\n\n\n<p class=\"has-medium-font-size\">8. <a href=\"https:\/\/lebenshilfe-guestrow.com\/wp-content\/uploads\/2025\/02\/SK-C-9-Gestaltung-der-Gruppenraeume.pdf\" data-type=\"attachment\" data-id=\"1895\" target=\"_blank\" rel=\"noreferrer noopener\">Gestaltung der R\u00e4ume<\/a><\/p>\n\n\n\n<p class=\"has-medium-font-size\">9. <a href=\"https:\/\/lebenshilfe-guestrow.com\/wp-content\/uploads\/2025\/02\/SK-C-10-Gestaltung-des-Tagesablaufes.pdf\" data-type=\"attachment\" data-id=\"1896\" target=\"_blank\" rel=\"noreferrer noopener\">Gestaltung des Tagesablauf und das Lernen im Alltag<\/a><\/p>\n\n\n\n<p class=\"has-medium-font-size\">10. <a href=\"https:\/\/lebenshilfe-guestrow.com\/wp-content\/uploads\/2025\/02\/SK-C-5-Regeln-in-der-KiTa.pdf\" data-type=\"attachment\" data-id=\"1891\" target=\"_blank\" rel=\"noreferrer noopener\">Regeln in der Kita<\/a><\/p>\n\n\n\n<p class=\"has-text-color has-link-color has-medium-font-size wp-elements-4c6c0245add5ec4ec2d16086623d9cf8\" style=\"color:#0b67b7\"><strong>D \u00dcberg\u00e4nge und Gesichtspunkte zu einzelnen Entwicklungsstufen<\/strong><\/p>\n\n\n\n<p class=\"has-medium-font-size\">1. <a href=\"https:\/\/lebenshilfe-guestrow.com\/wp-content\/uploads\/2025\/02\/SK-D-1-Kinder-unter-drei-Jahren.pdf\" data-type=\"attachment\" data-id=\"1898\" target=\"_blank\" rel=\"noreferrer noopener\">Kinder unter 3 Jahren<\/a><\/p>\n\n\n\n<p class=\"has-medium-font-size\">2. <a href=\"https:\/\/lebenshilfe-guestrow.com\/wp-content\/uploads\/2025\/02\/SK-D-2-Kinder-die-in-die-Schule-kommen.pdf\" data-type=\"attachment\" data-id=\"1899\" target=\"_blank\" rel=\"noreferrer noopener\">Kinder, die in die Schule kommen<\/a><\/p>\n\n\n\n<p class=\"has-text-color has-link-color has-medium-font-size wp-elements-576dadd12e2e3bbe1888154ed9cc98c2\" style=\"color:#0b67b7\"><strong>E Zusammenarbeit<\/strong><\/p>\n\n\n\n<p class=\"has-medium-font-size\">1. <a href=\"https:\/\/lebenshilfe-guestrow.com\/wp-content\/uploads\/2025\/02\/SK-E-1-Die-Rolle-der-Leiterin.pdf\" data-type=\"attachment\" data-id=\"1900\" target=\"_blank\" rel=\"noreferrer noopener\">Die Rolle der Leitung<\/a><\/p>\n\n\n\n<p class=\"has-medium-font-size\">2. <a href=\"https:\/\/lebenshilfe-guestrow.com\/wp-content\/uploads\/2025\/02\/SK-E-2-Zusammenarbeit-im-Team.pdf\" data-type=\"attachment\" data-id=\"1901\" target=\"_blank\" rel=\"noreferrer noopener\">Zusammenarbeit im Team<\/a><\/p>\n\n\n\n<p class=\"has-medium-font-size\">3. <a href=\"https:\/\/lebenshilfe-guestrow.com\/wp-content\/uploads\/2025\/02\/SK-E-3-Besprechungen-und-Informationen.pdf\" data-type=\"attachment\" data-id=\"1957\" target=\"_blank\" rel=\"noreferrer noopener\">Besprechungen<\/a><\/p>\n\n\n\n<p class=\"has-medium-font-size\">4. <a href=\"https:\/\/lebenshilfe-guestrow.com\/wp-content\/uploads\/2025\/02\/SK-E-4-Zusammenarbeit-mit-Praktikantinnen.pdf\" data-type=\"attachment\" data-id=\"1958\" target=\"_blank\" rel=\"noreferrer noopener\">Zusammenarbeit mit Praktikanten<\/a><\/p>\n\n\n\n<p class=\"has-medium-font-size\">5. <a href=\"https:\/\/lebenshilfe-guestrow.com\/wp-content\/uploads\/2025\/02\/SK-E-5-Zusammenarbeit-mit-Traegern.pdf\" data-type=\"attachment\" data-id=\"1959\" target=\"_blank\" rel=\"noreferrer noopener\">Zusammenarbeit mit Tr\u00e4gern<\/a><\/p>\n\n\n\n<p class=\"has-medium-font-size\">3.<a href=\"https:\/\/lebenshilfe-guestrow.com\/wp-content\/uploads\/2025\/02\/SK-G-1-Zusammenarbeit-mit-Schulen.pdf\" data-type=\"attachment\" data-id=\"1962\" target=\"_blank\" rel=\"noreferrer noopener\"> Zusammenarbeit mit den Schulen<\/a><\/p>\n\n\n\n<p class=\"has-text-color has-link-color has-medium-font-size wp-elements-6388cb1542e4762475832cfc0140f4cd\" style=\"color:#0b67b7\"><strong>F Zusammenarbeit mit Eltern<\/strong><\/p>\n\n\n\n<p class=\"has-medium-font-size\">1. <a href=\"https:\/\/lebenshilfe-guestrow.com\/wp-content\/uploads\/2025\/02\/SK-F-1-Der-Uebergang-von-Familie-in-die-KiTa-Eingewoehnung-.pdf\" data-type=\"attachment\" data-id=\"1960\" target=\"_blank\" rel=\"noreferrer noopener\">Der \u00dcbergang von Familie in die Kita- Eingew\u00f6hnung<\/a><\/p>\n\n\n\n<p class=\"has-medium-font-size\">2. <a href=\"https:\/\/lebenshilfe-guestrow.com\/wp-content\/uploads\/2025\/02\/SK-F-2-Erziehungspartnerschaften-zwischen-Eltern-und-Erziehern.pdf\" data-type=\"attachment\" data-id=\"1961\" target=\"_blank\" rel=\"noreferrer noopener\">Erziehungspartnerschaften zwischen Erziehern und Eltern<\/a><\/p>\n\n\n\n<p class=\"has-vivid-cyan-blue-color has-text-color has-link-color has-medium-font-size wp-elements-1313566407a8b41e64ac2a2add2b23b6\"><\/p>\n\n\n\n<p class=\"has-vivid-cyan-blue-color has-text-color has-link-color has-medium-font-size wp-elements-811473672a4dc949a698cbb18c02ba8b\"><a href=\"https:\/\/lebenshilfe-guestrow.com\/wp-content\/uploads\/2025\/02\/SK-G-2-Oeffentlichtsarbeit-Darstellung-der-Kindertagesstaettennach-aussen.pdf\" data-type=\"attachment\" data-id=\"1964\" target=\"_blank\" rel=\"noreferrer noopener\">\u00d6ffentlichkeitsarbeit<\/a><\/p>\n\n\n\n<p class=\"has-vivid-cyan-blue-color has-text-color has-link-color has-medium-font-size wp-elements-827610fe3d7e34995675303b7439eada\"><a href=\"https:\/\/lebenshilfe-guestrow.com\/wp-content\/uploads\/2025\/02\/SK-H-1-Qualitaetskriterien-und-Qualitaetsinstrumente.pdf\" data-type=\"attachment\" data-id=\"1963\" target=\"_blank\" rel=\"noreferrer noopener\"> Qualit\u00e4tskriterien <\/a><\/p>\n\n\n\n<ol class=\"wp-block-list\">\n<li><\/li>\n<\/ol>\n\n\n\n<p class=\"has-medium-font-size\"><\/p>\n\n\n\n<hr class=\"wp-block-separator has-alpha-channel-opacity\"\/>\n<\/div>\n\n\n\n<div class=\"wp-block-column is-layout-flow wp-block-column-is-layout-flow\" style=\"flex-basis:15%\">\n<h2 class=\"wp-block-heading\">Kontakt<\/h2>\n\n\n\n<figure class=\"wp-block-table is-style-stripes has-small-font-size\"><table class=\"has-text-color has-link-color\" style=\"color:#0b67b7\"><tbody><tr><td><strong>Integrative Kindertagesst\u00e4tte  <\/strong>&#8222;Sonnenkinder&#8220;<br>Gustav-Adolf-Stra\u00dfe 8<br>18273 G\u00fcstrow<br>Tel: 03843 \/ 85 59 15<br>Fax: 03843 \/ 85 59 10<\/td><\/tr><tr><td><strong>Ansprechpartner:<\/strong><br>Frau Dahm<br><a href=\"mailto:leitung-guestrow@lebenshilfe-guestrow.de\" target=\"_blank\" rel=\"noreferrer noopener\">leitung-guestrow@lebenshilfe-guestrow.de<\/a><br><strong>Beratung<\/strong><br>Mo &#8211; Fr 08:00-15:00 Uhr<\/td><\/tr><tr><td><strong>\u00d6ffnungszeiten<\/strong><br>06:00 &#8211; 17:00 Uhr<\/td><\/tr><\/tbody><\/table><\/figure>\n\n\n\n<h2 class=\"wp-block-heading\">Service<\/h2>\n\n\n\n<p class=\"has-small-font-size\"><a href=\"https:\/\/lebenshilfe-guestrow.com\/wp-content\/uploads\/2023\/12\/Betreuungsvertrag-Kita.pdf\" data-type=\"attachment\" data-id=\"1185\" target=\"_blank\" rel=\"noreferrer noopener\">Betreuungsvertrag Kita<\/a><\/p>\n\n\n\n<p class=\"has-small-font-size\"><a href=\"https:\/\/lebenshilfe-guestrow.com\/wp-content\/uploads\/2023\/12\/Voranmeldung-auf-einen-Betreuungsplatz.pdf\" data-type=\"attachment\" data-id=\"1044\">Voranmeldung auf einen Betreuungsplatz<\/a><\/p>\n\n\n\n<p class=\"has-small-font-size\"><a href=\"https:\/\/www.landkreis-rostock.de\/de\/zustaendigkeit-jugendamt-ohne-wohnort\/leistung\/477\/bedarfspruefung_erteilung_einer_berechtigung_fuer_die_betreuung_in_einer_krippe_kindergarten.html\" target=\"_blank\" rel=\"noreferrer noopener\">Info LK Rostock<\/a><\/p>\n\n\n\n<hr class=\"wp-block-separator has-text-color has-alpha-channel-opacity has-background is-style-wide\" style=\"background-color:#0b67b7;color:#0b67b7\"\/>\n\n\n\n<h2 class=\"wp-block-heading\">Aus unseren Einrichtungen<\/h2>\n\n\n<div class=\"wp-block-categories-dropdown wp-block-categories has-small-font-size\"><label class=\"wp-block-categories__label\" for=\"wp-block-categories-1\">Kategorien<\/label><select  name='category_name' id='wp-block-categories-1' class='postform'>\n\t<option value='-1'>Kategorie ausw\u00e4hlen<\/option>\n\t<option class=\"level-0\" value=\"allgemein-lebenshilfe-guestrow\">Allgemein Lebenshilfe G\u00fcstrow e.V.<\/option>\n\t<option class=\"level-0\" value=\"familienentlastender-dienst\">familienentlastender Dienst<\/option>\n\t<option class=\"level-0\" value=\"ilb\">iLb<\/option>\n\t<option class=\"level-0\" value=\"kita\">Kita<\/option>\n\t<option class=\"level-0\" value=\"kita-die-landmaeuse\">Kita &#8222;Die Landm\u00e4use&#8220;<\/option>\n\t<option class=\"level-0\" value=\"kita-medicus\">Kita &#8222;Medicus&#8220;<\/option>\n\t<option class=\"level-0\" value=\"kita-ostwind\">Kita &#8222;Ostwind&#8220;<\/option>\n\t<option class=\"level-0\" value=\"kita-schnatterstuebchen\">Kita &#8222;Schnatterst\u00fcbchen&#8220;<\/option>\n\t<option class=\"level-0\" value=\"kita-sonnenkinder\">Kita &#8222;Sonnenkinder&#8220;<\/option>\n\t<option class=\"level-0\" value=\"wohnstaetten\">Wohnst\u00e4tten<\/option>\n<\/select><script>\n( ( [ dropdownId, homeUrl ] ) => {\n\t\tconst dropdown = document.getElementById( dropdownId );\n\t\tfunction onSelectChange() {\n\t\t\tsetTimeout( () => {\n\t\t\t\tif ( 'escape' === dropdown.dataset.lastkey ) {\n\t\t\t\t\treturn;\n\t\t\t\t}\n\t\t\t\tif ( dropdown.value && dropdown instanceof HTMLSelectElement ) {\n\t\t\t\t\tconst url = new URL( homeUrl );\n\t\t\t\t\turl.searchParams.set( dropdown.name, dropdown.value );\n\t\t\t\t\tlocation.href = url.href;\n\t\t\t\t}\n\t\t\t}, 250 );\n\t\t}\n\t\tfunction onKeyUp( event ) {\n\t\t\tif ( 'Escape' === event.key ) {\n\t\t\t\tdropdown.dataset.lastkey = 'escape';\n\t\t\t} else {\n\t\t\t\tdelete dropdown.dataset.lastkey;\n\t\t\t}\n\t\t}\n\t\tfunction onClick() {\n\t\t\tdelete dropdown.dataset.lastkey;\n\t\t}\n\t\tdropdown.addEventListener( 'keyup', onKeyUp );\n\t\tdropdown.addEventListener( 'click', onClick );\n\t\tdropdown.addEventListener( 'change', onSelectChange );\n\t} )( [\"wp-block-categories-1\",\"https:\/\/lebenshilfe-guestrow.com\"] );\n\/\/# sourceURL=build_dropdown_script_block_core_categories\n<\/script>\n\n<\/div>\n\n\n<hr class=\"wp-block-separator has-text-color has-alpha-channel-opacity has-background is-style-wide\" style=\"background-color:#0b67b7;color:#0b67b7\"\/>\n<\/div>\n<\/div>\n\n\n\n<figure class=\"wp-block-gallery has-nested-images columns-default is-cropped wp-block-gallery-2 is-layout-flex wp-block-gallery-is-layout-flex\">\n<figure class=\"wp-block-image size-large\"><img loading=\"lazy\" decoding=\"async\" width=\"1024\" height=\"683\" data-id=\"314\" src=\"https:\/\/Lebenshilfe-Gues-ukcpok3l9w.live-website.com\/wp-content\/uploads\/2023\/10\/Sonnenkinder_002-1024x683.jpg\" alt=\"\" class=\"wp-image-314\" srcset=\"https:\/\/lebenshilfe-guestrow.com\/wp-content\/uploads\/2023\/10\/Sonnenkinder_002-1024x683.jpg 1024w, https:\/\/lebenshilfe-guestrow.com\/wp-content\/uploads\/2023\/10\/Sonnenkinder_002-300x200.jpg 300w, https:\/\/lebenshilfe-guestrow.com\/wp-content\/uploads\/2023\/10\/Sonnenkinder_002-768x512.jpg 768w, https:\/\/lebenshilfe-guestrow.com\/wp-content\/uploads\/2023\/10\/Sonnenkinder_002-1536x1024.jpg 1536w, https:\/\/lebenshilfe-guestrow.com\/wp-content\/uploads\/2023\/10\/Sonnenkinder_002-2048x1365.jpg 2048w\" sizes=\"auto, (max-width: 1024px) 100vw, 1024px\" \/><\/figure>\n\n\n\n<figure class=\"wp-block-image size-large\"><img loading=\"lazy\" decoding=\"async\" width=\"312\" height=\"208\" data-id=\"245\" src=\"https:\/\/Lebenshilfe-Gues-ukcpok3l9w.live-website.com\/wp-content\/uploads\/2023\/10\/Guestrow-Sonnenkinder-Internet.jpg\" alt=\"\" class=\"wp-image-245\" srcset=\"https:\/\/lebenshilfe-guestrow.com\/wp-content\/uploads\/2023\/10\/Guestrow-Sonnenkinder-Internet.jpg 312w, https:\/\/lebenshilfe-guestrow.com\/wp-content\/uploads\/2023\/10\/Guestrow-Sonnenkinder-Internet-300x200.jpg 300w\" sizes=\"auto, (max-width: 312px) 100vw, 312px\" \/><\/figure>\n\n\n\n<figure class=\"wp-block-image size-large\"><img loading=\"lazy\" decoding=\"async\" width=\"1024\" height=\"683\" data-id=\"315\" src=\"https:\/\/Lebenshilfe-Gues-ukcpok3l9w.live-website.com\/wp-content\/uploads\/2023\/10\/Sonnenkinder_006-1024x683.jpg\" alt=\"\" class=\"wp-image-315\" srcset=\"https:\/\/lebenshilfe-guestrow.com\/wp-content\/uploads\/2023\/10\/Sonnenkinder_006-1024x683.jpg 1024w, https:\/\/lebenshilfe-guestrow.com\/wp-content\/uploads\/2023\/10\/Sonnenkinder_006-300x200.jpg 300w, https:\/\/lebenshilfe-guestrow.com\/wp-content\/uploads\/2023\/10\/Sonnenkinder_006-768x512.jpg 768w, https:\/\/lebenshilfe-guestrow.com\/wp-content\/uploads\/2023\/10\/Sonnenkinder_006-1536x1024.jpg 1536w, https:\/\/lebenshilfe-guestrow.com\/wp-content\/uploads\/2023\/10\/Sonnenkinder_006-2048x1365.jpg 2048w\" sizes=\"auto, (max-width: 1024px) 100vw, 1024px\" \/><\/figure>\n<\/figure>\n\n\n\n<p><\/p>\n","protected":false},"excerpt":{"rendered":"<p>Integrative Kindertagesst\u00e4tte &#8222;Sonnenkinder&#8220; in G\u00fcstrow Wir gehen Hand in Hand gemeinsam unseren Weg. Die integrative Kindertagesst\u00e4tte &#8222;Sonnenkinder&#8220; ist ein Ort, an dem alle Kinder gemeinsam Spielen, Leben und Lernen. Kapazit\u00e4t Kinder reagieren unvoreingenommen und unbelastet auf ihr Gegen\u00fcber, so ist ein selbstverst\u00e4ndliches Miteinander und F\u00fcreinander von Kindern mit und ohne Behinderung m\u00f6glich. Sie erleben sich [&hellip;]<\/p>\n","protected":false},"author":1,"featured_media":0,"parent":664,"menu_order":0,"comment_status":"closed","ping_status":"closed","template":"","meta":{"ocean_post_layout":"full-screen","ocean_both_sidebars_style":"","ocean_both_sidebars_content_width":0,"ocean_both_sidebars_sidebars_width":0,"ocean_sidebar":"","ocean_second_sidebar":"","ocean_disable_margins":"enable","ocean_add_body_class":"","ocean_shortcode_before_top_bar":"","ocean_shortcode_after_top_bar":"","ocean_shortcode_before_header":"","ocean_shortcode_after_header":"","ocean_has_shortcode":"","ocean_shortcode_after_title":"","ocean_shortcode_before_footer_widgets":"","ocean_shortcode_after_footer_widgets":"","ocean_shortcode_before_footer_bottom":"","ocean_shortcode_after_footer_bottom":"","ocean_display_top_bar":"default","ocean_display_header":"default","ocean_header_style":"","ocean_center_header_left_menu":"","ocean_custom_header_template":"","ocean_custom_logo":0,"ocean_custom_retina_logo":0,"ocean_custom_logo_max_width":0,"ocean_custom_logo_tablet_max_width":0,"ocean_custom_logo_mobile_max_width":0,"ocean_custom_logo_max_height":0,"ocean_custom_logo_tablet_max_height":0,"ocean_custom_logo_mobile_max_height":0,"ocean_header_custom_menu":"","ocean_menu_typo_font_family":"","ocean_menu_typo_font_subset":"","ocean_menu_typo_font_size":0,"ocean_menu_typo_font_size_tablet":0,"ocean_menu_typo_font_size_mobile":0,"ocean_menu_typo_font_size_unit":"px","ocean_menu_typo_font_weight":"","ocean_menu_typo_font_weight_tablet":"","ocean_menu_typo_font_weight_mobile":"","ocean_menu_typo_transform":"","ocean_menu_typo_transform_tablet":"","ocean_menu_typo_transform_mobile":"","ocean_menu_typo_line_height":0,"ocean_menu_typo_line_height_tablet":0,"ocean_menu_typo_line_height_mobile":0,"ocean_menu_typo_line_height_unit":"","ocean_menu_typo_spacing":0,"ocean_menu_typo_spacing_tablet":0,"ocean_menu_typo_spacing_mobile":0,"ocean_menu_typo_spacing_unit":"","ocean_menu_link_color":"","ocean_menu_link_color_hover":"","ocean_menu_link_color_active":"","ocean_menu_link_background":"","ocean_menu_link_hover_background":"","ocean_menu_link_active_background":"","ocean_menu_social_links_bg":"","ocean_menu_social_hover_links_bg":"","ocean_menu_social_links_color":"","ocean_menu_social_hover_links_color":"","ocean_disable_title":"default","ocean_disable_heading":"default","ocean_post_title":"","ocean_post_subheading":"","ocean_post_title_style":"","ocean_post_title_background_color":"","ocean_post_title_background":0,"ocean_post_title_bg_image_position":"","ocean_post_title_bg_image_attachment":"","ocean_post_title_bg_image_repeat":"","ocean_post_title_bg_image_size":"","ocean_post_title_height":0,"ocean_post_title_bg_overlay":0.5,"ocean_post_title_bg_overlay_color":"","ocean_disable_breadcrumbs":"default","ocean_breadcrumbs_color":"","ocean_breadcrumbs_separator_color":"","ocean_breadcrumbs_links_color":"","ocean_breadcrumbs_links_hover_color":"","ocean_display_footer_widgets":"default","ocean_display_footer_bottom":"default","ocean_custom_footer_template":"","footnotes":""},"class_list":["post-39","page","type-page","status-publish","hentry","entry"],"_links":{"self":[{"href":"https:\/\/lebenshilfe-guestrow.com\/index.php?rest_route=\/wp\/v2\/pages\/39","targetHints":{"allow":["GET"]}}],"collection":[{"href":"https:\/\/lebenshilfe-guestrow.com\/index.php?rest_route=\/wp\/v2\/pages"}],"about":[{"href":"https:\/\/lebenshilfe-guestrow.com\/index.php?rest_route=\/wp\/v2\/types\/page"}],"author":[{"embeddable":true,"href":"https:\/\/lebenshilfe-guestrow.com\/index.php?rest_route=\/wp\/v2\/users\/1"}],"replies":[{"embeddable":true,"href":"https:\/\/lebenshilfe-guestrow.com\/index.php?rest_route=%2Fwp%2Fv2%2Fcomments&post=39"}],"version-history":[{"count":97,"href":"https:\/\/lebenshilfe-guestrow.com\/index.php?rest_route=\/wp\/v2\/pages\/39\/revisions"}],"predecessor-version":[{"id":2300,"href":"https:\/\/lebenshilfe-guestrow.com\/index.php?rest_route=\/wp\/v2\/pages\/39\/revisions\/2300"}],"up":[{"embeddable":true,"href":"https:\/\/lebenshilfe-guestrow.com\/index.php?rest_route=\/wp\/v2\/pages\/664"}],"wp:attachment":[{"href":"https:\/\/lebenshilfe-guestrow.com\/index.php?rest_route=%2Fwp%2Fv2%2Fmedia&parent=39"}],"curies":[{"name":"wp","href":"https:\/\/api.w.org\/{rel}","templated":true}]}}