{"id":434,"date":"2023-11-15T11:54:51","date_gmt":"2023-11-15T10:54:51","guid":{"rendered":"https:\/\/Lebenshilfe-Gues-ukcpok3l9w.live-website.com\/?page_id=434"},"modified":"2025-09-22T11:01:31","modified_gmt":"2025-09-22T09:01:31","slug":"fed","status":"publish","type":"page","link":"https:\/\/lebenshilfe-guestrow.com\/?page_id=434","title":{"rendered":"FED"},"content":{"rendered":"\n<p><\/p>\n\n\n\n<hr class=\"wp-block-separator has-alpha-channel-opacity\"\/>\n\n\n\n<div class=\"wp-block-cover is-light\" style=\"min-height:380px;aspect-ratio:unset;\"><img loading=\"lazy\" decoding=\"async\" width=\"1200\" height=\"800\" class=\"wp-block-cover__image-background wp-image-435\" alt=\"\" src=\"https:\/\/Lebenshilfe-Gues-ukcpok3l9w.live-website.com\/wp-content\/uploads\/2023\/11\/Bild-fuer-FED.jpg\" style=\"object-position:48% 42%\" data-object-fit=\"cover\" data-object-position=\"48% 42%\" srcset=\"https:\/\/lebenshilfe-guestrow.com\/wp-content\/uploads\/2023\/11\/Bild-fuer-FED.jpg 1200w, https:\/\/lebenshilfe-guestrow.com\/wp-content\/uploads\/2023\/11\/Bild-fuer-FED-300x200.jpg 300w, https:\/\/lebenshilfe-guestrow.com\/wp-content\/uploads\/2023\/11\/Bild-fuer-FED-1024x683.jpg 1024w, https:\/\/lebenshilfe-guestrow.com\/wp-content\/uploads\/2023\/11\/Bild-fuer-FED-768x512.jpg 768w\" sizes=\"auto, (max-width: 1200px) 100vw, 1200px\" \/><span aria-hidden=\"true\" class=\"wp-block-cover__background has-background-dim-0 has-background-dim\"><\/span><div class=\"wp-block-cover__inner-container is-layout-constrained wp-block-cover-is-layout-constrained\">\n<p class=\"has-text-align-center has-large-font-size\"><\/p>\n<\/div><\/div>\n\n\n\n<hr class=\"wp-block-separator has-alpha-channel-opacity\"\/>\n\n\n\n<div class=\"wp-block-columns is-layout-flex wp-container-core-columns-is-layout-9d6595d7 wp-block-columns-is-layout-flex\">\n<div class=\"wp-block-column is-layout-flow wp-block-column-is-layout-flow\" style=\"flex-basis:11%\"><\/div>\n\n\n\n<div class=\"wp-block-column is-layout-flow wp-block-column-is-layout-flow\" style=\"flex-basis:59%\">\n<h1 class=\"wp-block-heading has-text-align-center\">Familienentlastender Dienst (FED)<\/h1>\n\n\n\n<p class=\"has-text-align-center has-medium-font-size\" style=\"font-style:italic;font-weight:500\">Wege zur Selbsthilfe<\/p>\n\n\n\n<p>Eltern und Geschwister aus Familien, in denen ein Kind, Jugendlicher oder Erwachsener mit Behinderungen lebt, brauchen manchmal Zeiten, in denen sie sich ausruhen k\u00f6nnen. Das soll die Kr\u00e4fte erhalten bzw. wiederherstellen, die f\u00fcr die Pflege und Betreuung des Menschen mit Behinderung notwendig sind.<\/p>\n\n\n\n<p class=\"has-text-align-center\"><strong>Daf\u00fcr gibt es den FED &#8211; Familienentlastender Dienst<\/strong><\/p>\n\n\n\n<p>Auch Menschen mit Behinderung soll dadurch mehr Autonomie und Selbst\u00e4ndigkeit au\u00dferhalb der Familie erm\u00f6glicht werden.<\/p>\n\n\n\n<ul class=\"wp-block-list\">\n<li><a href=\"#wasfed\">Was ist der FED?<\/a><\/li>\n\n\n\n<li><a href=\"#wenfed\">F\u00fcr wen ist der FED?<\/a><\/li>\n\n\n\n<li><a href=\"#machenfed\">Was macht der FED?<\/a><\/li>\n\n\n\n<li><a href=\"#angebotfed\">Wie wird das Angebot finanziert?<\/a><\/li>\n\n\n\n<li><a href=\"#betreuungfed\">Betreuungszeiten Schulferien 2023\/2024<\/a><\/li>\n<\/ul>\n\n\n\n<h2 class=\"wp-block-heading\" id=\"wasfed\">Was ist der FED?<\/h2>\n\n\n\n<p>Der Familienentlastende Dienst der Lebenshilfe G\u00fcstrow e.V. schafft Freir\u00e4ume und unterst\u00fctzt pflegende Angeh\u00f6rige.<\/p>\n\n\n\n<p>Der FED begleitet und unterst\u00fctzt Kinder, Jugendliche und Erwachsene mit Behinderung zu Hause und unterwegs.<\/p>\n\n\n\n<h2 class=\"wp-block-heading\" id=\"wenfed\">F\u00fcr wen ist der FED?<\/h2>\n\n\n\n<p>Das Angebot ist f\u00fcr Kinder, Jugendliche und Erwachsene mit Behinderung und f\u00fcr ihre Familien.<\/p>\n\n\n\n<p>Die Familie wird entlastet. Eltern k\u00f6nnen so neue Kraft tanken, eigenen Interessen nachgehen oder in Ruhe etwas erledigen.<\/p>\n\n\n\n<h2 class=\"wp-block-heading\" id=\"machenfed\">Was macht der FED?<\/h2>\n\n\n\n<p>In der Regel finden die FED-Eins\u00e4tze <strong>stundenweise<\/strong> bis zu acht Stunden am Tag statt. Der Zeitpunkt, die Dauer und die H\u00e4ufigkeit der Eins\u00e4tze richtet sich nach den W\u00fcnschen der Familien.<\/p>\n\n\n\n<p>Unsere Angebote sind z.B.<\/p>\n\n\n\n<ul class=\"wp-block-list\">\n<li>Betreuung, Begleitung und Unterst\u00fctzung bei Freizeitaktivit\u00e4ten<\/li>\n\n\n\n<li>Einzel- und Gruppenbetreuung<\/li>\n\n\n\n<li>Unterst\u00fctzung bei Antragstellungen gleich welcher Art<\/li>\n\n\n\n<li>Begleitung und Unterst\u00fctzung bei Beh\u00f6rdeng\u00e4ngen<\/li>\n\n\n\n<li>Ferienbetreuung w\u00e4hrend der Schulferien<\/li>\n\n\n\n<li>Verhinderungspflege<\/li>\n\n\n\n<li>Begleitung zu Arzt- und Therapiebesuchen<\/li>\n\n\n\n<li>Vermittlung von Hilfen und Angeboten<\/li>\n<\/ul>\n\n\n\n<figure class=\"wp-block-gallery has-nested-images columns-default is-cropped wp-block-gallery-2 is-layout-flex wp-block-gallery-is-layout-flex\">\n<figure class=\"wp-block-image size-large\"><img loading=\"lazy\" decoding=\"async\" width=\"1024\" height=\"1024\" data-id=\"1225\" src=\"https:\/\/Lebenshilfe-Gues-ukcpok3l9w.live-website.com\/wp-content\/uploads\/2024\/01\/Malen-1024x1024.jpg\" alt=\"\" class=\"wp-image-1225\" srcset=\"https:\/\/lebenshilfe-guestrow.com\/wp-content\/uploads\/2024\/01\/Malen-1024x1024.jpg 1024w, https:\/\/lebenshilfe-guestrow.com\/wp-content\/uploads\/2024\/01\/Malen-300x300.jpg 300w, https:\/\/lebenshilfe-guestrow.com\/wp-content\/uploads\/2024\/01\/Malen-150x150.jpg 150w, https:\/\/lebenshilfe-guestrow.com\/wp-content\/uploads\/2024\/01\/Malen-768x769.jpg 768w, https:\/\/lebenshilfe-guestrow.com\/wp-content\/uploads\/2024\/01\/Malen-600x600.jpg 600w, https:\/\/lebenshilfe-guestrow.com\/wp-content\/uploads\/2024\/01\/Malen.jpg 1200w\" sizes=\"auto, (max-width: 1024px) 100vw, 1024px\" \/><\/figure>\n\n\n\n<figure class=\"wp-block-image size-large\"><img loading=\"lazy\" decoding=\"async\" width=\"1024\" height=\"1024\" data-id=\"1224\" src=\"https:\/\/Lebenshilfe-Gues-ukcpok3l9w.live-website.com\/wp-content\/uploads\/2024\/01\/Fruehstueck-1024x1024.jpg\" alt=\"\" class=\"wp-image-1224\" srcset=\"https:\/\/lebenshilfe-guestrow.com\/wp-content\/uploads\/2024\/01\/Fruehstueck-1024x1024.jpg 1024w, https:\/\/lebenshilfe-guestrow.com\/wp-content\/uploads\/2024\/01\/Fruehstueck-300x300.jpg 300w, https:\/\/lebenshilfe-guestrow.com\/wp-content\/uploads\/2024\/01\/Fruehstueck-150x150.jpg 150w, https:\/\/lebenshilfe-guestrow.com\/wp-content\/uploads\/2024\/01\/Fruehstueck-768x768.jpg 768w, https:\/\/lebenshilfe-guestrow.com\/wp-content\/uploads\/2024\/01\/Fruehstueck-1536x1536.jpg 1536w, https:\/\/lebenshilfe-guestrow.com\/wp-content\/uploads\/2024\/01\/Fruehstueck-2048x2048.jpg 2048w, https:\/\/lebenshilfe-guestrow.com\/wp-content\/uploads\/2024\/01\/Fruehstueck-600x600.jpg 600w\" sizes=\"auto, (max-width: 1024px) 100vw, 1024px\" \/><\/figure>\n<\/figure>\n\n\n\n<hr class=\"wp-block-separator has-alpha-channel-opacity\"\/>\n\n\n\n<h2 class=\"wp-block-heading\" id=\"angebotfed\">Wie wird das Angebot finanziert?<\/h2>\n\n\n\n<p style=\"text-decoration:underline\">Finanzierungsm\u00f6glichkeiten \u00fcber die Pflegekasse<\/p>\n\n\n\n<ul class=\"wp-block-list\">\n<li>Verhinderung der Pflegeperson<\/li>\n\n\n\n<li>Entlastungsleistungen<\/li>\n\n\n\n<li>Kurzzeitpflege<\/li>\n<\/ul>\n\n\n\n<p style=\"text-decoration:underline\">Finanzierungsm\u00f6glichkeiten \u00fcber die Sozialhilfetr\u00e4ger<\/p>\n\n\n\n<ul class=\"wp-block-list\">\n<li>Eingliederungshilfe<\/li>\n\n\n\n<li>Pers\u00f6nliches Budget<\/li>\n\n\n\n<li>Einzelfallhilfen<\/li>\n\n\n\n<li>Hilfe zur Pflege<\/li>\n<\/ul>\n\n\n\n<p style=\"text-decoration:underline\">Selbstzahler<\/p>\n\n\n\n<p>Die Finanzierung des Leistungsangebotes ist auch durch Eigenmittel jederzeit m\u00f6glich.<\/p>\n\n\n\n<p>Wir beraten Sie gerne in einem pers\u00f6nlichen Gespr\u00e4ch zu den Rahmenbedingungen des FED, zur Antragstellung bei den zust\u00e4ndigen Leistungstr\u00e4gern und Ihren individuellen M\u00f6glichkeiten.<\/p>\n\n\n\n<h2 class=\"wp-block-heading\" id=\"betreuungfed\">Betreuung Schulferien 2025 \/ 2026<\/h2>\n\n\n\n<figure class=\"wp-block-table is-style-stripes\"><table><tbody><tr><td><\/td><td>Termine<\/td><td>Anmeldung bis<\/td><\/tr><tr><td>Oktoberferien 2025<\/td><td>20. &#8211; 24.10.2025<\/td><td>19.09.2025<\/td><\/tr><tr><td>Weihnachtsferien 2025<\/td><td>22. &#8211; 23.12.2025<\/td><td>28.11.2025<\/td><\/tr><tr><td>Neujahr 2026<\/td><td>05.01.2026<\/td><td>05.12.2025<\/td><\/tr><tr><td>Winterferien 2026<\/td><td>09. &#8211; 20.02.2026<\/td><td>09.01.2026<\/td><\/tr><tr><td>Osterferien 2026<\/td><td>30.03. &#8211; 08.04.2026<\/td><td>27.02.2026<\/td><\/tr><tr><td>Pfingstferien 2026<\/td><td>22. &#8211; 26.05.2026<\/td><td>17.04.2026<\/td><\/tr><tr><td>Sommerferien 2026<\/td><td>13.07. &#8211; 21.08.2026<\/td><td>01.06.2026<\/td><\/tr><\/tbody><\/table><\/figure>\n\n\n\n<p>Die Betreuung findet jeweils Montag bis Freitag in der Zeit von 07:30 &#8211; 14:30 Uhr statt. Sind abweichende Betreuungszeiten notwendig oder in den frei beweglichen Ferienzeiten, sprechen Sie uns gerne an.<\/p>\n\n\n\n<p><a href=\"https:\/\/lebenshilfe-guestrow.com\/wp-content\/uploads\/2025\/09\/Flyer-Ferienbetreuung-2025-2026.pdf\" data-type=\"attachment\" data-id=\"2307\">Ferie<\/a><a href=\"https:\/\/lebenshilfe-guestrow.com\/wp-content\/uploads\/2025\/09\/Flyer-Ferienbetreuung-2025-2026.pdf\" data-type=\"attachment\" data-id=\"2307\" target=\"_blank\" rel=\"noreferrer noopener\">n<\/a><a href=\"https:\/\/lebenshilfe-guestrow.com\/wp-content\/uploads\/2025\/09\/Flyer-Ferienbetreuung-2025-2026.pdf\" data-type=\"attachment\" data-id=\"2307\">flyer Schulferien 2025 \/ 2026<\/a><\/p>\n\n\n\n<p><a href=\"https:\/\/lebenshilfe-guestrow.com\/wp-content\/uploads\/2025\/09\/Anmeldung-fuer-Schulferien-2025-2026.pdf\" data-type=\"attachment\" data-id=\"2306\" target=\"_blank\" rel=\"noreferrer noopener\">Anmeldung Ferienbetreuung Schulferien 2025 \/ 2026<\/a><\/p>\n<\/div>\n\n\n\n<div class=\"wp-block-column is-layout-flow wp-block-column-is-layout-flow\" style=\"flex-basis:16%\">\n<h2 class=\"wp-block-heading\">Kontakt<\/h2>\n\n\n\n<figure class=\"wp-block-table is-style-stripes has-small-font-size\"><table class=\"has-text-color has-link-color\" style=\"color:#0b67b7\"><tbody><tr><td><strong>FED<\/strong><br>Gustav-Adolf-Stra\u00dfe 8<br>18273 G\u00fcstrow<br>Tel: 03843 \/ 85 59 16<br>Fax: 03843 \/ 85 59 10<br>Mobil 0172 89 82 64 3<\/td><\/tr><tr><td><strong>Ansprechpartner<\/strong><br>Frau Manzke-Krause<br><a href=\"mailto:fed@lebenshilfe-guestrow.de\" target=\"_blank\" rel=\"noreferrer noopener\">fed@lebenshilfe-guestrow.de<\/a><\/td><\/tr><tr><td><strong>Beratung<\/strong><br>Mo-Fr 08:00 &#8211; 14:00 Uhr<\/td><\/tr><\/tbody><\/table><\/figure>\n\n\n\n<h2 class=\"wp-block-heading\">Service<\/h2>\n\n\n\n<hr class=\"wp-block-separator has-text-color has-alpha-channel-opacity has-background is-style-wide\" style=\"background-color:#0b67b7;color:#0b67b7\"\/>\n\n\n\n<p class=\"has-small-font-size\"><a href=\"https:\/\/www.landkreis-rostock.de\/de\/zustaendigkeit-sozialamt\/leistung\/515\/wohnort\/11\/zustaendigestellen\/82\/leistungen_zur_sozialen_teilhabe.html\" target=\"_blank\" rel=\"noreferrer noopener\">Leistungen zur sozialen Teilhabe<\/a><\/p>\n\n\n\n<p class=\"has-small-font-size\"><a href=\"https:\/\/www.landkreis-rostock.de\/de\/zustaendigkeit-sozialamt\/leistung\/523\/wohnort\/11\/zustaendigestellen\/84\/bildung_und_teilhabe_fuer_kinder_jugendliche_und_junge_erwachsene_beantragen.html\" target=\"_blank\" rel=\"noreferrer noopener\">Bildung und Teilhabe<\/a><\/p>\n\n\n\n<p class=\"has-small-font-size\"><a href=\"https:\/\/www.landkreis-rostock.de\/de\/erziehungshilfen.html?sHcard=1&amp;searchwords=G%C3%BCstrow&amp;category=&amp;btn_search=Suchen&amp;xc_f01e01a094982ffdc10776c9beda71ad=8042a24b448c8bc882b40f4da54a1fd8&amp;_csrf_token=67bc2a4a33eaacbefa6917b4d4390563\" target=\"_blank\" rel=\"noreferrer noopener\">Erziehungshilfen<\/a><\/p>\n\n\n\n<h2 class=\"wp-block-heading\">Aus unseren Einrichtung<\/h2>\n\n\n<div class=\"wp-block-categories-dropdown wp-block-categories has-small-font-size\"><label class=\"wp-block-categories__label\" for=\"wp-block-categories-1\">Kategorien<\/label><select  name='category_name' id='wp-block-categories-1' class='postform'>\n\t<option value='-1'>Kategorie ausw\u00e4hlen<\/option>\n\t<option class=\"level-0\" value=\"allgemein-lebenshilfe-guestrow\">Allgemein Lebenshilfe G\u00fcstrow e.V.<\/option>\n\t<option class=\"level-1\" value=\"familienentlastender-dienst\">&nbsp;&nbsp;&nbsp;familienentlastender Dienst<\/option>\n\t<option class=\"level-0\" value=\"ilb\">iLb<\/option>\n\t<option class=\"level-0\" value=\"kita\">Kita<\/option>\n\t<option class=\"level-1\" value=\"kita-die-landmaeuse\">&nbsp;&nbsp;&nbsp;Kita &#8222;Die Landm\u00e4use&#8220;<\/option>\n\t<option class=\"level-1\" value=\"kita-medicus\">&nbsp;&nbsp;&nbsp;Kita &#8222;Medicus&#8220;<\/option>\n\t<option class=\"level-1\" value=\"kita-ostwind\">&nbsp;&nbsp;&nbsp;Kita &#8222;Ostwind&#8220;<\/option>\n\t<option class=\"level-1\" value=\"kita-schnatterstuebchen\">&nbsp;&nbsp;&nbsp;Kita &#8222;Schnatterst\u00fcbchen&#8220;<\/option>\n\t<option class=\"level-1\" value=\"kita-sonnenkinder\">&nbsp;&nbsp;&nbsp;Kita &#8222;Sonnenkinder&#8220;<\/option>\n\t<option class=\"level-0\" value=\"wohnstaetten\">Wohnst\u00e4tten<\/option>\n<\/select><script>\n( ( [ dropdownId, homeUrl ] ) => {\n\t\tconst dropdown = document.getElementById( dropdownId );\n\t\tfunction onSelectChange() {\n\t\t\tsetTimeout( () => {\n\t\t\t\tif ( 'escape' === dropdown.dataset.lastkey ) {\n\t\t\t\t\treturn;\n\t\t\t\t}\n\t\t\t\tif ( dropdown.value && dropdown instanceof HTMLSelectElement ) {\n\t\t\t\t\tconst url = new URL( homeUrl );\n\t\t\t\t\turl.searchParams.set( dropdown.name, dropdown.value );\n\t\t\t\t\tlocation.href = url.href;\n\t\t\t\t}\n\t\t\t}, 250 );\n\t\t}\n\t\tfunction onKeyUp( event ) {\n\t\t\tif ( 'Escape' === event.key ) {\n\t\t\t\tdropdown.dataset.lastkey = 'escape';\n\t\t\t} else {\n\t\t\t\tdelete dropdown.dataset.lastkey;\n\t\t\t}\n\t\t}\n\t\tfunction onClick() {\n\t\t\tdelete dropdown.dataset.lastkey;\n\t\t}\n\t\tdropdown.addEventListener( 'keyup', onKeyUp );\n\t\tdropdown.addEventListener( 'click', onClick );\n\t\tdropdown.addEventListener( 'change', onSelectChange );\n\t} )( [\"wp-block-categories-1\",\"https:\/\/lebenshilfe-guestrow.com\"] );\n\/\/# sourceURL=build_dropdown_script_block_core_categories\n<\/script>\n\n<\/div>\n\n\n<hr class=\"wp-block-separator has-text-color has-alpha-channel-opacity has-background is-style-wide\" style=\"background-color:#0b67b7;color:#0b67b7\"\/>\n<\/div>\n<\/div>\n","protected":false},"excerpt":{"rendered":"<p>Familienentlastender Dienst (FED) Wege zur Selbsthilfe Eltern und Geschwister aus Familien, in denen ein Kind, Jugendlicher oder Erwachsener mit Behinderungen lebt, brauchen manchmal Zeiten, in denen sie sich ausruhen k\u00f6nnen. Das soll die Kr\u00e4fte erhalten bzw. wiederherstellen, die f\u00fcr die Pflege und Betreuung des Menschen mit Behinderung notwendig sind. Daf\u00fcr gibt es den FED &#8211; [&hellip;]<\/p>\n","protected":false},"author":1,"featured_media":0,"parent":0,"menu_order":0,"comment_status":"closed","ping_status":"closed","template":"","meta":{"ocean_post_layout":"full-screen","ocean_both_sidebars_style":"","ocean_both_sidebars_content_width":0,"ocean_both_sidebars_sidebars_width":0,"ocean_sidebar":"ocs-fed","ocean_second_sidebar":"","ocean_disable_margins":"enable","ocean_add_body_class":"","ocean_shortcode_before_top_bar":"","ocean_shortcode_after_top_bar":"","ocean_shortcode_before_header":"","ocean_shortcode_after_header":"","ocean_has_shortcode":"","ocean_shortcode_after_title":"","ocean_shortcode_before_footer_widgets":"","ocean_shortcode_after_footer_widgets":"","ocean_shortcode_before_footer_bottom":"","ocean_shortcode_after_footer_bottom":"","ocean_display_top_bar":"default","ocean_display_header":"default","ocean_header_style":"","ocean_center_header_left_menu":"","ocean_custom_header_template":"","ocean_custom_logo":0,"ocean_custom_retina_logo":0,"ocean_custom_logo_max_width":0,"ocean_custom_logo_tablet_max_width":0,"ocean_custom_logo_mobile_max_width":0,"ocean_custom_logo_max_height":0,"ocean_custom_logo_tablet_max_height":0,"ocean_custom_logo_mobile_max_height":0,"ocean_header_custom_menu":"","ocean_menu_typo_font_family":"","ocean_menu_typo_font_subset":"","ocean_menu_typo_font_size":0,"ocean_menu_typo_font_size_tablet":0,"ocean_menu_typo_font_size_mobile":0,"ocean_menu_typo_font_size_unit":"px","ocean_menu_typo_font_weight":"","ocean_menu_typo_font_weight_tablet":"","ocean_menu_typo_font_weight_mobile":"","ocean_menu_typo_transform":"","ocean_menu_typo_transform_tablet":"","ocean_menu_typo_transform_mobile":"","ocean_menu_typo_line_height":0,"ocean_menu_typo_line_height_tablet":0,"ocean_menu_typo_line_height_mobile":0,"ocean_menu_typo_line_height_unit":"","ocean_menu_typo_spacing":0,"ocean_menu_typo_spacing_tablet":0,"ocean_menu_typo_spacing_mobile":0,"ocean_menu_typo_spacing_unit":"","ocean_menu_link_color":"","ocean_menu_link_color_hover":"","ocean_menu_link_color_active":"","ocean_menu_link_background":"","ocean_menu_link_hover_background":"","ocean_menu_link_active_background":"","ocean_menu_social_links_bg":"","ocean_menu_social_hover_links_bg":"","ocean_menu_social_links_color":"","ocean_menu_social_hover_links_color":"","ocean_disable_title":"default","ocean_disable_heading":"default","ocean_post_title":"","ocean_post_subheading":"","ocean_post_title_style":"","ocean_post_title_background_color":"","ocean_post_title_background":0,"ocean_post_title_bg_image_position":"","ocean_post_title_bg_image_attachment":"","ocean_post_title_bg_image_repeat":"","ocean_post_title_bg_image_size":"","ocean_post_title_height":0,"ocean_post_title_bg_overlay":0.5,"ocean_post_title_bg_overlay_color":"","ocean_disable_breadcrumbs":"default","ocean_breadcrumbs_color":"","ocean_breadcrumbs_separator_color":"","ocean_breadcrumbs_links_color":"","ocean_breadcrumbs_links_hover_color":"","ocean_display_footer_widgets":"default","ocean_display_footer_bottom":"default","ocean_custom_footer_template":"","footnotes":""},"class_list":["post-434","page","type-page","status-publish","hentry","entry"],"_links":{"self":[{"href":"https:\/\/lebenshilfe-guestrow.com\/index.php?rest_route=\/wp\/v2\/pages\/434","targetHints":{"allow":["GET"]}}],"collection":[{"href":"https:\/\/lebenshilfe-guestrow.com\/index.php?rest_route=\/wp\/v2\/pages"}],"about":[{"href":"https:\/\/lebenshilfe-guestrow.com\/index.php?rest_route=\/wp\/v2\/types\/page"}],"author":[{"embeddable":true,"href":"https:\/\/lebenshilfe-guestrow.com\/index.php?rest_route=\/wp\/v2\/users\/1"}],"replies":[{"embeddable":true,"href":"https:\/\/lebenshilfe-guestrow.com\/index.php?rest_route=%2Fwp%2Fv2%2Fcomments&post=434"}],"version-history":[{"count":44,"href":"https:\/\/lebenshilfe-guestrow.com\/index.php?rest_route=\/wp\/v2\/pages\/434\/revisions"}],"predecessor-version":[{"id":2309,"href":"https:\/\/lebenshilfe-guestrow.com\/index.php?rest_route=\/wp\/v2\/pages\/434\/revisions\/2309"}],"wp:attachment":[{"href":"https:\/\/lebenshilfe-guestrow.com\/index.php?rest_route=%2Fwp%2Fv2%2Fmedia&parent=434"}],"curies":[{"name":"wp","href":"https:\/\/api.w.org\/{rel}","templated":true}]}}