{"id":450,"date":"2023-11-15T13:50:36","date_gmt":"2023-11-15T12:50:36","guid":{"rendered":"https:\/\/Lebenshilfe-Gues-ukcpok3l9w.live-website.com\/?page_id=450"},"modified":"2024-11-19T10:48:41","modified_gmt":"2024-11-19T09:48:41","slug":"mitmachen","status":"publish","type":"page","link":"https:\/\/lebenshilfe-guestrow.com\/?page_id=450","title":{"rendered":"Mitmachen"},"content":{"rendered":"\n<p><\/p>\n\n\n\n<hr class=\"wp-block-separator has-text-color has-white-color has-alpha-channel-opacity has-white-background-color has-background\"\/>\n\n\n\n<div class=\"wp-block-cover is-light\" style=\"min-height:380px;aspect-ratio:unset;\"><span aria-hidden=\"true\" class=\"wp-block-cover__background has-background-dim-0 has-background-dim\"><\/span><img loading=\"lazy\" decoding=\"async\" width=\"2560\" height=\"1707\" class=\"wp-block-cover__image-background wp-image-451\" alt=\"\" src=\"https:\/\/Lebenshilfe-Gues-ukcpok3l9w.live-website.com\/wp-content\/uploads\/2023\/11\/Kind-Rollstuhl-mit-helfenden-Haenden-scaled.jpg\" data-object-fit=\"cover\" srcset=\"https:\/\/lebenshilfe-guestrow.com\/wp-content\/uploads\/2023\/11\/Kind-Rollstuhl-mit-helfenden-Haenden-scaled.jpg 2560w, https:\/\/lebenshilfe-guestrow.com\/wp-content\/uploads\/2023\/11\/Kind-Rollstuhl-mit-helfenden-Haenden-300x200.jpg 300w, https:\/\/lebenshilfe-guestrow.com\/wp-content\/uploads\/2023\/11\/Kind-Rollstuhl-mit-helfenden-Haenden-1024x683.jpg 1024w, https:\/\/lebenshilfe-guestrow.com\/wp-content\/uploads\/2023\/11\/Kind-Rollstuhl-mit-helfenden-Haenden-768x512.jpg 768w, https:\/\/lebenshilfe-guestrow.com\/wp-content\/uploads\/2023\/11\/Kind-Rollstuhl-mit-helfenden-Haenden-1536x1024.jpg 1536w, https:\/\/lebenshilfe-guestrow.com\/wp-content\/uploads\/2023\/11\/Kind-Rollstuhl-mit-helfenden-Haenden-2048x1365.jpg 2048w\" sizes=\"auto, (max-width: 2560px) 100vw, 2560px\" \/><div class=\"wp-block-cover__inner-container is-layout-constrained wp-block-cover-is-layout-constrained\">\n<p class=\"has-text-align-center has-large-font-size\"><\/p>\n<\/div><\/div>\n\n\n\n<hr class=\"wp-block-separator has-alpha-channel-opacity\"\/>\n\n\n\n<div class=\"wp-block-columns is-layout-flex wp-container-core-columns-is-layout-9d6595d7 wp-block-columns-is-layout-flex\">\n<div class=\"wp-block-column is-layout-flow wp-block-column-is-layout-flow\" style=\"flex-basis:11%\"><\/div>\n\n\n\n<div class=\"wp-block-column is-layout-flow wp-block-column-is-layout-flow\" style=\"flex-basis:59%\">\n<h1 class=\"wp-block-heading has-text-align-center\">Mitmachen &#8211; Ihr Engagement f\u00fcr die Lebenshilfe<\/h1>\n\n\n\n<blockquote class=\"wp-block-quote is-layout-flow wp-block-quote-is-layout-flow\">\n<p>Mitmachen bei der Lebenshilfe hei\u00dft: Gemeinsam etwas f\u00fcr Menschen mit Behinderung erreichen. Teil einer Bewegung sein und Spa\u00df daran haben.<\/p>\n\n\n\n<p>Die Lebenshilfe bietet Ihnen viele M\u00f6glichkeiten dazu. Sie k\u00f6nnen Spenden, Mitglied werden, ehrenamtlich mitarbeiten und vieles mehr. Engagement f\u00fcr Teilhabe passt zu Ihnen? Dann passen Sie auf jeden Fall zur Lebenshilfe!<\/p>\n<cite><a href=\"https:\/\/www.lebenshilfe.de\/mitmachen\/\" target=\"_blank\" rel=\"noreferrer noopener\">Bundesvereinigung Lebenshilfe<\/a><\/cite><\/blockquote>\n\n\n\n<div class=\"wp-block-columns is-layout-flex wp-container-core-columns-is-layout-9d6595d7 wp-block-columns-is-layout-flex\">\n<div class=\"wp-block-column is-layout-flow wp-block-column-is-layout-flow\">\n<figure class=\"wp-block-image size-large\"><img loading=\"lazy\" decoding=\"async\" width=\"1024\" height=\"683\" src=\"https:\/\/Lebenshilfe-Gues-ukcpok3l9w.live-website.com\/wp-content\/uploads\/2023\/11\/Bild-fuer-Spendenseite-1024x683.jpg\" alt=\"Dabeisein\" class=\"wp-image-460\" srcset=\"https:\/\/lebenshilfe-guestrow.com\/wp-content\/uploads\/2023\/11\/Bild-fuer-Spendenseite-1024x683.jpg 1024w, https:\/\/lebenshilfe-guestrow.com\/wp-content\/uploads\/2023\/11\/Bild-fuer-Spendenseite-300x200.jpg 300w, https:\/\/lebenshilfe-guestrow.com\/wp-content\/uploads\/2023\/11\/Bild-fuer-Spendenseite-768x512.jpg 768w, https:\/\/lebenshilfe-guestrow.com\/wp-content\/uploads\/2023\/11\/Bild-fuer-Spendenseite.jpg 1200w\" sizes=\"auto, (max-width: 1024px) 100vw, 1024px\" \/><\/figure>\n\n\n\n<div class=\"wp-block-buttons alignfull is-content-justification-center is-layout-flex wp-container-core-buttons-is-layout-16018d1d wp-block-buttons-is-layout-flex\">\n<div class=\"wp-block-button has-custom-width wp-block-button__width-100 is-style-fill\"><a class=\"wp-block-button__link has-background wp-element-button\" href=\"https:\/\/lebenshilfe-guestrow.com\/?page_id=459\" style=\"border-radius:0px;background-color:#0b67b7\">Spenden<\/a><\/div>\n<\/div>\n<\/div>\n\n\n\n<div class=\"wp-block-column is-layout-flow wp-block-column-is-layout-flow\">\n<figure class=\"wp-block-image size-large\"><img loading=\"lazy\" decoding=\"async\" width=\"1024\" height=\"683\" src=\"https:\/\/Lebenshilfe-Gues-ukcpok3l9w.live-website.com\/wp-content\/uploads\/2023\/10\/Kind-mit-Helfer-und-Handy-2-1024x683.jpg\" alt=\"\" class=\"wp-image-80\" srcset=\"https:\/\/lebenshilfe-guestrow.com\/wp-content\/uploads\/2023\/10\/Kind-mit-Helfer-und-Handy-2-1024x683.jpg 1024w, https:\/\/lebenshilfe-guestrow.com\/wp-content\/uploads\/2023\/10\/Kind-mit-Helfer-und-Handy-2-300x200.jpg 300w, https:\/\/lebenshilfe-guestrow.com\/wp-content\/uploads\/2023\/10\/Kind-mit-Helfer-und-Handy-2-768x512.jpg 768w, https:\/\/lebenshilfe-guestrow.com\/wp-content\/uploads\/2023\/10\/Kind-mit-Helfer-und-Handy-2-1536x1024.jpg 1536w, https:\/\/lebenshilfe-guestrow.com\/wp-content\/uploads\/2023\/10\/Kind-mit-Helfer-und-Handy-2-2048x1365.jpg 2048w\" sizes=\"auto, (max-width: 1024px) 100vw, 1024px\" \/><\/figure>\n\n\n\n<div class=\"wp-block-buttons alignfull is-layout-flex wp-block-buttons-is-layout-flex\">\n<div class=\"wp-block-button has-custom-width wp-block-button__width-100\"><a class=\"wp-block-button__link has-background wp-element-button\" href=\"https:\/\/lebenshilfe-guestrow.com\/?page_id=455\" style=\"border-radius:0px;background-color:#0b67b7\">Mitglied werden<\/a><\/div>\n<\/div>\n<\/div>\n\n\n\n<div class=\"wp-block-column is-layout-flow wp-block-column-is-layout-flow\">\n<figure class=\"wp-block-image size-large\"><img loading=\"lazy\" decoding=\"async\" width=\"1024\" height=\"683\" src=\"https:\/\/Lebenshilfe-Gues-ukcpok3l9w.live-website.com\/wp-content\/uploads\/2023\/11\/Wohnstaetten-1024x683.jpg\" alt=\"\" class=\"wp-image-740\" srcset=\"https:\/\/lebenshilfe-guestrow.com\/wp-content\/uploads\/2023\/11\/Wohnstaetten-1024x683.jpg 1024w, https:\/\/lebenshilfe-guestrow.com\/wp-content\/uploads\/2023\/11\/Wohnstaetten-300x200.jpg 300w, https:\/\/lebenshilfe-guestrow.com\/wp-content\/uploads\/2023\/11\/Wohnstaetten-768x512.jpg 768w, https:\/\/lebenshilfe-guestrow.com\/wp-content\/uploads\/2023\/11\/Wohnstaetten.jpg 1200w\" sizes=\"auto, (max-width: 1024px) 100vw, 1024px\" \/><\/figure>\n\n\n\n<div class=\"wp-block-buttons alignfull is-layout-flex wp-block-buttons-is-layout-flex\">\n<div class=\"wp-block-button has-custom-width wp-block-button__width-100\"><a class=\"wp-block-button__link has-background wp-element-button\" href=\"https:\/\/lebenshilfe-guestrow.com\/?page_id=463\" style=\"border-radius:0px;background-color:#0b67b7\">Mitarbeiten<\/a><\/div>\n<\/div>\n<\/div>\n<\/div>\n<\/div>\n\n\n\n<div class=\"wp-block-column is-layout-flow wp-block-column-is-layout-flow\" style=\"flex-basis:16%\">\n<h2 class=\"wp-block-heading\">Kontakt<\/h2>\n\n\n\n<figure class=\"wp-block-table is-style-stripes has-small-font-size\"><table class=\"has-text-color has-link-color\" style=\"color:#0b67b7\"><tbody><tr><td><strong>Gesch\u00e4ftsstelle<\/strong><br>Lebenshilfe G\u00fcstrow e.V.<br>Gustav-Adolf-Stra\u00dfe 8<br>182773 G\u00fcstrow<br>Tel: 03843 \/ 85 59 0<br>Fax: 03843 \/ 85 59 10<br><a href=\"mailto:post@lebenshilfe-guestrow.de\" target=\"_blank\" rel=\"noreferrer noopener\">post@lebenshilfe-guestrow.de<\/a><\/td><\/tr><tr><td><strong>Gesch\u00e4ftsleitung<\/strong><br>Frau Dagmar Kluge<\/td><\/tr><\/tbody><\/table><\/figure>\n\n\n\n<h2 class=\"wp-block-heading\">Mitglied im:<\/h2>\n\n\n\n<p class=\"has-small-font-size\"><a href=\"https:\/\/www.lebenshilfe-mv.de\/de\/\" target=\"_blank\" rel=\"noreferrer noopener\">Landesverband Lebenshilfe M-V e.V.<\/a><\/p>\n\n\n\n<p class=\"has-small-font-size\"><a href=\"https:\/\/www.lebenshilfe.de\/\" target=\"_blank\" rel=\"noreferrer noopener\">Bundesvereinigung Lebenshilfe e.V.<\/a><\/p>\n\n\n\n<p class=\"has-small-font-size\"><a href=\"https:\/\/www.paritaet-mv.de\/\" target=\"_blank\" rel=\"noreferrer noopener\">Spitzenverband Der Parit\u00e4tische M-V e.V.<\/a><\/p>\n\n\n\n<hr class=\"wp-block-separator has-text-color has-alpha-channel-opacity has-background is-style-wide\" style=\"background-color:#0b67b7;color:#0b67b7\"\/>\n\n\n\n<h2 class=\"wp-block-heading\">Aus unseren Einrichtungen<\/h2>\n\n\n<div class=\"wp-block-categories-dropdown wp-block-categories has-small-font-size\"><label class=\"wp-block-categories__label\" for=\"wp-block-categories-1\">Kategorien<\/label><select  name='category_name' id='wp-block-categories-1' class='postform'>\n\t<option value='-1'>Kategorie ausw\u00e4hlen<\/option>\n\t<option class=\"level-0\" value=\"allgemein-lebenshilfe-guestrow\">Allgemein Lebenshilfe G\u00fcstrow e.V.<\/option>\n\t<option class=\"level-1\" value=\"familienentlastender-dienst\">&nbsp;&nbsp;&nbsp;familienentlastender Dienst<\/option>\n\t<option class=\"level-0\" value=\"ilb\">iLb<\/option>\n\t<option class=\"level-0\" value=\"kita\">Kita<\/option>\n\t<option class=\"level-1\" value=\"kita-die-landmaeuse\">&nbsp;&nbsp;&nbsp;Kita &#8222;Die Landm\u00e4use&#8220;<\/option>\n\t<option class=\"level-1\" value=\"kita-medicus\">&nbsp;&nbsp;&nbsp;Kita &#8222;Medicus&#8220;<\/option>\n\t<option class=\"level-1\" value=\"kita-ostwind\">&nbsp;&nbsp;&nbsp;Kita &#8222;Ostwind&#8220;<\/option>\n\t<option class=\"level-1\" value=\"kita-schnatterstuebchen\">&nbsp;&nbsp;&nbsp;Kita &#8222;Schnatterst\u00fcbchen&#8220;<\/option>\n\t<option class=\"level-1\" value=\"kita-sonnenkinder\">&nbsp;&nbsp;&nbsp;Kita &#8222;Sonnenkinder&#8220;<\/option>\n\t<option class=\"level-0\" value=\"wohnstaetten\">Wohnst\u00e4tten<\/option>\n<\/select><script>\n( ( [ dropdownId, homeUrl ] ) => {\n\t\tconst dropdown = document.getElementById( dropdownId );\n\t\tfunction onSelectChange() {\n\t\t\tsetTimeout( () => {\n\t\t\t\tif ( 'escape' === dropdown.dataset.lastkey ) {\n\t\t\t\t\treturn;\n\t\t\t\t}\n\t\t\t\tif ( dropdown.value && dropdown instanceof HTMLSelectElement ) {\n\t\t\t\t\tconst url = new URL( homeUrl );\n\t\t\t\t\turl.searchParams.set( dropdown.name, dropdown.value );\n\t\t\t\t\tlocation.href = url.href;\n\t\t\t\t}\n\t\t\t}, 250 );\n\t\t}\n\t\tfunction onKeyUp( event ) {\n\t\t\tif ( 'Escape' === event.key ) {\n\t\t\t\tdropdown.dataset.lastkey = 'escape';\n\t\t\t} else {\n\t\t\t\tdelete dropdown.dataset.lastkey;\n\t\t\t}\n\t\t}\n\t\tfunction onClick() {\n\t\t\tdelete dropdown.dataset.lastkey;\n\t\t}\n\t\tdropdown.addEventListener( 'keyup', onKeyUp );\n\t\tdropdown.addEventListener( 'click', onClick );\n\t\tdropdown.addEventListener( 'change', onSelectChange );\n\t} )( [\"wp-block-categories-1\",\"https:\/\/lebenshilfe-guestrow.com\"] );\n\/\/# sourceURL=build_dropdown_script_block_core_categories\n<\/script>\n\n<\/div>\n\n\n<hr class=\"wp-block-separator has-text-color has-alpha-channel-opacity has-background is-style-wide\" style=\"background-color:#0b67b7;color:#0b67b7\"\/>\n<\/div>\n<\/div>\n","protected":false},"excerpt":{"rendered":"<p>Mitmachen &#8211; Ihr Engagement f\u00fcr die Lebenshilfe Mitmachen bei der Lebenshilfe hei\u00dft: Gemeinsam etwas f\u00fcr Menschen mit Behinderung erreichen. Teil einer Bewegung sein und Spa\u00df daran haben. Die Lebenshilfe bietet Ihnen viele M\u00f6glichkeiten dazu. Sie k\u00f6nnen Spenden, Mitglied werden, ehrenamtlich mitarbeiten und vieles mehr. Engagement f\u00fcr Teilhabe passt zu Ihnen? Dann passen Sie auf jeden [&hellip;]<\/p>\n","protected":false},"author":1,"featured_media":0,"parent":0,"menu_order":0,"comment_status":"closed","ping_status":"closed","template":"","meta":{"ocean_post_layout":"full-screen","ocean_both_sidebars_style":"","ocean_both_sidebars_content_width":0,"ocean_both_sidebars_sidebars_width":0,"ocean_sidebar":"","ocean_second_sidebar":"","ocean_disable_margins":"enable","ocean_add_body_class":"","ocean_shortcode_before_top_bar":"","ocean_shortcode_after_top_bar":"","ocean_shortcode_before_header":"","ocean_shortcode_after_header":"","ocean_has_shortcode":"","ocean_shortcode_after_title":"","ocean_shortcode_before_footer_widgets":"","ocean_shortcode_after_footer_widgets":"","ocean_shortcode_before_footer_bottom":"","ocean_shortcode_after_footer_bottom":"","ocean_display_top_bar":"default","ocean_display_header":"default","ocean_header_style":"","ocean_center_header_left_menu":"","ocean_custom_header_template":"","ocean_custom_logo":0,"ocean_custom_retina_logo":0,"ocean_custom_logo_max_width":0,"ocean_custom_logo_tablet_max_width":0,"ocean_custom_logo_mobile_max_width":0,"ocean_custom_logo_max_height":0,"ocean_custom_logo_tablet_max_height":0,"ocean_custom_logo_mobile_max_height":0,"ocean_header_custom_menu":"","ocean_menu_typo_font_family":"","ocean_menu_typo_font_subset":"","ocean_menu_typo_font_size":0,"ocean_menu_typo_font_size_tablet":0,"ocean_menu_typo_font_size_mobile":0,"ocean_menu_typo_font_size_unit":"px","ocean_menu_typo_font_weight":"","ocean_menu_typo_font_weight_tablet":"","ocean_menu_typo_font_weight_mobile":"","ocean_menu_typo_transform":"","ocean_menu_typo_transform_tablet":"","ocean_menu_typo_transform_mobile":"","ocean_menu_typo_line_height":0,"ocean_menu_typo_line_height_tablet":0,"ocean_menu_typo_line_height_mobile":0,"ocean_menu_typo_line_height_unit":"","ocean_menu_typo_spacing":0,"ocean_menu_typo_spacing_tablet":0,"ocean_menu_typo_spacing_mobile":0,"ocean_menu_typo_spacing_unit":"","ocean_menu_link_color":"","ocean_menu_link_color_hover":"","ocean_menu_link_color_active":"","ocean_menu_link_background":"","ocean_menu_link_hover_background":"","ocean_menu_link_active_background":"","ocean_menu_social_links_bg":"","ocean_menu_social_hover_links_bg":"","ocean_menu_social_links_color":"","ocean_menu_social_hover_links_color":"","ocean_disable_title":"default","ocean_disable_heading":"default","ocean_post_title":"","ocean_post_subheading":"","ocean_post_title_style":"","ocean_post_title_background_color":"","ocean_post_title_background":0,"ocean_post_title_bg_image_position":"","ocean_post_title_bg_image_attachment":"","ocean_post_title_bg_image_repeat":"","ocean_post_title_bg_image_size":"","ocean_post_title_height":0,"ocean_post_title_bg_overlay":0.5,"ocean_post_title_bg_overlay_color":"","ocean_disable_breadcrumbs":"default","ocean_breadcrumbs_color":"","ocean_breadcrumbs_separator_color":"","ocean_breadcrumbs_links_color":"","ocean_breadcrumbs_links_hover_color":"","ocean_display_footer_widgets":"default","ocean_display_footer_bottom":"default","ocean_custom_footer_template":"","footnotes":""},"class_list":["post-450","page","type-page","status-publish","hentry","entry"],"_links":{"self":[{"href":"https:\/\/lebenshilfe-guestrow.com\/index.php?rest_route=\/wp\/v2\/pages\/450","targetHints":{"allow":["GET"]}}],"collection":[{"href":"https:\/\/lebenshilfe-guestrow.com\/index.php?rest_route=\/wp\/v2\/pages"}],"about":[{"href":"https:\/\/lebenshilfe-guestrow.com\/index.php?rest_route=\/wp\/v2\/types\/page"}],"author":[{"embeddable":true,"href":"https:\/\/lebenshilfe-guestrow.com\/index.php?rest_route=\/wp\/v2\/users\/1"}],"replies":[{"embeddable":true,"href":"https:\/\/lebenshilfe-guestrow.com\/index.php?rest_route=%2Fwp%2Fv2%2Fcomments&post=450"}],"version-history":[{"count":14,"href":"https:\/\/lebenshilfe-guestrow.com\/index.php?rest_route=\/wp\/v2\/pages\/450\/revisions"}],"predecessor-version":[{"id":1668,"href":"https:\/\/lebenshilfe-guestrow.com\/index.php?rest_route=\/wp\/v2\/pages\/450\/revisions\/1668"}],"wp:attachment":[{"href":"https:\/\/lebenshilfe-guestrow.com\/index.php?rest_route=%2Fwp%2Fv2%2Fmedia&parent=450"}],"curies":[{"name":"wp","href":"https:\/\/api.w.org\/{rel}","templated":true}]}}