{"id":455,"date":"2023-11-15T14:01:36","date_gmt":"2023-11-15T13:01:36","guid":{"rendered":"https:\/\/Lebenshilfe-Gues-ukcpok3l9w.live-website.com\/?page_id=455"},"modified":"2024-11-19T10:37:11","modified_gmt":"2024-11-19T09:37:11","slug":"mitglied-werden","status":"publish","type":"page","link":"https:\/\/lebenshilfe-guestrow.com\/?page_id=455","title":{"rendered":"Mitglied werden"},"content":{"rendered":"\n<p><\/p>\n\n\n\n<hr class=\"wp-block-separator has-text-color has-white-color has-alpha-channel-opacity has-white-background-color has-background\"\/>\n\n\n\n<div class=\"wp-block-cover\" style=\"min-height:380px;aspect-ratio:unset;\"><span aria-hidden=\"true\" class=\"wp-block-cover__background has-background-dim-10 has-background-dim\"><\/span><img loading=\"lazy\" decoding=\"async\" width=\"1200\" height=\"800\" class=\"wp-block-cover__image-background wp-image-836\" alt=\"\" src=\"https:\/\/Lebenshilfe-Gues-ukcpok3l9w.live-website.com\/wp-content\/uploads\/2023\/12\/Mitglied-werden.jpg\" style=\"object-position:50% 39%\" data-object-fit=\"cover\" data-object-position=\"50% 39%\" srcset=\"https:\/\/lebenshilfe-guestrow.com\/wp-content\/uploads\/2023\/12\/Mitglied-werden.jpg 1200w, https:\/\/lebenshilfe-guestrow.com\/wp-content\/uploads\/2023\/12\/Mitglied-werden-300x200.jpg 300w, https:\/\/lebenshilfe-guestrow.com\/wp-content\/uploads\/2023\/12\/Mitglied-werden-1024x683.jpg 1024w, https:\/\/lebenshilfe-guestrow.com\/wp-content\/uploads\/2023\/12\/Mitglied-werden-768x512.jpg 768w\" sizes=\"auto, (max-width: 1200px) 100vw, 1200px\" \/><div class=\"wp-block-cover__inner-container is-layout-constrained wp-block-cover-is-layout-constrained\">\n<p class=\"has-text-align-center has-large-font-size\"><\/p>\n<\/div><\/div>\n\n\n\n<hr class=\"wp-block-separator has-alpha-channel-opacity\"\/>\n\n\n\n<div class=\"wp-block-columns is-layout-flex wp-container-core-columns-is-layout-9d6595d7 wp-block-columns-is-layout-flex\">\n<div class=\"wp-block-column is-layout-flow wp-block-column-is-layout-flow\" style=\"flex-basis:11%\"><\/div>\n\n\n\n<div class=\"wp-block-column is-layout-flow wp-block-column-is-layout-flow\" style=\"flex-basis:59%\">\n<h1 class=\"wp-block-heading has-text-align-center\">Wir brauchen eine starke Gemeinschaft<\/h1>\n\n\n\n<p>Als Lebenshilfe-Mitglied unterst\u00fctzen Sie Menschen mit Behinderung und Ihre Familien. Sie st\u00e4rken Ihre Rechte, unterst\u00fctzen Ihre Bedarfe und helfen, ihre Interessen durchzusetzen. <\/p>\n\n\n\n<p>Der Verein Lebenshilfe G\u00fcstrow e.V. ist einer von mehr als 500 \u00f6rtlichen Vereinigung in Deutschland, mit mehr als 135.000 Mitgliedern. Nehmen Sie soziale Verantwortung war, engagieren Sie sich und setzten sich f\u00fcr Menschen mit Behinderung ein. Damit alle dabei sind von Anfang an dazugeh\u00f6ren, in der Kita, in der Arbeit, in der Freizeit und im Wohnen. Jeder Mensch ist uns willkommen.<\/p>\n\n\n\n<h1 class=\"wp-block-heading has-text-align-center has-large-font-size\">Werden Sie Mitglied der Lebenshilfe G\u00fcstrow e.V.!<\/h1>\n\n\n\n<p>Wenn Sie Interesse an einer Mitgliedschaft im Verein Lebenshilfe G\u00fcstrow e.V. haben, bitte die Beitrittserkl\u00e4rung ausf\u00fcllen und in der Gesch\u00e4ftsstelle abgeben.<\/p>\n\n\n\n<p><a href=\"https:\/\/lebenshilfe-guestrow.com\/wp-content\/uploads\/2023\/11\/Beitrittserklaerung.pdf\" data-type=\"attachment\" data-id=\"456\" target=\"_blank\" rel=\"noreferrer noopener\">Beitrittserkl\u00e4rung<\/a><\/p>\n<\/div>\n\n\n\n<div class=\"wp-block-column is-layout-flow wp-block-column-is-layout-flow\" style=\"flex-basis:16%\">\n<h2 class=\"wp-block-heading\">Kontakt<\/h2>\n\n\n\n<figure class=\"wp-block-table is-style-stripes has-small-font-size\"><table class=\"has-text-color has-link-color\" style=\"color:#0b67b7\"><tbody><tr><td><strong>Gesch\u00e4ftsstelle<\/strong><br>Lebenshilfe G\u00fcstrow e.V.<br>Gustav-Adolf-Stra\u00dfe 8<br>18273 G\u00fcstrow<\/td><\/tr><tr><td>Tel: 03843 \/ 85 59-0<br>Fax: 03843 \/ 85 59 10<br>post@lebenshilfe-guestrow.de<\/td><\/tr><tr><td><strong>Gesch\u00e4ftsleitung<\/strong><br>Frau Dagmar Kluge<\/td><\/tr><\/tbody><\/table><\/figure>\n\n\n\n<h2 class=\"wp-block-heading\">Mitglied im:<\/h2>\n\n\n\n<p class=\"has-small-font-size\"><a href=\"http:\/\/Startseite - Lebenshilfe Landesverband Mecklenburg-Vorpommern e.V. (lebenshilfe-mv.de)\" target=\"_blank\" rel=\"noreferrer noopener\">Landesverband Lebenshilfe M-V e.V.<\/a><\/p>\n\n\n\n<p class=\"has-small-font-size\"><a href=\"http:\/\/Lebenshilfe Startseite\" target=\"_blank\" rel=\"noreferrer noopener\">Bundesvereinigung Lebenshilfe e.V.<\/a><\/p>\n\n\n\n<p class=\"has-small-font-size\"><a href=\"http:\/\/Startseite | Der Parit\u00e4tische Mecklenburg-Vorpommern (paritaet-mv.de)\">Spitzenverband Der Parit\u00e4tische M-V e.V.<\/a><\/p>\n\n\n\n<hr class=\"wp-block-separator has-text-color has-alpha-channel-opacity has-background is-style-wide\" style=\"background-color:#0b67b7;color:#0b67b7\"\/>\n\n\n\n<h2 class=\"wp-block-heading\">Aus unseren Einrichtungen<\/h2>\n\n\n<ul class=\"wp-block-categories-list wp-block-categories has-small-font-size\">\t<li class=\"cat-item cat-item-1\"><a href=\"https:\/\/lebenshilfe-guestrow.com\/?cat=1\">Allgemein Lebenshilfe G\u00fcstrow e.V.<\/a>\n<\/li>\n\t<li class=\"cat-item cat-item-30\"><a href=\"https:\/\/lebenshilfe-guestrow.com\/?cat=30\">familienentlastender Dienst<\/a>\n<\/li>\n\t<li class=\"cat-item cat-item-31\"><a href=\"https:\/\/lebenshilfe-guestrow.com\/?cat=31\">iLb<\/a>\n<\/li>\n\t<li class=\"cat-item cat-item-17\"><a href=\"https:\/\/lebenshilfe-guestrow.com\/?cat=17\">Kita<\/a>\n<\/li>\n\t<li class=\"cat-item cat-item-29\"><a href=\"https:\/\/lebenshilfe-guestrow.com\/?cat=29\">Kita &quot;Die Landm\u00e4use&quot;<\/a>\n<\/li>\n\t<li class=\"cat-item cat-item-27\"><a href=\"https:\/\/lebenshilfe-guestrow.com\/?cat=27\">Kita &quot;Medicus&quot;<\/a>\n<\/li>\n\t<li class=\"cat-item cat-item-20\"><a href=\"https:\/\/lebenshilfe-guestrow.com\/?cat=20\">Kita &quot;Ostwind&quot;<\/a>\n<\/li>\n\t<li class=\"cat-item cat-item-19\"><a href=\"https:\/\/lebenshilfe-guestrow.com\/?cat=19\">Kita &quot;Schnatterst\u00fcbchen&quot;<\/a>\n<\/li>\n\t<li class=\"cat-item cat-item-22\"><a href=\"https:\/\/lebenshilfe-guestrow.com\/?cat=22\">Kita &quot;Sonnenkinder&quot;<\/a>\n<\/li>\n\t<li class=\"cat-item cat-item-18\"><a href=\"https:\/\/lebenshilfe-guestrow.com\/?cat=18\">Wohnst\u00e4tten<\/a>\n<\/li>\n<\/ul>\n\n\n<hr class=\"wp-block-separator has-text-color has-alpha-channel-opacity has-background is-style-wide\" style=\"background-color:#0b67b7;color:#0b67b7\"\/>\n\n\n\n<h2 class=\"wp-block-heading\">Archiv<\/h2>\n\n\n<ul class=\"wp-block-archives-list wp-block-archives has-small-font-size\">\t<li><a href='https:\/\/lebenshilfe-guestrow.com\/?m=202604'>April 2026<\/a><\/li>\n\t<li><a href='https:\/\/lebenshilfe-guestrow.com\/?m=202602'>Februar 2026<\/a><\/li>\n\t<li><a href='https:\/\/lebenshilfe-guestrow.com\/?m=202601'>Januar 2026<\/a><\/li>\n\t<li><a href='https:\/\/lebenshilfe-guestrow.com\/?m=202511'>November 2025<\/a><\/li>\n\t<li><a href='https:\/\/lebenshilfe-guestrow.com\/?m=202508'>August 2025<\/a><\/li>\n\t<li><a href='https:\/\/lebenshilfe-guestrow.com\/?m=202507'>Juli 2025<\/a><\/li>\n\t<li><a href='https:\/\/lebenshilfe-guestrow.com\/?m=202506'>Juni 2025<\/a><\/li>\n\t<li><a href='https:\/\/lebenshilfe-guestrow.com\/?m=202505'>Mai 2025<\/a><\/li>\n\t<li><a href='https:\/\/lebenshilfe-guestrow.com\/?m=202504'>April 2025<\/a><\/li>\n\t<li><a href='https:\/\/lebenshilfe-guestrow.com\/?m=202501'>Januar 2025<\/a><\/li>\n\t<li><a href='https:\/\/lebenshilfe-guestrow.com\/?m=202412'>Dezember 2024<\/a><\/li>\n\t<li><a href='https:\/\/lebenshilfe-guestrow.com\/?m=202411'>November 2024<\/a><\/li>\n\t<li><a href='https:\/\/lebenshilfe-guestrow.com\/?m=202409'>September 2024<\/a><\/li>\n\t<li><a href='https:\/\/lebenshilfe-guestrow.com\/?m=202406'>Juni 2024<\/a><\/li>\n\t<li><a href='https:\/\/lebenshilfe-guestrow.com\/?m=202404'>April 2024<\/a><\/li>\n\t<li><a href='https:\/\/lebenshilfe-guestrow.com\/?m=202403'>M\u00e4rz 2024<\/a><\/li>\n\t<li><a href='https:\/\/lebenshilfe-guestrow.com\/?m=202402'>Februar 2024<\/a><\/li>\n\t<li><a href='https:\/\/lebenshilfe-guestrow.com\/?m=202312'>Dezember 2023<\/a><\/li>\n\t<li><a href='https:\/\/lebenshilfe-guestrow.com\/?m=202311'>November 2023<\/a><\/li>\n\t<li><a href='https:\/\/lebenshilfe-guestrow.com\/?m=202310'>Oktober 2023<\/a><\/li>\n\t<li><a href='https:\/\/lebenshilfe-guestrow.com\/?m=202302'>Februar 2023<\/a><\/li>\n\t<li><a href='https:\/\/lebenshilfe-guestrow.com\/?m=202208'>August 2022<\/a><\/li>\n<\/ul>\n\n\n<hr class=\"wp-block-separator has-text-color has-alpha-channel-opacity has-background is-style-wide\" style=\"background-color:#0b67b7;color:#0b67b7\"\/>\n<\/div>\n<\/div>\n","protected":false},"excerpt":{"rendered":"<p>Wir brauchen eine starke Gemeinschaft Als Lebenshilfe-Mitglied unterst\u00fctzen Sie Menschen mit Behinderung und Ihre Familien. Sie st\u00e4rken Ihre Rechte, unterst\u00fctzen Ihre Bedarfe und helfen, ihre Interessen durchzusetzen. Der Verein Lebenshilfe G\u00fcstrow e.V. ist einer von mehr als 500 \u00f6rtlichen Vereinigung in Deutschland, mit mehr als 135.000 Mitgliedern. Nehmen Sie soziale Verantwortung war, engagieren Sie sich [&hellip;]<\/p>\n","protected":false},"author":1,"featured_media":0,"parent":450,"menu_order":0,"comment_status":"closed","ping_status":"closed","template":"","meta":{"ocean_post_layout":"full-screen","ocean_both_sidebars_style":"","ocean_both_sidebars_content_width":0,"ocean_both_sidebars_sidebars_width":0,"ocean_sidebar":"","ocean_second_sidebar":"","ocean_disable_margins":"enable","ocean_add_body_class":"","ocean_shortcode_before_top_bar":"","ocean_shortcode_after_top_bar":"","ocean_shortcode_before_header":"","ocean_shortcode_after_header":"","ocean_has_shortcode":"","ocean_shortcode_after_title":"","ocean_shortcode_before_footer_widgets":"","ocean_shortcode_after_footer_widgets":"","ocean_shortcode_before_footer_bottom":"","ocean_shortcode_after_footer_bottom":"","ocean_display_top_bar":"default","ocean_display_header":"default","ocean_header_style":"","ocean_center_header_left_menu":"","ocean_custom_header_template":"","ocean_custom_logo":0,"ocean_custom_retina_logo":0,"ocean_custom_logo_max_width":0,"ocean_custom_logo_tablet_max_width":0,"ocean_custom_logo_mobile_max_width":0,"ocean_custom_logo_max_height":0,"ocean_custom_logo_tablet_max_height":0,"ocean_custom_logo_mobile_max_height":0,"ocean_header_custom_menu":"","ocean_menu_typo_font_family":"","ocean_menu_typo_font_subset":"","ocean_menu_typo_font_size":0,"ocean_menu_typo_font_size_tablet":0,"ocean_menu_typo_font_size_mobile":0,"ocean_menu_typo_font_size_unit":"px","ocean_menu_typo_font_weight":"","ocean_menu_typo_font_weight_tablet":"","ocean_menu_typo_font_weight_mobile":"","ocean_menu_typo_transform":"","ocean_menu_typo_transform_tablet":"","ocean_menu_typo_transform_mobile":"","ocean_menu_typo_line_height":0,"ocean_menu_typo_line_height_tablet":0,"ocean_menu_typo_line_height_mobile":0,"ocean_menu_typo_line_height_unit":"","ocean_menu_typo_spacing":0,"ocean_menu_typo_spacing_tablet":0,"ocean_menu_typo_spacing_mobile":0,"ocean_menu_typo_spacing_unit":"","ocean_menu_link_color":"","ocean_menu_link_color_hover":"","ocean_menu_link_color_active":"","ocean_menu_link_background":"","ocean_menu_link_hover_background":"","ocean_menu_link_active_background":"","ocean_menu_social_links_bg":"","ocean_menu_social_hover_links_bg":"","ocean_menu_social_links_color":"","ocean_menu_social_hover_links_color":"","ocean_disable_title":"default","ocean_disable_heading":"default","ocean_post_title":"","ocean_post_subheading":"","ocean_post_title_style":"","ocean_post_title_background_color":"","ocean_post_title_background":0,"ocean_post_title_bg_image_position":"","ocean_post_title_bg_image_attachment":"","ocean_post_title_bg_image_repeat":"","ocean_post_title_bg_image_size":"","ocean_post_title_height":0,"ocean_post_title_bg_overlay":0.5,"ocean_post_title_bg_overlay_color":"","ocean_disable_breadcrumbs":"default","ocean_breadcrumbs_color":"","ocean_breadcrumbs_separator_color":"","ocean_breadcrumbs_links_color":"","ocean_breadcrumbs_links_hover_color":"","ocean_display_footer_widgets":"default","ocean_display_footer_bottom":"default","ocean_custom_footer_template":"","footnotes":""},"class_list":["post-455","page","type-page","status-publish","hentry","entry"],"_links":{"self":[{"href":"https:\/\/lebenshilfe-guestrow.com\/index.php?rest_route=\/wp\/v2\/pages\/455","targetHints":{"allow":["GET"]}}],"collection":[{"href":"https:\/\/lebenshilfe-guestrow.com\/index.php?rest_route=\/wp\/v2\/pages"}],"about":[{"href":"https:\/\/lebenshilfe-guestrow.com\/index.php?rest_route=\/wp\/v2\/types\/page"}],"author":[{"embeddable":true,"href":"https:\/\/lebenshilfe-guestrow.com\/index.php?rest_route=\/wp\/v2\/users\/1"}],"replies":[{"embeddable":true,"href":"https:\/\/lebenshilfe-guestrow.com\/index.php?rest_route=%2Fwp%2Fv2%2Fcomments&post=455"}],"version-history":[{"count":6,"href":"https:\/\/lebenshilfe-guestrow.com\/index.php?rest_route=\/wp\/v2\/pages\/455\/revisions"}],"predecessor-version":[{"id":1662,"href":"https:\/\/lebenshilfe-guestrow.com\/index.php?rest_route=\/wp\/v2\/pages\/455\/revisions\/1662"}],"up":[{"embeddable":true,"href":"https:\/\/lebenshilfe-guestrow.com\/index.php?rest_route=\/wp\/v2\/pages\/450"}],"wp:attachment":[{"href":"https:\/\/lebenshilfe-guestrow.com\/index.php?rest_route=%2Fwp%2Fv2%2Fmedia&parent=455"}],"curies":[{"name":"wp","href":"https:\/\/api.w.org\/{rel}","templated":true}]}}