{"id":459,"date":"2023-11-15T14:36:15","date_gmt":"2023-11-15T13:36:15","guid":{"rendered":"https:\/\/Lebenshilfe-Gues-ukcpok3l9w.live-website.com\/?page_id=459"},"modified":"2023-12-21T13:37:33","modified_gmt":"2023-12-21T12:37:33","slug":"spende","status":"publish","type":"page","link":"https:\/\/lebenshilfe-guestrow.com\/?page_id=459","title":{"rendered":"Spende"},"content":{"rendered":"\n<p><\/p>\n\n\n\n<hr class=\"wp-block-separator has-text-color has-white-color has-alpha-channel-opacity has-white-background-color has-background\"\/>\n\n\n\n<div class=\"wp-block-cover\" style=\"min-height:380px;aspect-ratio:unset;\"><span aria-hidden=\"true\" class=\"wp-block-cover__background has-background-dim-20 has-background-dim\"><\/span><img loading=\"lazy\" decoding=\"async\" width=\"1200\" height=\"800\" class=\"wp-block-cover__image-background wp-image-460\" alt=\"Dabeisein\" src=\"https:\/\/Lebenshilfe-Gues-ukcpok3l9w.live-website.com\/wp-content\/uploads\/2023\/11\/Bild-fuer-Spendenseite.jpg\" style=\"object-position:52% 48%\" data-object-fit=\"cover\" data-object-position=\"52% 48%\" srcset=\"https:\/\/lebenshilfe-guestrow.com\/wp-content\/uploads\/2023\/11\/Bild-fuer-Spendenseite.jpg 1200w, https:\/\/lebenshilfe-guestrow.com\/wp-content\/uploads\/2023\/11\/Bild-fuer-Spendenseite-300x200.jpg 300w, https:\/\/lebenshilfe-guestrow.com\/wp-content\/uploads\/2023\/11\/Bild-fuer-Spendenseite-1024x683.jpg 1024w, https:\/\/lebenshilfe-guestrow.com\/wp-content\/uploads\/2023\/11\/Bild-fuer-Spendenseite-768x512.jpg 768w\" sizes=\"auto, (max-width: 1200px) 100vw, 1200px\" \/><div class=\"wp-block-cover__inner-container is-layout-constrained wp-block-cover-is-layout-constrained\">\n<p class=\"has-text-align-center has-white-color has-text-color has-link-color has-large-font-size wp-elements-7fa4e7205f74c5086db3eaee5abffb4b\"><\/p>\n<\/div><\/div>\n\n\n\n<hr class=\"wp-block-separator has-alpha-channel-opacity\"\/>\n\n\n\n<div class=\"wp-block-columns is-layout-flex wp-container-core-columns-is-layout-9d6595d7 wp-block-columns-is-layout-flex\">\n<div class=\"wp-block-column is-layout-flow wp-block-column-is-layout-flow\" style=\"flex-basis:11%\"><\/div>\n\n\n\n<div class=\"wp-block-column is-layout-flow wp-block-column-is-layout-flow\" style=\"flex-basis:59%\">\n<h1 class=\"wp-block-heading has-text-align-center\">Warum Ihre Spende f\u00fcr Menschen mit Behinderung z\u00e4hlt<\/h1>\n\n\n\n<blockquote class=\"wp-block-quote is-layout-flow wp-block-quote-is-layout-flow\">\n<p>Die Lebenshilfe setzt sich seit \u00fcber 60 Jahre f\u00fcr Menschen mit geistiger Behinderung ein. Damit alle gleichberechtigt dabei sein k\u00f6nnen: bei der Arbeit, in der Schule, in der Freizeit, beim Wohnen, \u00fcberall. Die Lebenshilfe sorgt daf\u00fcr, dass Menschen mit Behinderung und ihre Familien dabei die Unterst\u00fctzung bekommen, die sie ben\u00f6tigen.<\/p>\n\n\n\n<p>Sie m\u00f6chten die Arbeit der Lebenshilfe unterst\u00fctzen? Spenden ist eine sehr wirksame Art, &#8222;dabei zu sein&#8220; f\u00fcr Menschen mit Behinderung. <\/p>\n<cite><a href=\"https:\/\/www.lebenshilfe.de\/mitmachen\/spenden\" target=\"_blank\" rel=\"noreferrer noopener\">Bundesvereinigung der Lebenshilfe<\/a><\/cite><\/blockquote>\n\n\n\n<h1 class=\"wp-block-heading has-text-align-center\">Spendenkonto<\/h1>\n\n\n\n<p class=\"has-text-align-center\">OSPA Rostock<\/p>\n\n\n\n<p class=\"has-text-align-center\">IBAN DE85 1305 0000 0615 0022 00<\/p>\n\n\n\n<p class=\"has-text-align-center\">BIC  NOLADE21ROS<\/p>\n\n\n<div class=\"wp-block-image\">\n<figure class=\"aligncenter size-full is-resized\"><img loading=\"lazy\" decoding=\"async\" width=\"985\" height=\"985\" src=\"https:\/\/Lebenshilfe-Gues-ukcpok3l9w.live-website.com\/wp-content\/uploads\/2023\/12\/qr-code-Bankverbindung.png\" alt=\"\" class=\"wp-image-1202\" style=\"width:200px\" srcset=\"https:\/\/lebenshilfe-guestrow.com\/wp-content\/uploads\/2023\/12\/qr-code-Bankverbindung.png 985w, https:\/\/lebenshilfe-guestrow.com\/wp-content\/uploads\/2023\/12\/qr-code-Bankverbindung-300x300.png 300w, https:\/\/lebenshilfe-guestrow.com\/wp-content\/uploads\/2023\/12\/qr-code-Bankverbindung-150x150.png 150w, https:\/\/lebenshilfe-guestrow.com\/wp-content\/uploads\/2023\/12\/qr-code-Bankverbindung-768x768.png 768w, https:\/\/lebenshilfe-guestrow.com\/wp-content\/uploads\/2023\/12\/qr-code-Bankverbindung-600x600.png 600w\" sizes=\"auto, (max-width: 985px) 100vw, 985px\" \/><\/figure>\n<\/div><\/div>\n\n\n\n<div class=\"wp-block-column is-layout-flow wp-block-column-is-layout-flow\" style=\"flex-basis:16%\">\n<h2 class=\"wp-block-heading\">Kontakt<\/h2>\n\n\n\n<figure class=\"wp-block-table is-style-stripes has-small-font-size\"><table class=\"has-text-color has-link-color\" style=\"color:#0b67b7\"><tbody><tr><td><strong>Gesch\u00e4ftsstelle<\/strong><br>Lebenshilfe G\u00fcstrow e.V.<br>Gustav-Adolf-Stra\u00dfe 8<br>18273 G\u00fcstrow<\/td><\/tr><tr><td>Tel: 03843 \/ 85 59-0<br>Fax: 03843 \/ 85 59 10<br>post@lebenshilfe-guestrow.de<\/td><\/tr><tr><td><strong>Gesch\u00e4ftsleitung<\/strong><br>Frau Dagmar Kluge<\/td><\/tr><\/tbody><\/table><\/figure>\n\n\n\n<h2 class=\"wp-block-heading\">Mitglied im:<\/h2>\n\n\n\n<p class=\"has-small-font-size\"><a href=\"http:\/\/Startseite - Lebenshilfe Landesverband Mecklenburg-Vorpommern e.V. (lebenshilfe-mv.de)\" target=\"_blank\" rel=\"noreferrer noopener\">Landesverband Lebenshilfe M-V e.V.<\/a><\/p>\n\n\n\n<p class=\"has-small-font-size\"><a href=\"http:\/\/Lebenshilfe Startseite\" target=\"_blank\" rel=\"noreferrer noopener\">Bundesvereinigung Lebenshilfe e.V.<\/a><\/p>\n\n\n\n<p class=\"has-small-font-size\"><a href=\"http:\/\/Startseite | Der Parit\u00e4tische Mecklenburg-Vorpommern (paritaet-mv.de)\" target=\"_blank\" rel=\"noreferrer noopener\">Spitzenverband Der Parit\u00e4tische M-V e.V.<\/a><\/p>\n\n\n\n<hr class=\"wp-block-separator has-text-color has-alpha-channel-opacity has-background is-style-wide\" style=\"background-color:#0b67b7;color:#0b67b7\"\/>\n\n\n\n<h2 class=\"wp-block-heading\">Aus unseren Einrichtungen<\/h2>\n\n\n<ul class=\"wp-block-categories-list wp-block-categories has-small-font-size\">\t<li class=\"cat-item cat-item-1\"><a href=\"https:\/\/lebenshilfe-guestrow.com\/?cat=1\">Allgemein Lebenshilfe G\u00fcstrow e.V.<\/a>\n<\/li>\n\t<li class=\"cat-item cat-item-30\"><a href=\"https:\/\/lebenshilfe-guestrow.com\/?cat=30\">familienentlastender Dienst<\/a>\n<\/li>\n\t<li class=\"cat-item cat-item-31\"><a href=\"https:\/\/lebenshilfe-guestrow.com\/?cat=31\">iLb<\/a>\n<\/li>\n\t<li class=\"cat-item cat-item-17\"><a href=\"https:\/\/lebenshilfe-guestrow.com\/?cat=17\">Kita<\/a>\n<\/li>\n\t<li class=\"cat-item cat-item-29\"><a href=\"https:\/\/lebenshilfe-guestrow.com\/?cat=29\">Kita &quot;Die Landm\u00e4use&quot;<\/a>\n<\/li>\n\t<li class=\"cat-item cat-item-27\"><a href=\"https:\/\/lebenshilfe-guestrow.com\/?cat=27\">Kita &quot;Medicus&quot;<\/a>\n<\/li>\n\t<li class=\"cat-item cat-item-20\"><a href=\"https:\/\/lebenshilfe-guestrow.com\/?cat=20\">Kita &quot;Ostwind&quot;<\/a>\n<\/li>\n\t<li class=\"cat-item cat-item-19\"><a href=\"https:\/\/lebenshilfe-guestrow.com\/?cat=19\">Kita &quot;Schnatterst\u00fcbchen&quot;<\/a>\n<\/li>\n\t<li class=\"cat-item cat-item-22\"><a href=\"https:\/\/lebenshilfe-guestrow.com\/?cat=22\">Kita &quot;Sonnenkinder&quot;<\/a>\n<\/li>\n\t<li class=\"cat-item cat-item-18\"><a href=\"https:\/\/lebenshilfe-guestrow.com\/?cat=18\">Wohnst\u00e4tten<\/a>\n<\/li>\n<\/ul>\n\n\n<hr class=\"wp-block-separator has-text-color has-alpha-channel-opacity has-background is-style-wide\" style=\"background-color:#0b67b7;color:#0b67b7\"\/>\n\n\n\n<h2 class=\"wp-block-heading\">Archiv<\/h2>\n\n\n<ul class=\"wp-block-archives-list wp-block-archives has-small-font-size\">\t<li><a href='https:\/\/lebenshilfe-guestrow.com\/?m=202604'>April 2026<\/a><\/li>\n\t<li><a href='https:\/\/lebenshilfe-guestrow.com\/?m=202602'>Februar 2026<\/a><\/li>\n\t<li><a href='https:\/\/lebenshilfe-guestrow.com\/?m=202601'>Januar 2026<\/a><\/li>\n\t<li><a href='https:\/\/lebenshilfe-guestrow.com\/?m=202511'>November 2025<\/a><\/li>\n\t<li><a href='https:\/\/lebenshilfe-guestrow.com\/?m=202508'>August 2025<\/a><\/li>\n\t<li><a href='https:\/\/lebenshilfe-guestrow.com\/?m=202507'>Juli 2025<\/a><\/li>\n\t<li><a href='https:\/\/lebenshilfe-guestrow.com\/?m=202506'>Juni 2025<\/a><\/li>\n\t<li><a href='https:\/\/lebenshilfe-guestrow.com\/?m=202505'>Mai 2025<\/a><\/li>\n\t<li><a href='https:\/\/lebenshilfe-guestrow.com\/?m=202504'>April 2025<\/a><\/li>\n\t<li><a href='https:\/\/lebenshilfe-guestrow.com\/?m=202501'>Januar 2025<\/a><\/li>\n\t<li><a href='https:\/\/lebenshilfe-guestrow.com\/?m=202412'>Dezember 2024<\/a><\/li>\n\t<li><a href='https:\/\/lebenshilfe-guestrow.com\/?m=202411'>November 2024<\/a><\/li>\n\t<li><a href='https:\/\/lebenshilfe-guestrow.com\/?m=202409'>September 2024<\/a><\/li>\n\t<li><a href='https:\/\/lebenshilfe-guestrow.com\/?m=202406'>Juni 2024<\/a><\/li>\n\t<li><a href='https:\/\/lebenshilfe-guestrow.com\/?m=202404'>April 2024<\/a><\/li>\n\t<li><a href='https:\/\/lebenshilfe-guestrow.com\/?m=202403'>M\u00e4rz 2024<\/a><\/li>\n\t<li><a href='https:\/\/lebenshilfe-guestrow.com\/?m=202402'>Februar 2024<\/a><\/li>\n\t<li><a href='https:\/\/lebenshilfe-guestrow.com\/?m=202312'>Dezember 2023<\/a><\/li>\n\t<li><a href='https:\/\/lebenshilfe-guestrow.com\/?m=202311'>November 2023<\/a><\/li>\n\t<li><a href='https:\/\/lebenshilfe-guestrow.com\/?m=202310'>Oktober 2023<\/a><\/li>\n\t<li><a href='https:\/\/lebenshilfe-guestrow.com\/?m=202302'>Februar 2023<\/a><\/li>\n\t<li><a href='https:\/\/lebenshilfe-guestrow.com\/?m=202208'>August 2022<\/a><\/li>\n<\/ul>\n\n\n<hr class=\"wp-block-separator has-text-color has-alpha-channel-opacity has-background is-style-wide\" style=\"background-color:#0b67b7;color:#0b67b7\"\/>\n<\/div>\n<\/div>\n","protected":false},"excerpt":{"rendered":"<p>Warum Ihre Spende f\u00fcr Menschen mit Behinderung z\u00e4hlt Die Lebenshilfe setzt sich seit \u00fcber 60 Jahre f\u00fcr Menschen mit geistiger Behinderung ein. Damit alle gleichberechtigt dabei sein k\u00f6nnen: bei der Arbeit, in der Schule, in der Freizeit, beim Wohnen, \u00fcberall. Die Lebenshilfe sorgt daf\u00fcr, dass Menschen mit Behinderung und ihre Familien dabei die Unterst\u00fctzung bekommen, [&hellip;]<\/p>\n","protected":false},"author":1,"featured_media":0,"parent":0,"menu_order":0,"comment_status":"closed","ping_status":"closed","template":"","meta":{"ocean_post_layout":"full-screen","ocean_both_sidebars_style":"","ocean_both_sidebars_content_width":0,"ocean_both_sidebars_sidebars_width":0,"ocean_sidebar":"","ocean_second_sidebar":"","ocean_disable_margins":"enable","ocean_add_body_class":"","ocean_shortcode_before_top_bar":"","ocean_shortcode_after_top_bar":"","ocean_shortcode_before_header":"","ocean_shortcode_after_header":"","ocean_has_shortcode":"","ocean_shortcode_after_title":"","ocean_shortcode_before_footer_widgets":"","ocean_shortcode_after_footer_widgets":"","ocean_shortcode_before_footer_bottom":"","ocean_shortcode_after_footer_bottom":"","ocean_display_top_bar":"default","ocean_display_header":"default","ocean_header_style":"","ocean_center_header_left_menu":"","ocean_custom_header_template":"","ocean_custom_logo":0,"ocean_custom_retina_logo":0,"ocean_custom_logo_max_width":0,"ocean_custom_logo_tablet_max_width":0,"ocean_custom_logo_mobile_max_width":0,"ocean_custom_logo_max_height":0,"ocean_custom_logo_tablet_max_height":0,"ocean_custom_logo_mobile_max_height":0,"ocean_header_custom_menu":"","ocean_menu_typo_font_family":"","ocean_menu_typo_font_subset":"","ocean_menu_typo_font_size":0,"ocean_menu_typo_font_size_tablet":0,"ocean_menu_typo_font_size_mobile":0,"ocean_menu_typo_font_size_unit":"px","ocean_menu_typo_font_weight":"","ocean_menu_typo_font_weight_tablet":"","ocean_menu_typo_font_weight_mobile":"","ocean_menu_typo_transform":"","ocean_menu_typo_transform_tablet":"","ocean_menu_typo_transform_mobile":"","ocean_menu_typo_line_height":0,"ocean_menu_typo_line_height_tablet":0,"ocean_menu_typo_line_height_mobile":0,"ocean_menu_typo_line_height_unit":"","ocean_menu_typo_spacing":0,"ocean_menu_typo_spacing_tablet":0,"ocean_menu_typo_spacing_mobile":0,"ocean_menu_typo_spacing_unit":"","ocean_menu_link_color":"","ocean_menu_link_color_hover":"","ocean_menu_link_color_active":"","ocean_menu_link_background":"","ocean_menu_link_hover_background":"","ocean_menu_link_active_background":"","ocean_menu_social_links_bg":"","ocean_menu_social_hover_links_bg":"","ocean_menu_social_links_color":"","ocean_menu_social_hover_links_color":"","ocean_disable_title":"default","ocean_disable_heading":"default","ocean_post_title":"","ocean_post_subheading":"","ocean_post_title_style":"","ocean_post_title_background_color":"","ocean_post_title_background":0,"ocean_post_title_bg_image_position":"","ocean_post_title_bg_image_attachment":"","ocean_post_title_bg_image_repeat":"","ocean_post_title_bg_image_size":"","ocean_post_title_height":0,"ocean_post_title_bg_overlay":0.5,"ocean_post_title_bg_overlay_color":"","ocean_disable_breadcrumbs":"default","ocean_breadcrumbs_color":"","ocean_breadcrumbs_separator_color":"","ocean_breadcrumbs_links_color":"","ocean_breadcrumbs_links_hover_color":"","ocean_display_footer_widgets":"default","ocean_display_footer_bottom":"default","ocean_custom_footer_template":"","footnotes":""},"class_list":["post-459","page","type-page","status-publish","hentry","entry"],"_links":{"self":[{"href":"https:\/\/lebenshilfe-guestrow.com\/index.php?rest_route=\/wp\/v2\/pages\/459","targetHints":{"allow":["GET"]}}],"collection":[{"href":"https:\/\/lebenshilfe-guestrow.com\/index.php?rest_route=\/wp\/v2\/pages"}],"about":[{"href":"https:\/\/lebenshilfe-guestrow.com\/index.php?rest_route=\/wp\/v2\/types\/page"}],"author":[{"embeddable":true,"href":"https:\/\/lebenshilfe-guestrow.com\/index.php?rest_route=\/wp\/v2\/users\/1"}],"replies":[{"embeddable":true,"href":"https:\/\/lebenshilfe-guestrow.com\/index.php?rest_route=%2Fwp%2Fv2%2Fcomments&post=459"}],"version-history":[{"count":13,"href":"https:\/\/lebenshilfe-guestrow.com\/index.php?rest_route=\/wp\/v2\/pages\/459\/revisions"}],"predecessor-version":[{"id":1203,"href":"https:\/\/lebenshilfe-guestrow.com\/index.php?rest_route=\/wp\/v2\/pages\/459\/revisions\/1203"}],"wp:attachment":[{"href":"https:\/\/lebenshilfe-guestrow.com\/index.php?rest_route=%2Fwp%2Fv2%2Fmedia&parent=459"}],"curies":[{"name":"wp","href":"https:\/\/api.w.org\/{rel}","templated":true}]}}