{"id":664,"date":"2023-11-21T13:38:13","date_gmt":"2023-11-21T12:38:13","guid":{"rendered":"https:\/\/Lebenshilfe-Gues-ukcpok3l9w.live-website.com\/?page_id=664"},"modified":"2024-11-19T10:19:52","modified_gmt":"2024-11-19T09:19:52","slug":"kita-und-hort","status":"publish","type":"page","link":"https:\/\/lebenshilfe-guestrow.com\/?page_id=664","title":{"rendered":"Kita \/ Hort"},"content":{"rendered":"\n<hr class=\"wp-block-separator has-text-color has-white-color has-alpha-channel-opacity has-white-background-color has-background\"\/>\n\n\n\n<div class=\"wp-block-cover is-light\" style=\"min-height:380px;aspect-ratio:unset;\"><span aria-hidden=\"true\" class=\"wp-block-cover__background has-background-dim-0 has-background-dim\"><\/span><img loading=\"lazy\" decoding=\"async\" width=\"1200\" height=\"800\" class=\"wp-block-cover__image-background wp-image-1163\" alt=\"\" src=\"https:\/\/Lebenshilfe-Gues-ukcpok3l9w.live-website.com\/wp-content\/uploads\/2023\/12\/Lebenshilfe_5D3_34C9948.jpg\" data-object-fit=\"cover\" srcset=\"https:\/\/lebenshilfe-guestrow.com\/wp-content\/uploads\/2023\/12\/Lebenshilfe_5D3_34C9948.jpg 1200w, https:\/\/lebenshilfe-guestrow.com\/wp-content\/uploads\/2023\/12\/Lebenshilfe_5D3_34C9948-300x200.jpg 300w, https:\/\/lebenshilfe-guestrow.com\/wp-content\/uploads\/2023\/12\/Lebenshilfe_5D3_34C9948-1024x683.jpg 1024w, https:\/\/lebenshilfe-guestrow.com\/wp-content\/uploads\/2023\/12\/Lebenshilfe_5D3_34C9948-768x512.jpg 768w\" sizes=\"auto, (max-width: 1200px) 100vw, 1200px\" \/><div class=\"wp-block-cover__inner-container is-layout-constrained wp-block-cover-is-layout-constrained\">\n<p class=\"has-text-align-center has-large-font-size\"><\/p>\n<\/div><\/div>\n\n\n\n<hr class=\"wp-block-separator has-alpha-channel-opacity\"\/>\n\n\n\n<div class=\"wp-block-columns is-layout-flex wp-container-core-columns-is-layout-9d6595d7 wp-block-columns-is-layout-flex\">\n<div class=\"wp-block-column is-layout-flow wp-block-column-is-layout-flow\" style=\"flex-basis:11%\"><\/div>\n\n\n\n<div class=\"wp-block-column is-layout-flow wp-block-column-is-layout-flow\" style=\"flex-basis:59%\">\n<h1 class=\"wp-block-heading has-text-align-center\">Kindertagesst\u00e4tten<\/h1>\n\n\n\n<p>Die Lebenshilfe G\u00fcstrow e.V. ist Tr\u00e4ger von vier integrativen Kindertagesst\u00e4tten und einer Regelkindertagesst\u00e4tte. Unsere Einrichtungen befinden sich zwei mal in G\u00fcstrow und jeweils eine Einrichtung in J\u00f6rdenstorf, Diekhof und Teterow.<\/p>\n\n\n\n<p>Insgesamt verf\u00fcgt die Lebenshilfe G\u00fcstrow e.V. in den Kindertagesst\u00e4tten \u00fcber folgende Gesamtkapazit\u00e4ten:<\/p>\n\n\n\n<ul class=\"wp-block-list\">\n<li>77 Krippenpl\u00e4tze<\/li>\n\n\n\n<li>243 Kindergartenpl\u00e4tze\n<ul class=\"wp-block-list\">\n<li>davon 44 Pl\u00e4tze f\u00fcr Kinder mit erh\u00f6htem F\u00f6rderbedarf<\/li>\n<\/ul>\n<\/li>\n\n\n\n<li>94 Hortpl\u00e4tze<\/li>\n<\/ul>\n\n\n\n<div class=\"wp-block-columns is-layout-flex wp-container-core-columns-is-layout-9d6595d7 wp-block-columns-is-layout-flex\">\n<div class=\"wp-block-column is-layout-flow wp-block-column-is-layout-flow\">\n<figure class=\"wp-block-image size-large\"><img loading=\"lazy\" decoding=\"async\" width=\"1024\" height=\"683\" src=\"https:\/\/Lebenshilfe-Gues-ukcpok3l9w.live-website.com\/wp-content\/uploads\/2023\/11\/Kinder-3-1024x683.jpg\" alt=\"\" class=\"wp-image-608\" srcset=\"https:\/\/lebenshilfe-guestrow.com\/wp-content\/uploads\/2023\/11\/Kinder-3-1024x683.jpg 1024w, https:\/\/lebenshilfe-guestrow.com\/wp-content\/uploads\/2023\/11\/Kinder-3-300x200.jpg 300w, https:\/\/lebenshilfe-guestrow.com\/wp-content\/uploads\/2023\/11\/Kinder-3-768x512.jpg 768w, https:\/\/lebenshilfe-guestrow.com\/wp-content\/uploads\/2023\/11\/Kinder-3.jpg 1200w\" sizes=\"auto, (max-width: 1024px) 100vw, 1024px\" \/><\/figure>\n\n\n\n<p class=\"has-text-align-center\"><a href=\"https:\/\/lebenshilfe-guestrow.com\/?page_id=169\" data-type=\"page\" data-id=\"169\">&#8222;Medicus&#8220; in G\u00fcstrow<\/a><\/p>\n<\/div>\n\n\n\n<div class=\"wp-block-column is-layout-flow wp-block-column-is-layout-flow\">\n<figure class=\"wp-block-image size-large\"><img loading=\"lazy\" decoding=\"async\" width=\"1024\" height=\"683\" src=\"https:\/\/Lebenshilfe-Gues-ukcpok3l9w.live-website.com\/wp-content\/uploads\/2023\/11\/Kinder-1024x683.jpg\" alt=\"Kita\" class=\"wp-image-559\" srcset=\"https:\/\/lebenshilfe-guestrow.com\/wp-content\/uploads\/2023\/11\/Kinder-1024x683.jpg 1024w, https:\/\/lebenshilfe-guestrow.com\/wp-content\/uploads\/2023\/11\/Kinder-300x200.jpg 300w, https:\/\/lebenshilfe-guestrow.com\/wp-content\/uploads\/2023\/11\/Kinder-768x512.jpg 768w, https:\/\/lebenshilfe-guestrow.com\/wp-content\/uploads\/2023\/11\/Kinder.jpg 1200w\" sizes=\"auto, (max-width: 1024px) 100vw, 1024px\" \/><\/figure>\n\n\n\n<p class=\"has-text-align-center\"><a href=\"https:\/\/lebenshilfe-guestrow.com\/?page_id=39\" data-type=\"page\" data-id=\"39\">&#8222;Sonnenkinder&#8220; in G\u00fcstrow<\/a><\/p>\n<\/div>\n\n\n\n<div class=\"wp-block-column is-layout-flow wp-block-column-is-layout-flow\">\n<figure class=\"wp-block-image size-large\"><img loading=\"lazy\" decoding=\"async\" width=\"1024\" height=\"683\" src=\"https:\/\/Lebenshilfe-Gues-ukcpok3l9w.live-website.com\/wp-content\/uploads\/2023\/10\/Teterow_02-1024x683.jpg\" alt=\"\" class=\"wp-image-357\" srcset=\"https:\/\/lebenshilfe-guestrow.com\/wp-content\/uploads\/2023\/10\/Teterow_02-1024x683.jpg 1024w, https:\/\/lebenshilfe-guestrow.com\/wp-content\/uploads\/2023\/10\/Teterow_02-300x200.jpg 300w, https:\/\/lebenshilfe-guestrow.com\/wp-content\/uploads\/2023\/10\/Teterow_02-768x512.jpg 768w\" sizes=\"auto, (max-width: 1024px) 100vw, 1024px\" \/><\/figure>\n\n\n\n<p class=\"has-text-align-center\"><a href=\"https:\/\/lebenshilfe-guestrow.com\/?page_id=355\" data-type=\"page\" data-id=\"355\">&#8222;Ostwind&#8220; in Teterow<\/a><\/p>\n<\/div>\n<\/div>\n\n\n\n<div class=\"wp-block-columns is-layout-flex wp-container-core-columns-is-layout-9d6595d7 wp-block-columns-is-layout-flex\">\n<div class=\"wp-block-column is-layout-flow wp-block-column-is-layout-flow\">\n<figure class=\"wp-block-image size-full\"><img loading=\"lazy\" decoding=\"async\" width=\"312\" height=\"208\" src=\"https:\/\/Lebenshilfe-Gues-ukcpok3l9w.live-website.com\/wp-content\/uploads\/2023\/10\/Joerdenstorf-Internet.jpg\" alt=\"\" class=\"wp-image-240\" srcset=\"https:\/\/lebenshilfe-guestrow.com\/wp-content\/uploads\/2023\/10\/Joerdenstorf-Internet.jpg 312w, https:\/\/lebenshilfe-guestrow.com\/wp-content\/uploads\/2023\/10\/Joerdenstorf-Internet-300x200.jpg 300w\" sizes=\"auto, (max-width: 312px) 100vw, 312px\" \/><\/figure>\n\n\n\n<p class=\"has-text-align-center\"><a href=\"https:\/\/lebenshilfe-guestrow.com\/?page_id=152\" data-type=\"page\" data-id=\"152\">&#8222;Schnatterst\u00fcbchen&#8220; Kita und Hort in J\u00f6rdenstorf<\/a><\/p>\n<\/div>\n\n\n\n<div class=\"wp-block-column is-layout-flow wp-block-column-is-layout-flow\">\n<figure class=\"wp-block-image size-large\"><img loading=\"lazy\" decoding=\"async\" width=\"1024\" height=\"683\" src=\"https:\/\/Lebenshilfe-Gues-ukcpok3l9w.live-website.com\/wp-content\/uploads\/2023\/11\/Kinder-2-1024x683.jpg\" alt=\"\" class=\"wp-image-607\" srcset=\"https:\/\/lebenshilfe-guestrow.com\/wp-content\/uploads\/2023\/11\/Kinder-2-1024x683.jpg 1024w, https:\/\/lebenshilfe-guestrow.com\/wp-content\/uploads\/2023\/11\/Kinder-2-300x200.jpg 300w, https:\/\/lebenshilfe-guestrow.com\/wp-content\/uploads\/2023\/11\/Kinder-2-768x512.jpg 768w, https:\/\/lebenshilfe-guestrow.com\/wp-content\/uploads\/2023\/11\/Kinder-2.jpg 1200w\" sizes=\"auto, (max-width: 1024px) 100vw, 1024px\" \/><\/figure>\n\n\n\n<p class=\"has-text-align-center\"><a href=\"https:\/\/lebenshilfe-guestrow.com\/?page_id=336\" data-type=\"page\" data-id=\"336\">&#8222;Die Landm\u00e4use&#8220; Kita in Diekhof<\/a><\/p>\n<\/div>\n\n\n\n<div class=\"wp-block-column is-layout-flow wp-block-column-is-layout-flow\">\n<figure class=\"wp-block-image size-large\"><img loading=\"lazy\" decoding=\"async\" width=\"1024\" height=\"683\" src=\"https:\/\/Lebenshilfe-Gues-ukcpok3l9w.live-website.com\/wp-content\/uploads\/2023\/11\/Bild-Kinder-Hort-1024x683.jpg\" alt=\"\" class=\"wp-image-727\" srcset=\"https:\/\/lebenshilfe-guestrow.com\/wp-content\/uploads\/2023\/11\/Bild-Kinder-Hort-1024x683.jpg 1024w, https:\/\/lebenshilfe-guestrow.com\/wp-content\/uploads\/2023\/11\/Bild-Kinder-Hort-300x200.jpg 300w, https:\/\/lebenshilfe-guestrow.com\/wp-content\/uploads\/2023\/11\/Bild-Kinder-Hort-768x512.jpg 768w, https:\/\/lebenshilfe-guestrow.com\/wp-content\/uploads\/2023\/11\/Bild-Kinder-Hort.jpg 1200w\" sizes=\"auto, (max-width: 1024px) 100vw, 1024px\" \/><\/figure>\n\n\n\n<p class=\"has-text-align-center\"><a href=\"https:\/\/lebenshilfe-guestrow.com\/?page_id=726\" data-type=\"page\" data-id=\"726\">&#8222;Die Landm\u00e4use&#8220; Hort in Diekhof<\/a><\/p>\n<\/div>\n<\/div>\n<\/div>\n\n\n\n<div class=\"wp-block-column is-layout-flow wp-block-column-is-layout-flow\" style=\"flex-basis:16%\">\n<h2 class=\"wp-block-heading\">Kontakt<\/h2>\n\n\n\n<figure class=\"wp-block-table is-style-stripes has-small-font-size\"><table class=\"has-text-color has-link-color\" style=\"color:#0b67b7\"><tbody><tr><td><strong>Lebenshilfe G\u00fcstrow e.V.<\/strong><br>Gustav-Adolf-Stra\u00dfe 8<br>18273 G\u00fcstrow<br>Tel: 03843 \/85 59-0<br>Fax: 03843 \/ 85 59 10<br><a href=\"mailto:post@lebenshilfe-guestrow.de\" target=\"_blank\" rel=\"noreferrer noopener\">post@lebenshilfe-guestrow.de<\/a><\/td><\/tr><tr><td><strong>Gesch\u00e4ftsleitung:<\/strong><br>Dagmar Kluge<\/td><\/tr><\/tbody><\/table><\/figure>\n\n\n\n<h2 class=\"wp-block-heading\">Service<\/h2>\n\n\n\n<p class=\"has-small-font-size\"><a href=\"https:\/\/lebenshilfe-guestrow.com\/wp-content\/uploads\/2023\/12\/Betreuungsvertrag-Kita.pdf\" data-type=\"attachment\" data-id=\"1185\" target=\"_blank\" rel=\"noreferrer noopener\">Betreuungsvertrag Kita<\/a><\/p>\n\n\n\n<p class=\"has-small-font-size\"><a href=\"https:\/\/lebenshilfe-guestrow.com\/wp-content\/uploads\/2023\/12\/Voranmeldung-auf-einen-Betreuungsplatz.pdf\" data-type=\"attachment\" data-id=\"1044\" target=\"_blank\" rel=\"noreferrer noopener\">Voranmeldung Kita<\/a><\/p>\n\n\n\n<h2 class=\"wp-block-heading\">Aus unseren Einrichtungen<\/h2>\n\n\n<div class=\"wp-block-categories-dropdown wp-block-categories has-small-font-size\"><label class=\"wp-block-categories__label\" for=\"wp-block-categories-1\">Kategorien<\/label><select  name='category_name' id='wp-block-categories-1' class='postform'>\n\t<option value='-1'>Kategorie ausw\u00e4hlen<\/option>\n\t<option class=\"level-0\" value=\"allgemein-lebenshilfe-guestrow\">Allgemein Lebenshilfe G\u00fcstrow e.V.<\/option>\n\t<option class=\"level-0\" value=\"familienentlastender-dienst\">familienentlastender Dienst<\/option>\n\t<option class=\"level-0\" value=\"ilb\">iLb<\/option>\n\t<option class=\"level-0\" value=\"kita\">Kita<\/option>\n\t<option class=\"level-0\" value=\"kita-die-landmaeuse\">Kita &#8222;Die Landm\u00e4use&#8220;<\/option>\n\t<option class=\"level-0\" value=\"kita-medicus\">Kita &#8222;Medicus&#8220;<\/option>\n\t<option class=\"level-0\" value=\"kita-ostwind\">Kita &#8222;Ostwind&#8220;<\/option>\n\t<option class=\"level-0\" value=\"kita-schnatterstuebchen\">Kita &#8222;Schnatterst\u00fcbchen&#8220;<\/option>\n\t<option class=\"level-0\" value=\"kita-sonnenkinder\">Kita &#8222;Sonnenkinder&#8220;<\/option>\n\t<option class=\"level-0\" value=\"wohnstaetten\">Wohnst\u00e4tten<\/option>\n<\/select><script>\n( ( [ dropdownId, homeUrl ] ) => {\n\t\tconst dropdown = document.getElementById( dropdownId );\n\t\tfunction onSelectChange() {\n\t\t\tsetTimeout( () => {\n\t\t\t\tif ( 'escape' === dropdown.dataset.lastkey ) {\n\t\t\t\t\treturn;\n\t\t\t\t}\n\t\t\t\tif ( dropdown.value && dropdown instanceof HTMLSelectElement ) {\n\t\t\t\t\tconst url = new URL( homeUrl );\n\t\t\t\t\turl.searchParams.set( dropdown.name, dropdown.value );\n\t\t\t\t\tlocation.href = url.href;\n\t\t\t\t}\n\t\t\t}, 250 );\n\t\t}\n\t\tfunction onKeyUp( event ) {\n\t\t\tif ( 'Escape' === event.key ) {\n\t\t\t\tdropdown.dataset.lastkey = 'escape';\n\t\t\t} else {\n\t\t\t\tdelete dropdown.dataset.lastkey;\n\t\t\t}\n\t\t}\n\t\tfunction onClick() {\n\t\t\tdelete dropdown.dataset.lastkey;\n\t\t}\n\t\tdropdown.addEventListener( 'keyup', onKeyUp );\n\t\tdropdown.addEventListener( 'click', onClick );\n\t\tdropdown.addEventListener( 'change', onSelectChange );\n\t} )( [\"wp-block-categories-1\",\"https:\/\/lebenshilfe-guestrow.com\"] );\n\/\/# sourceURL=build_dropdown_script_block_core_categories\n<\/script>\n\n<\/div>\n\n\n<hr class=\"wp-block-separator has-text-color has-alpha-channel-opacity has-background is-style-wide\" style=\"background-color:#0b67b7;color:#0b67b7\"\/>\n\n\n\n<h2 class=\"wp-block-heading\">Verb\u00e4nde<\/h2>\n\n\n\n<p class=\"has-small-font-size\"><a href=\"https:\/\/www.lebenshilfe-mv.de\/de\/index.php\" target=\"_blank\" rel=\"noreferrer noopener\">Landesverband der Lebenshilfe<\/a><\/p>\n\n\n\n<p class=\"has-small-font-size\"><a href=\"https:\/\/www.lebenshilfe.de\/\" target=\"_blank\" rel=\"noreferrer noopener\">Bundesvereinigung der Lebenshilfe<\/a><\/p>\n\n\n\n<p class=\"has-small-font-size\"><a href=\"https:\/\/www.paritaet-mv.de\/\" target=\"_blank\" rel=\"noreferrer noopener\">Parit\u00e4tischer Verband MV<\/a><\/p>\n<\/div>\n<\/div>\n","protected":false},"excerpt":{"rendered":"<p>Kindertagesst\u00e4tten Die Lebenshilfe G\u00fcstrow e.V. ist Tr\u00e4ger von vier integrativen Kindertagesst\u00e4tten und einer Regelkindertagesst\u00e4tte. Unsere Einrichtungen befinden sich zwei mal in G\u00fcstrow und jeweils eine Einrichtung in J\u00f6rdenstorf, Diekhof und Teterow. Insgesamt verf\u00fcgt die Lebenshilfe G\u00fcstrow e.V. in den Kindertagesst\u00e4tten \u00fcber folgende Gesamtkapazit\u00e4ten: &#8222;Medicus&#8220; in G\u00fcstrow &#8222;Sonnenkinder&#8220; in G\u00fcstrow &#8222;Ostwind&#8220; in Teterow &#8222;Schnatterst\u00fcbchen&#8220; Kita und [&hellip;]<\/p>\n","protected":false},"author":1,"featured_media":0,"parent":155,"menu_order":0,"comment_status":"closed","ping_status":"closed","template":"","meta":{"ocean_post_layout":"full-screen","ocean_both_sidebars_style":"","ocean_both_sidebars_content_width":0,"ocean_both_sidebars_sidebars_width":0,"ocean_sidebar":"","ocean_second_sidebar":"","ocean_disable_margins":"enable","ocean_add_body_class":"","ocean_shortcode_before_top_bar":"","ocean_shortcode_after_top_bar":"","ocean_shortcode_before_header":"","ocean_shortcode_after_header":"","ocean_has_shortcode":"","ocean_shortcode_after_title":"","ocean_shortcode_before_footer_widgets":"","ocean_shortcode_after_footer_widgets":"","ocean_shortcode_before_footer_bottom":"","ocean_shortcode_after_footer_bottom":"","ocean_display_top_bar":"default","ocean_display_header":"default","ocean_header_style":"","ocean_center_header_left_menu":"","ocean_custom_header_template":"","ocean_custom_logo":0,"ocean_custom_retina_logo":0,"ocean_custom_logo_max_width":0,"ocean_custom_logo_tablet_max_width":0,"ocean_custom_logo_mobile_max_width":0,"ocean_custom_logo_max_height":0,"ocean_custom_logo_tablet_max_height":0,"ocean_custom_logo_mobile_max_height":0,"ocean_header_custom_menu":"","ocean_menu_typo_font_family":"","ocean_menu_typo_font_subset":"","ocean_menu_typo_font_size":0,"ocean_menu_typo_font_size_tablet":0,"ocean_menu_typo_font_size_mobile":0,"ocean_menu_typo_font_size_unit":"px","ocean_menu_typo_font_weight":"","ocean_menu_typo_font_weight_tablet":"","ocean_menu_typo_font_weight_mobile":"","ocean_menu_typo_transform":"","ocean_menu_typo_transform_tablet":"","ocean_menu_typo_transform_mobile":"","ocean_menu_typo_line_height":0,"ocean_menu_typo_line_height_tablet":0,"ocean_menu_typo_line_height_mobile":0,"ocean_menu_typo_line_height_unit":"","ocean_menu_typo_spacing":0,"ocean_menu_typo_spacing_tablet":0,"ocean_menu_typo_spacing_mobile":0,"ocean_menu_typo_spacing_unit":"","ocean_menu_link_color":"","ocean_menu_link_color_hover":"","ocean_menu_link_color_active":"","ocean_menu_link_background":"","ocean_menu_link_hover_background":"","ocean_menu_link_active_background":"","ocean_menu_social_links_bg":"","ocean_menu_social_hover_links_bg":"","ocean_menu_social_links_color":"","ocean_menu_social_hover_links_color":"","ocean_disable_title":"default","ocean_disable_heading":"default","ocean_post_title":"","ocean_post_subheading":"","ocean_post_title_style":"","ocean_post_title_background_color":"","ocean_post_title_background":0,"ocean_post_title_bg_image_position":"","ocean_post_title_bg_image_attachment":"","ocean_post_title_bg_image_repeat":"","ocean_post_title_bg_image_size":"","ocean_post_title_height":0,"ocean_post_title_bg_overlay":0.5,"ocean_post_title_bg_overlay_color":"","ocean_disable_breadcrumbs":"default","ocean_breadcrumbs_color":"","ocean_breadcrumbs_separator_color":"","ocean_breadcrumbs_links_color":"","ocean_breadcrumbs_links_hover_color":"","ocean_display_footer_widgets":"default","ocean_display_footer_bottom":"default","ocean_custom_footer_template":"","footnotes":""},"class_list":["post-664","page","type-page","status-publish","hentry","entry"],"_links":{"self":[{"href":"https:\/\/lebenshilfe-guestrow.com\/index.php?rest_route=\/wp\/v2\/pages\/664","targetHints":{"allow":["GET"]}}],"collection":[{"href":"https:\/\/lebenshilfe-guestrow.com\/index.php?rest_route=\/wp\/v2\/pages"}],"about":[{"href":"https:\/\/lebenshilfe-guestrow.com\/index.php?rest_route=\/wp\/v2\/types\/page"}],"author":[{"embeddable":true,"href":"https:\/\/lebenshilfe-guestrow.com\/index.php?rest_route=\/wp\/v2\/users\/1"}],"replies":[{"embeddable":true,"href":"https:\/\/lebenshilfe-guestrow.com\/index.php?rest_route=%2Fwp%2Fv2%2Fcomments&post=664"}],"version-history":[{"count":22,"href":"https:\/\/lebenshilfe-guestrow.com\/index.php?rest_route=\/wp\/v2\/pages\/664\/revisions"}],"predecessor-version":[{"id":1651,"href":"https:\/\/lebenshilfe-guestrow.com\/index.php?rest_route=\/wp\/v2\/pages\/664\/revisions\/1651"}],"up":[{"embeddable":true,"href":"https:\/\/lebenshilfe-guestrow.com\/index.php?rest_route=\/wp\/v2\/pages\/155"}],"wp:attachment":[{"href":"https:\/\/lebenshilfe-guestrow.com\/index.php?rest_route=%2Fwp%2Fv2%2Fmedia&parent=664"}],"curies":[{"name":"wp","href":"https:\/\/api.w.org\/{rel}","templated":true}]}}