{"id":750,"date":"2023-11-27T12:07:11","date_gmt":"2023-11-27T11:07:11","guid":{"rendered":"https:\/\/Lebenshilfe-Gues-ukcpok3l9w.live-website.com\/?page_id=750"},"modified":"2025-09-18T07:53:02","modified_gmt":"2025-09-18T05:53:02","slug":"wohnstaette-krakow-am-see","status":"publish","type":"page","link":"https:\/\/lebenshilfe-guestrow.com\/?page_id=750","title":{"rendered":"Wohnst\u00e4tte Krakow am See"},"content":{"rendered":"\n<p><\/p>\n\n\n\n<hr class=\"wp-block-separator has-text-color has-white-color has-alpha-channel-opacity has-white-background-color has-background\"\/>\n\n\n\n<div class=\"wp-block-cover is-light\" style=\"min-height:380px;aspect-ratio:unset;\"><img loading=\"lazy\" decoding=\"async\" width=\"1200\" height=\"800\" class=\"wp-block-cover__image-background wp-image-748\" alt=\"\" src=\"https:\/\/Lebenshilfe-Gues-ukcpok3l9w.live-website.com\/wp-content\/uploads\/2023\/11\/Wohnen-2.jpg\" style=\"object-position:52% 39%\" data-object-fit=\"cover\" data-object-position=\"52% 39%\" srcset=\"https:\/\/lebenshilfe-guestrow.com\/wp-content\/uploads\/2023\/11\/Wohnen-2.jpg 1200w, https:\/\/lebenshilfe-guestrow.com\/wp-content\/uploads\/2023\/11\/Wohnen-2-300x200.jpg 300w, https:\/\/lebenshilfe-guestrow.com\/wp-content\/uploads\/2023\/11\/Wohnen-2-1024x683.jpg 1024w, https:\/\/lebenshilfe-guestrow.com\/wp-content\/uploads\/2023\/11\/Wohnen-2-768x512.jpg 768w\" sizes=\"auto, (max-width: 1200px) 100vw, 1200px\" \/><span aria-hidden=\"true\" class=\"wp-block-cover__background has-background-dim-0 has-background-dim\"><\/span><div class=\"wp-block-cover__inner-container is-layout-constrained wp-block-cover-is-layout-constrained\">\n<p class=\"has-text-align-center has-large-font-size\"><\/p>\n<\/div><\/div>\n\n\n\n<hr class=\"wp-block-separator has-alpha-channel-opacity\"\/>\n\n\n\n<div class=\"wp-block-columns is-layout-flex wp-container-core-columns-is-layout-9d6595d7 wp-block-columns-is-layout-flex\">\n<div class=\"wp-block-column is-layout-flow wp-block-column-is-layout-flow\" style=\"flex-basis:11%\"><\/div>\n\n\n\n<div class=\"wp-block-column is-layout-flow wp-block-column-is-layout-flow\" style=\"flex-basis:59%\">\n<h1 class=\"wp-block-heading has-text-align-center\">Besonderes Wohnen in Krakow am See<\/h1>\n\n\n\n<p class=\"has-text-align-center has-medium-font-size\" style=\"font-style:italic;font-weight:600\">Wir brauchen verschiedene Menschen, damit die Erde sich dreht!<\/p>\n\n\n\n<p>Unsere Wohnst\u00e4tte befindet sich in einem naturnahen Stadtgebiet (See, Wald).<\/p>\n\n\n\n<p>Wir verf\u00fcgen \u00fcber 18 Einzelzimmer sowie 3 Doppelzimmer in denen Menschen mit Beeintr\u00e4chtigung leben und wohnen.<\/p>\n\n\n\n<p>Qualifiziertes und erfahrenes Betreuungspersonal bietet Betreuung, F\u00f6rderung und lebenspraktische Hilfen an.<\/p>\n\n\n\n<p>Unser Konzept unterst\u00fctzt die Alltags- und Freizeitbew\u00e4ltigung unserer Bewohner. Wir entwickeln und stabilisieren die Teilhabe und Eigenst\u00e4ndigkeit im individuellen Lebensentwurf.<\/p>\n\n\n\n<p class=\"has-text-color has-link-color has-medium-font-size wp-elements-eed71a68812564868a1104bd1f907de0\" style=\"color:#0b67b7\"><strong><a href=\"https:\/\/lebenshilfe-guestrow.com\/wp-content\/uploads\/2025\/02\/Konzeption-Krakow.pdf\" data-type=\"attachment\" data-id=\"1996\" target=\"_blank\" rel=\"noreferrer noopener\">Unsere Konzeptionen<\/a><\/strong><\/p>\n<\/div>\n\n\n\n<div class=\"wp-block-column is-layout-flow wp-block-column-is-layout-flow\" style=\"flex-basis:16%\">\n<h2 class=\"wp-block-heading\">Kontakt<\/h2>\n\n\n\n<figure class=\"wp-block-table is-style-stripes has-small-font-size\"><table class=\"has-text-color has-link-color\" style=\"color:#0b67b7\"><tbody><tr><td><strong>Besonderes Wohnen Krakow<\/strong><br>Buchenweg 37<br>18292 Krakow am See<br>Tel: 038457 \/ 30 50<br>Fax: 038457 \/ 30 555<\/td><\/tr><tr><td><strong>Ansprechpartner<\/strong><br>Frau Wiesenberg<br>leitung-krakow@lebenshile-guestrow.de<br><strong>Beratung<\/strong><br>Mo-Fr 09:00 &#8211; 14:00 Uhr<\/td><\/tr><\/tbody><\/table><\/figure>\n\n\n\n<h2 class=\"wp-block-heading\">Service<\/h2>\n\n\n\n<hr class=\"wp-block-separator has-text-color has-alpha-channel-opacity has-background is-style-wide\" style=\"background-color:#0b67b7;color:#0b67b7\"\/>\n\n\n\n<p class=\"has-medium-font-size\"><a href=\"https:\/\/lebenshilfe-guestrow.com\/wp-content\/uploads\/2024\/11\/Stellenausschreibung-WST-Krakow.pdf\" data-type=\"attachment\" data-id=\"1696\" target=\"_blank\" rel=\"noreferrer noopener\">Stellenausschreibung<\/a><\/p>\n\n\n\n<h2 class=\"wp-block-heading\">Aktuelles<\/h2>\n\n\n<div class=\"wp-block-categories-dropdown wp-block-categories has-small-font-size\"><label class=\"wp-block-categories__label\" for=\"wp-block-categories-1\">Kategorien<\/label><select  name='category_name' id='wp-block-categories-1' class='postform'>\n\t<option value='-1'>Kategorie ausw\u00e4hlen<\/option>\n\t<option class=\"level-0\" value=\"allgemein-lebenshilfe-guestrow\">Allgemein Lebenshilfe G\u00fcstrow e.V.<\/option>\n\t<option class=\"level-0\" value=\"familienentlastender-dienst\">familienentlastender Dienst<\/option>\n\t<option class=\"level-0\" value=\"ilb\">iLb<\/option>\n\t<option class=\"level-0\" value=\"kita\">Kita<\/option>\n\t<option class=\"level-0\" value=\"kita-die-landmaeuse\">Kita &#8222;Die Landm\u00e4use&#8220;<\/option>\n\t<option class=\"level-0\" value=\"kita-medicus\">Kita &#8222;Medicus&#8220;<\/option>\n\t<option class=\"level-0\" value=\"kita-ostwind\">Kita &#8222;Ostwind&#8220;<\/option>\n\t<option class=\"level-0\" value=\"kita-schnatterstuebchen\">Kita &#8222;Schnatterst\u00fcbchen&#8220;<\/option>\n\t<option class=\"level-0\" value=\"kita-sonnenkinder\">Kita &#8222;Sonnenkinder&#8220;<\/option>\n\t<option class=\"level-0\" value=\"wohnstaetten\">Wohnst\u00e4tten<\/option>\n<\/select><script>\n( ( [ dropdownId, homeUrl ] ) => {\n\t\tconst dropdown = document.getElementById( dropdownId );\n\t\tfunction onSelectChange() {\n\t\t\tsetTimeout( () => {\n\t\t\t\tif ( 'escape' === dropdown.dataset.lastkey ) {\n\t\t\t\t\treturn;\n\t\t\t\t}\n\t\t\t\tif ( dropdown.value && dropdown instanceof HTMLSelectElement ) {\n\t\t\t\t\tconst url = new URL( homeUrl );\n\t\t\t\t\turl.searchParams.set( dropdown.name, dropdown.value );\n\t\t\t\t\tlocation.href = url.href;\n\t\t\t\t}\n\t\t\t}, 250 );\n\t\t}\n\t\tfunction onKeyUp( event ) {\n\t\t\tif ( 'Escape' === event.key ) {\n\t\t\t\tdropdown.dataset.lastkey = 'escape';\n\t\t\t} else {\n\t\t\t\tdelete dropdown.dataset.lastkey;\n\t\t\t}\n\t\t}\n\t\tfunction onClick() {\n\t\t\tdelete dropdown.dataset.lastkey;\n\t\t}\n\t\tdropdown.addEventListener( 'keyup', onKeyUp );\n\t\tdropdown.addEventListener( 'click', onClick );\n\t\tdropdown.addEventListener( 'change', onSelectChange );\n\t} )( [\"wp-block-categories-1\",\"https:\/\/lebenshilfe-guestrow.com\"] );\n\/\/# sourceURL=build_dropdown_script_block_core_categories\n<\/script>\n\n<\/div>\n\n\n<hr class=\"wp-block-separator has-text-color has-alpha-channel-opacity has-background is-style-wide\" style=\"background-color:#0b67b7;color:#0b67b7\"\/>\n<\/div>\n<\/div>\n","protected":false},"excerpt":{"rendered":"<p>Besonderes Wohnen in Krakow am See Wir brauchen verschiedene Menschen, damit die Erde sich dreht! Unsere Wohnst\u00e4tte befindet sich in einem naturnahen Stadtgebiet (See, Wald). Wir verf\u00fcgen \u00fcber 18 Einzelzimmer sowie 3 Doppelzimmer in denen Menschen mit Beeintr\u00e4chtigung leben und wohnen. Qualifiziertes und erfahrenes Betreuungspersonal bietet Betreuung, F\u00f6rderung und lebenspraktische Hilfen an. Unser Konzept unterst\u00fctzt [&hellip;]<\/p>\n","protected":false},"author":1,"featured_media":0,"parent":742,"menu_order":0,"comment_status":"closed","ping_status":"closed","template":"","meta":{"ocean_post_layout":"full-screen","ocean_both_sidebars_style":"","ocean_both_sidebars_content_width":0,"ocean_both_sidebars_sidebars_width":0,"ocean_sidebar":"","ocean_second_sidebar":"","ocean_disable_margins":"enable","ocean_add_body_class":"","ocean_shortcode_before_top_bar":"","ocean_shortcode_after_top_bar":"","ocean_shortcode_before_header":"","ocean_shortcode_after_header":"","ocean_has_shortcode":"","ocean_shortcode_after_title":"","ocean_shortcode_before_footer_widgets":"","ocean_shortcode_after_footer_widgets":"","ocean_shortcode_before_footer_bottom":"","ocean_shortcode_after_footer_bottom":"","ocean_display_top_bar":"default","ocean_display_header":"default","ocean_header_style":"","ocean_center_header_left_menu":"","ocean_custom_header_template":"","ocean_custom_logo":0,"ocean_custom_retina_logo":0,"ocean_custom_logo_max_width":0,"ocean_custom_logo_tablet_max_width":0,"ocean_custom_logo_mobile_max_width":0,"ocean_custom_logo_max_height":0,"ocean_custom_logo_tablet_max_height":0,"ocean_custom_logo_mobile_max_height":0,"ocean_header_custom_menu":"","ocean_menu_typo_font_family":"","ocean_menu_typo_font_subset":"","ocean_menu_typo_font_size":0,"ocean_menu_typo_font_size_tablet":0,"ocean_menu_typo_font_size_mobile":0,"ocean_menu_typo_font_size_unit":"px","ocean_menu_typo_font_weight":"","ocean_menu_typo_font_weight_tablet":"","ocean_menu_typo_font_weight_mobile":"","ocean_menu_typo_transform":"","ocean_menu_typo_transform_tablet":"","ocean_menu_typo_transform_mobile":"","ocean_menu_typo_line_height":0,"ocean_menu_typo_line_height_tablet":0,"ocean_menu_typo_line_height_mobile":0,"ocean_menu_typo_line_height_unit":"","ocean_menu_typo_spacing":0,"ocean_menu_typo_spacing_tablet":0,"ocean_menu_typo_spacing_mobile":0,"ocean_menu_typo_spacing_unit":"","ocean_menu_link_color":"","ocean_menu_link_color_hover":"","ocean_menu_link_color_active":"","ocean_menu_link_background":"","ocean_menu_link_hover_background":"","ocean_menu_link_active_background":"","ocean_menu_social_links_bg":"","ocean_menu_social_hover_links_bg":"","ocean_menu_social_links_color":"","ocean_menu_social_hover_links_color":"","ocean_disable_title":"default","ocean_disable_heading":"default","ocean_post_title":"","ocean_post_subheading":"","ocean_post_title_style":"","ocean_post_title_background_color":"","ocean_post_title_background":0,"ocean_post_title_bg_image_position":"","ocean_post_title_bg_image_attachment":"","ocean_post_title_bg_image_repeat":"","ocean_post_title_bg_image_size":"","ocean_post_title_height":0,"ocean_post_title_bg_overlay":0.5,"ocean_post_title_bg_overlay_color":"","ocean_disable_breadcrumbs":"default","ocean_breadcrumbs_color":"","ocean_breadcrumbs_separator_color":"","ocean_breadcrumbs_links_color":"","ocean_breadcrumbs_links_hover_color":"","ocean_display_footer_widgets":"default","ocean_display_footer_bottom":"default","ocean_custom_footer_template":"","footnotes":""},"class_list":["post-750","page","type-page","status-publish","hentry","entry"],"_links":{"self":[{"href":"https:\/\/lebenshilfe-guestrow.com\/index.php?rest_route=\/wp\/v2\/pages\/750","targetHints":{"allow":["GET"]}}],"collection":[{"href":"https:\/\/lebenshilfe-guestrow.com\/index.php?rest_route=\/wp\/v2\/pages"}],"about":[{"href":"https:\/\/lebenshilfe-guestrow.com\/index.php?rest_route=\/wp\/v2\/types\/page"}],"author":[{"embeddable":true,"href":"https:\/\/lebenshilfe-guestrow.com\/index.php?rest_route=\/wp\/v2\/users\/1"}],"replies":[{"embeddable":true,"href":"https:\/\/lebenshilfe-guestrow.com\/index.php?rest_route=%2Fwp%2Fv2%2Fcomments&post=750"}],"version-history":[{"count":6,"href":"https:\/\/lebenshilfe-guestrow.com\/index.php?rest_route=\/wp\/v2\/pages\/750\/revisions"}],"predecessor-version":[{"id":2281,"href":"https:\/\/lebenshilfe-guestrow.com\/index.php?rest_route=\/wp\/v2\/pages\/750\/revisions\/2281"}],"up":[{"embeddable":true,"href":"https:\/\/lebenshilfe-guestrow.com\/index.php?rest_route=\/wp\/v2\/pages\/742"}],"wp:attachment":[{"href":"https:\/\/lebenshilfe-guestrow.com\/index.php?rest_route=%2Fwp%2Fv2%2Fmedia&parent=750"}],"curies":[{"name":"wp","href":"https:\/\/api.w.org\/{rel}","templated":true}]}}