{"id":826,"date":"2023-12-04T12:16:31","date_gmt":"2023-12-04T11:16:31","guid":{"rendered":"https:\/\/Lebenshilfe-Gues-ukcpok3l9w.live-website.com\/?page_id=826"},"modified":"2024-07-16T14:49:52","modified_gmt":"2024-07-16T12:49:52","slug":"fruehfoerderung","status":"publish","type":"page","link":"https:\/\/lebenshilfe-guestrow.com\/?page_id=826","title":{"rendered":"Fr\u00fchf\u00f6rderung"},"content":{"rendered":"\n<p><\/p>\n\n\n\n<hr class=\"wp-block-separator has-text-color has-white-color has-alpha-channel-opacity has-white-background-color has-background\"\/>\n\n\n\n<div class=\"wp-block-cover is-light\" style=\"min-height:380px;aspect-ratio:unset;\"><span aria-hidden=\"true\" class=\"wp-block-cover__background has-background-dim-10 has-background-dim\"><\/span><img loading=\"lazy\" decoding=\"async\" width=\"1200\" height=\"800\" class=\"wp-block-cover__image-background wp-image-827\" alt=\"\" src=\"https:\/\/Lebenshilfe-Gues-ukcpok3l9w.live-website.com\/wp-content\/uploads\/2023\/12\/Fruehfoerderung.jpg\" data-object-fit=\"cover\" srcset=\"https:\/\/lebenshilfe-guestrow.com\/wp-content\/uploads\/2023\/12\/Fruehfoerderung.jpg 1200w, https:\/\/lebenshilfe-guestrow.com\/wp-content\/uploads\/2023\/12\/Fruehfoerderung-300x200.jpg 300w, https:\/\/lebenshilfe-guestrow.com\/wp-content\/uploads\/2023\/12\/Fruehfoerderung-1024x683.jpg 1024w, https:\/\/lebenshilfe-guestrow.com\/wp-content\/uploads\/2023\/12\/Fruehfoerderung-768x512.jpg 768w\" sizes=\"auto, (max-width: 1200px) 100vw, 1200px\" \/><div class=\"wp-block-cover__inner-container is-layout-constrained wp-block-cover-is-layout-constrained\">\n<p class=\"has-text-align-center has-large-font-size\"><\/p>\n<\/div><\/div>\n\n\n\n<hr class=\"wp-block-separator has-alpha-channel-opacity\"\/>\n\n\n\n<div class=\"wp-block-columns is-layout-flex wp-container-core-columns-is-layout-9d6595d7 wp-block-columns-is-layout-flex\">\n<div class=\"wp-block-column is-layout-flow wp-block-column-is-layout-flow\" style=\"flex-basis:11%\"><\/div>\n\n\n\n<div class=\"wp-block-column is-layout-flow wp-block-column-is-layout-flow\" style=\"flex-basis:59%\">\n<h1 class=\"wp-block-heading has-text-align-center\">Heilp\u00e4dagogische Fr\u00fchf\u00f6rderstelle (hFF)<\/h1>\n\n\n\n<p class=\"has-text-align-center has-medium-font-size\" style=\"font-style:italic;font-weight:600\">Kinder sind wie Schmetterlinge im Wind. Manche fliegen h\u00f6her als andere, aber beide Fliegen so gut sie k\u00f6nnen.<\/p>\n\n\n\n<p class=\"has-text-align-center has-medium-font-size\" style=\"font-style:italic;font-weight:600\">Sie sollten nicht um die Wette fliegen, denn jeder ist anders, jeder ist speziell, jeder ist wundersch\u00f6n, so wie er ist!<\/p>\n\n\n\n<ul class=\"wp-block-list\">\n<li><a href=\"#Fr\u00fchf\u00f6rderstelle\">Heilp\u00e4dagogische Fr\u00fchf\u00f6rderstelle<\/a><\/li>\n\n\n\n<li><a href=\"#Wer\">Wer kann sich an uns wenden?<\/a><\/li>\n\n\n\n<li><a href=\"#Warum\">Warum sollten Sie zu uns kommen?<\/a><\/li>\n\n\n\n<li><a href=\"#Was\">Was bieten wir Ihnen?<\/a><\/li>\n\n\n\n<li><a href=\"#Welche\">Welche Formen und M\u00f6glichkeiten der F\u00f6rderung bieten wir an?<\/a><\/li>\n\n\n\n<li><a href=\"#wo\">Wo findet Fr\u00fchf\u00f6rderung statt?<\/a><\/li>\n\n\n\n<li><a href=\"#notwendig\">Was ist notwendig?<\/a><\/li>\n\n\n\n<li><a href=\"#wichtig\">Was ist uns wichtig<\/a><\/li>\n<\/ul>\n\n\n\n<hr class=\"wp-block-separator has-alpha-channel-opacity\"\/>\n\n\n\n<h2 class=\"wp-block-heading has-text-align-left\" id=\"Fr\u00fchf\u00f6rderstelle\">Heilp\u00e4dagogische Fr\u00fchf\u00f6rderstelle der Lebenshilfe G\u00fcstrow e.V.<\/h2>\n\n\n\n<p class=\"has-text-align-center has-medium-font-size\" style=\"font-style:italic;font-weight:600\">Inklusion beginnt in und mit Familie<\/p>\n\n\n\n<p>Vieles muss erlernt und erfahren werden.<\/p>\n\n\n\n<p>Jedes Kind hat hierbei sein eigenes Tempo und seine eigenen St\u00e4rken und Schw\u00e4chen. Manchmal kann es jedoch sein, das manches nicht im Rahmen der kindlichen Entwicklung liegt, dass es Verz\u00f6gerungen oder Auff\u00e4lligkeiten gibt, die eine spezielle Unterst\u00fctzung des Kindes erfordern (z.B. das Kind hat Probleme mit einfachen Bewegungen, wie Greifen, der Handhabung von Gegenst\u00e4nden; ist \u00e4ngstlich und zieht sich zur\u00fcck; spricht nicht viel; ist zappelig und unruhig; mag nicht oder ungerne malen).<\/p>\n\n\n\n<p>F\u00fcr all diese Auff\u00e4lligkeiten, ihre Fragen, bei Unsicherheiten, wenn Sie  vielleicht nicht weiter wissen, alles ausprobiert haben, d\u00fcrfen sie sich vertrauensvoll an uns wenden. Wir beraten Sie kostenlos und sind bem\u00fcht, mit Ihnen als Familie, einen L\u00f6sungsweg zu finden.<\/p>\n\n\n\n<h2 class=\"wp-block-heading\" id=\"Wer\">Wer kann sich an uns wenden?<\/h2>\n\n\n\n<p>Alle Eltern,<\/p>\n\n\n\n<ul class=\"wp-block-list\">\n<li>die sich um die Entwicklung ihres Kindes sorgen und deshalb Rat und Hilfe suchen,<\/li>\n\n\n\n<li>deren Kind sich im Vergleich mit anderen Kindern bisher anders entwickelt hat (z.B. Auff\u00e4lligkeiten beim Spielen, in der Bewegung, beim Sprechen, beim H\u00f6ren) oder im allgemeinen Umgang mit anderen Kindern und Erwachsenen zeigt,<\/li>\n\n\n\n<li>die ein Kind haben, bei dem der Arzt eine k\u00f6rperliche oder geistige Beeintr\u00e4chtigung festgestellt hat,<\/li>\n<\/ul>\n\n\n\n<p>und auch<\/p>\n\n\n\n<ul class=\"wp-block-list\">\n<li>Erzieher und Erzieherinnen oder andere Bezugspersonen, die bei einem Kind Entwicklungsverz\u00f6gerungen vermuten.<\/li>\n<\/ul>\n\n\n\n<h2 class=\"wp-block-heading\" id=\"Warum\">Warum sollten Sie zu uns kommen?<\/h2>\n\n\n\n<p class=\"has-text-align-center has-medium-font-size\" style=\"font-style:italic;font-weight:600\">Entscheidende erste Lebensjahre<\/p>\n\n\n\n<ul class=\"wp-block-list\">\n<li>weil die ersten Lebensjahre die entscheidendsten Jahre f\u00fcr die Entwicklung des Kindes sind,<\/li>\n\n\n\n<li>weil Auff\u00e4lligkeiten in der weiteren Entwicklung zu St\u00f6rungen und zu Behinderungen f\u00fchren k\u00f6nnen,<\/li>\n\n\n\n<li>weil durch rechtzeitig einsetzende und gezielte F\u00f6rderung dem Kind eine Basis f\u00fcr seine Entwicklung gegeben werden kann<\/li>\n<\/ul>\n\n\n\n<h2 class=\"wp-block-heading\" id=\"Was\">Was bieten wir?<\/h2>\n\n\n\n<ul class=\"wp-block-list\">\n<li>vertrauliche Beratungsgespr\u00e4che,<\/li>\n\n\n\n<li>individuelle fachliche und belgleitende Beratung, Hilfestellung und Unters\u00fctzung,<\/li>\n\n\n\n<li>individuelle F\u00f6rderprogramme,<\/li>\n\n\n\n<li>Hilfestellung beim Antrag<\/li>\n\n\n\n<li>Vermittlung von weiteren Hilfs, und Beratungsm\u00f6glichkeiten (Vernetzung, Koordination, <a href=\"https:\/\/Lebenshilfe-Gues-ukcpok3l9w.live-website.com\/?page_id=434\" target=\"_blank\" rel=\"noreferrer noopener\">FED<\/a>),<\/li>\n\n\n\n<li>Unterst\u00fctzung in sozialen Notlagen und schwierigen Familiensituationen<\/li>\n<\/ul>\n\n\n\n<h2 class=\"wp-block-heading\" id=\"Welche\">Welche Formen und M\u00f6glichkeiten der F\u00f6rderung bieten wir an?<\/h2>\n\n\n\n<p>Wir bieten Einzelf\u00f6rderung oder F\u00f6rderung in kleinen Gruppen an. Dabei wird das Kind im gemeinsamen Spielen und Handeln gesehen.<\/p>\n\n\n\n<p>Die Angebote werden so gew\u00e4hlt, dass das Kind die M\u00f6glichkeiten bekommt, sein K\u00f6nnen zu erfahren, Neues zu entdecken, sein Wissen und K\u00f6nnen zu erweitern und eigene L\u00f6sungsm\u00f6glichkeiten zu finden.<\/p>\n\n\n\n<p>Das Schaffen von Handlungs- und Erfahrungsspielr\u00e4umen im Spiel und im Alltag soll die Neugier wecken, das  Selbstwertgef\u00fchl st\u00e4rken, emotionale Sicherheit geben, sowie Ausdauer und Konzentration erweitern. Ebenso sollen die sozialen F\u00e4higkeiten mit und durch die Familie gest\u00e4rkt werden.<\/p>\n\n\n\n<p>Die Unterst\u00fctzung und Anregung der Sprachentwicklung erfolgt durch spielerische Anbahnung durch verschiedene Mittel und Methoden sowie einer engen Zusammenarbeit mit Logop\u00e4den.<\/p>\n\n\n\n<p>Die Bewegungserziehung erfolgt mittels enger Verbindung von Bewegung, Wahrnehmung und Erleben. Wahrnehmungs\u00fcbungen sind ausgerichtet auf Sehen, H\u00f6ren, Riechen, F\u00fchlen, Gleichgewicht und Schmecken.<\/p>\n\n\n\n<h2 class=\"wp-block-heading\" id=\"wo\">Wo findet Fr\u00fchf\u00f6rderung statt?<\/h2>\n\n\n\n<p>Die Lebenshilfe G\u00fcstrow e.V. bietet die heilp\u00e4dagogische Fr\u00fchf\u00f6rderung in G\u00fcstrow, Teterow und Umgebung an. Dies wird durchgef\u00fchrt:<\/p>\n\n\n\n<ul class=\"wp-block-list\">\n<li>in der h\u00e4uslichen Umgebung des Kindes<\/li>\n\n\n\n<li>im sozialen Umfeld des Kindes (KITA)<\/li>\n\n\n\n<li>in den R\u00e4umen unserer Fr\u00fchf\u00f6rderstelle<\/li>\n<\/ul>\n\n\n\n<h2 class=\"wp-block-heading\" id=\"notwendig\">Was ist notwendig?<\/h2>\n\n\n\n<ul class=\"wp-block-list\">\n<li>eine Begutachtung beim Gesundheitsamt<\/li>\n\n\n\n<li>ein <a href=\"https:\/\/www.landkreis-rostock.de\/de\/zustaendigkeit-sozialamt\/leistung\/515\/wohnort\/11\/zustaendigestellen\/82\/leistungen_zur_sozialen_teilhabe.html\" target=\"_blank\" rel=\"noreferrer noopener\">Antrag auf Fr\u00fchf\u00f6rderleistungen<\/a> beim \u00f6rtlichen Sozialamt<\/li>\n\n\n\n<li>eine Leistungsbewilligung vom Sozialamt<\/li>\n<\/ul>\n\n\n\n<p>Die Fr\u00fchf\u00f6rderung ist f\u00fcr Familien kostenfrei und wird nach Genehmigung durch den \u00f6rtlichen Tr\u00e4ger der Sozialhilfe getragen.<\/p>\n\n\n\n<h2 class=\"wp-block-heading\" id=\"wichtig\">Was ist uns wichtig?<\/h2>\n\n\n\n<ul class=\"wp-block-list\">\n<li>ein m\u00f6glichst optimaler Entwicklungsverlauf des Kindes<\/li>\n\n\n\n<li>die Zufriedenheit des Kindes und der Eltern<\/li>\n\n\n\n<li>ein gemeinsames Miteinander im Interesse des Kindes<\/li>\n<\/ul>\n<\/div>\n\n\n\n<div class=\"wp-block-column is-layout-flow wp-block-column-is-layout-flow\" style=\"flex-basis:16%\">\n<h2 class=\"wp-block-heading\">Kontakt<\/h2>\n\n\n\n<figure class=\"wp-block-table is-style-stripes has-small-font-size\"><table class=\"has-text-color has-link-color\" style=\"color:#0b67b7\"><tbody><tr><td><strong>Heilp\u00e4dagogische Fr\u00fchf\u00f6rderstelle der Lebenshilfe G\u00fcstrow e.V.<\/strong><br>Stra\u00dfe der Freundschaft 6<br>17166 Teterow<\/td><\/tr><tr><td>Fax: 03996 \/ 140766<br>Email: <a href=\"mailto:hff@lebenshilfe-guestrow.de\" target=\"_blank\" rel=\"noreferrer noopener\">hff@lebenshilfe-guestrow.de<\/a><\/td><\/tr><tr><td><strong>Ansprechpartner<\/strong><br>Frau Schmitus<br>Mobil 0173 7626719<br>Frau Leonhardt<br>Mobil 0172 6562087<br>Frau Steinberg<br>Mobil 0162 1921587<\/td><\/tr><\/tbody><\/table><\/figure>\n\n\n\n<h2 class=\"wp-block-heading\">Service<\/h2>\n\n\n\n<p class=\"has-small-font-size\"><a href=\"https:\/\/www.landkreis-rostock.de\/de\/zustaendigkeit-sozialamt\/leistung\/515\/wohnort\/11\/zustaendigestellen\/82\/leistungen_zur_sozialen_teilhabe.html\" target=\"_blank\" rel=\"noreferrer noopener\">Hauptantrag SGB IX f\u00fcr Kinder und Jugendliche<\/a><\/p>\n\n\n\n<hr class=\"wp-block-separator has-alpha-channel-opacity\"\/>\n\n\n\n<h2 class=\"wp-block-heading\">Aus unseren Einrichtungen<\/h2>\n\n\n<div class=\"wp-block-categories-dropdown wp-block-categories has-small-font-size\"><label class=\"wp-block-categories__label\" for=\"wp-block-categories-1\">Kategorien<\/label><select  name='category_name' id='wp-block-categories-1' class='postform'>\n\t<option value='-1'>Kategorie ausw\u00e4hlen<\/option>\n\t<option class=\"level-0\" value=\"allgemein-lebenshilfe-guestrow\">Allgemein Lebenshilfe G\u00fcstrow e.V.<\/option>\n\t<option class=\"level-1\" value=\"familienentlastender-dienst\">&nbsp;&nbsp;&nbsp;familienentlastender Dienst<\/option>\n\t<option class=\"level-0\" value=\"ilb\">iLb<\/option>\n\t<option class=\"level-0\" value=\"kita\">Kita<\/option>\n\t<option class=\"level-1\" value=\"kita-die-landmaeuse\">&nbsp;&nbsp;&nbsp;Kita &#8222;Die Landm\u00e4use&#8220;<\/option>\n\t<option class=\"level-1\" value=\"kita-medicus\">&nbsp;&nbsp;&nbsp;Kita &#8222;Medicus&#8220;<\/option>\n\t<option class=\"level-1\" value=\"kita-ostwind\">&nbsp;&nbsp;&nbsp;Kita &#8222;Ostwind&#8220;<\/option>\n\t<option class=\"level-1\" value=\"kita-schnatterstuebchen\">&nbsp;&nbsp;&nbsp;Kita &#8222;Schnatterst\u00fcbchen&#8220;<\/option>\n\t<option class=\"level-1\" value=\"kita-sonnenkinder\">&nbsp;&nbsp;&nbsp;Kita &#8222;Sonnenkinder&#8220;<\/option>\n\t<option class=\"level-0\" value=\"wohnstaetten\">Wohnst\u00e4tten<\/option>\n<\/select><script>\n( ( [ dropdownId, homeUrl ] ) => {\n\t\tconst dropdown = document.getElementById( dropdownId );\n\t\tfunction onSelectChange() {\n\t\t\tsetTimeout( () => {\n\t\t\t\tif ( 'escape' === dropdown.dataset.lastkey ) {\n\t\t\t\t\treturn;\n\t\t\t\t}\n\t\t\t\tif ( dropdown.value && dropdown instanceof HTMLSelectElement ) {\n\t\t\t\t\tconst url = new URL( homeUrl );\n\t\t\t\t\turl.searchParams.set( dropdown.name, dropdown.value );\n\t\t\t\t\tlocation.href = url.href;\n\t\t\t\t}\n\t\t\t}, 250 );\n\t\t}\n\t\tfunction onKeyUp( event ) {\n\t\t\tif ( 'Escape' === event.key ) {\n\t\t\t\tdropdown.dataset.lastkey = 'escape';\n\t\t\t} else {\n\t\t\t\tdelete dropdown.dataset.lastkey;\n\t\t\t}\n\t\t}\n\t\tfunction onClick() {\n\t\t\tdelete dropdown.dataset.lastkey;\n\t\t}\n\t\tdropdown.addEventListener( 'keyup', onKeyUp );\n\t\tdropdown.addEventListener( 'click', onClick );\n\t\tdropdown.addEventListener( 'change', onSelectChange );\n\t} )( [\"wp-block-categories-1\",\"https:\/\/lebenshilfe-guestrow.com\"] );\n\/\/# sourceURL=build_dropdown_script_block_core_categories\n<\/script>\n\n<\/div>\n\n\n<hr class=\"wp-block-separator has-alpha-channel-opacity\"\/>\n\n\n\n<h2 class=\"wp-block-heading\"><a href=\"https:\/\/Lebenshilfe-Gues-ukcpok3l9w.live-website.com\/?page_id=463\">Stellenausschreibung<\/a><\/h2>\n\n\n\n<p class=\"has-small-font-size\"><a href=\"https:\/\/Lebenshilfe-Gues-ukcpok3l9w.live-website.com\/wp-content\/uploads\/2024\/07\/Stellenausschreibung-hFF.pdf\">heilp\u00e4dagogische Fr\u00fchf\u00f6rderung<\/a><\/p>\n<\/div>\n<\/div>\n","protected":false},"excerpt":{"rendered":"<p>Heilp\u00e4dagogische Fr\u00fchf\u00f6rderstelle (hFF) Kinder sind wie Schmetterlinge im Wind. Manche fliegen h\u00f6her als andere, aber beide Fliegen so gut sie k\u00f6nnen. Sie sollten nicht um die Wette fliegen, denn jeder ist anders, jeder ist speziell, jeder ist wundersch\u00f6n, so wie er ist! Heilp\u00e4dagogische Fr\u00fchf\u00f6rderstelle der Lebenshilfe G\u00fcstrow e.V. Inklusion beginnt in und mit Familie Vieles [&hellip;]<\/p>\n","protected":false},"author":1,"featured_media":0,"parent":155,"menu_order":0,"comment_status":"closed","ping_status":"closed","template":"","meta":{"ocean_post_layout":"full-screen","ocean_both_sidebars_style":"","ocean_both_sidebars_content_width":0,"ocean_both_sidebars_sidebars_width":0,"ocean_sidebar":"","ocean_second_sidebar":"","ocean_disable_margins":"enable","ocean_add_body_class":"","ocean_shortcode_before_top_bar":"","ocean_shortcode_after_top_bar":"","ocean_shortcode_before_header":"","ocean_shortcode_after_header":"","ocean_has_shortcode":"","ocean_shortcode_after_title":"","ocean_shortcode_before_footer_widgets":"","ocean_shortcode_after_footer_widgets":"","ocean_shortcode_before_footer_bottom":"","ocean_shortcode_after_footer_bottom":"","ocean_display_top_bar":"default","ocean_display_header":"default","ocean_header_style":"","ocean_center_header_left_menu":"","ocean_custom_header_template":"","ocean_custom_logo":0,"ocean_custom_retina_logo":0,"ocean_custom_logo_max_width":0,"ocean_custom_logo_tablet_max_width":0,"ocean_custom_logo_mobile_max_width":0,"ocean_custom_logo_max_height":0,"ocean_custom_logo_tablet_max_height":0,"ocean_custom_logo_mobile_max_height":0,"ocean_header_custom_menu":"","ocean_menu_typo_font_family":"","ocean_menu_typo_font_subset":"","ocean_menu_typo_font_size":0,"ocean_menu_typo_font_size_tablet":0,"ocean_menu_typo_font_size_mobile":0,"ocean_menu_typo_font_size_unit":"px","ocean_menu_typo_font_weight":"","ocean_menu_typo_font_weight_tablet":"","ocean_menu_typo_font_weight_mobile":"","ocean_menu_typo_transform":"","ocean_menu_typo_transform_tablet":"","ocean_menu_typo_transform_mobile":"","ocean_menu_typo_line_height":0,"ocean_menu_typo_line_height_tablet":0,"ocean_menu_typo_line_height_mobile":0,"ocean_menu_typo_line_height_unit":"","ocean_menu_typo_spacing":0,"ocean_menu_typo_spacing_tablet":0,"ocean_menu_typo_spacing_mobile":0,"ocean_menu_typo_spacing_unit":"","ocean_menu_link_color":"","ocean_menu_link_color_hover":"","ocean_menu_link_color_active":"","ocean_menu_link_background":"","ocean_menu_link_hover_background":"","ocean_menu_link_active_background":"","ocean_menu_social_links_bg":"","ocean_menu_social_hover_links_bg":"","ocean_menu_social_links_color":"","ocean_menu_social_hover_links_color":"","ocean_disable_title":"default","ocean_disable_heading":"default","ocean_post_title":"","ocean_post_subheading":"","ocean_post_title_style":"","ocean_post_title_background_color":"","ocean_post_title_background":0,"ocean_post_title_bg_image_position":"","ocean_post_title_bg_image_attachment":"","ocean_post_title_bg_image_repeat":"","ocean_post_title_bg_image_size":"","ocean_post_title_height":0,"ocean_post_title_bg_overlay":0.5,"ocean_post_title_bg_overlay_color":"","ocean_disable_breadcrumbs":"default","ocean_breadcrumbs_color":"","ocean_breadcrumbs_separator_color":"","ocean_breadcrumbs_links_color":"","ocean_breadcrumbs_links_hover_color":"","ocean_display_footer_widgets":"default","ocean_display_footer_bottom":"default","ocean_custom_footer_template":"","footnotes":""},"class_list":["post-826","page","type-page","status-publish","hentry","entry"],"_links":{"self":[{"href":"https:\/\/lebenshilfe-guestrow.com\/index.php?rest_route=\/wp\/v2\/pages\/826","targetHints":{"allow":["GET"]}}],"collection":[{"href":"https:\/\/lebenshilfe-guestrow.com\/index.php?rest_route=\/wp\/v2\/pages"}],"about":[{"href":"https:\/\/lebenshilfe-guestrow.com\/index.php?rest_route=\/wp\/v2\/types\/page"}],"author":[{"embeddable":true,"href":"https:\/\/lebenshilfe-guestrow.com\/index.php?rest_route=\/wp\/v2\/users\/1"}],"replies":[{"embeddable":true,"href":"https:\/\/lebenshilfe-guestrow.com\/index.php?rest_route=%2Fwp%2Fv2%2Fcomments&post=826"}],"version-history":[{"count":16,"href":"https:\/\/lebenshilfe-guestrow.com\/index.php?rest_route=\/wp\/v2\/pages\/826\/revisions"}],"predecessor-version":[{"id":1570,"href":"https:\/\/lebenshilfe-guestrow.com\/index.php?rest_route=\/wp\/v2\/pages\/826\/revisions\/1570"}],"up":[{"embeddable":true,"href":"https:\/\/lebenshilfe-guestrow.com\/index.php?rest_route=\/wp\/v2\/pages\/155"}],"wp:attachment":[{"href":"https:\/\/lebenshilfe-guestrow.com\/index.php?rest_route=%2Fwp%2Fv2%2Fmedia&parent=826"}],"curies":[{"name":"wp","href":"https:\/\/api.w.org\/{rel}","templated":true}]}}