{"id":848,"date":"2023-12-04T14:26:09","date_gmt":"2023-12-04T13:26:09","guid":{"rendered":"https:\/\/Lebenshilfe-Gues-ukcpok3l9w.live-website.com\/?page_id=848"},"modified":"2024-12-10T14:24:44","modified_gmt":"2024-12-10T13:24:44","slug":"individuelle-lebensbegleitung","status":"publish","type":"page","link":"https:\/\/lebenshilfe-guestrow.com\/?page_id=848","title":{"rendered":"Individuelle Lebensbegleitung"},"content":{"rendered":"\n<p><\/p>\n\n\n\n<hr class=\"wp-block-separator has-text-color has-white-color has-alpha-channel-opacity has-white-background-color has-background\"\/>\n\n\n\n<div class=\"wp-block-cover\" style=\"min-height:380px;aspect-ratio:unset;\"><span aria-hidden=\"true\" class=\"wp-block-cover__background has-background-dim-10 has-background-dim\"><\/span><img loading=\"lazy\" decoding=\"async\" width=\"1200\" height=\"800\" class=\"wp-block-cover__image-background wp-image-849\" alt=\"\" src=\"https:\/\/Lebenshilfe-Gues-ukcpok3l9w.live-website.com\/wp-content\/uploads\/2023\/12\/Lebenshilfe_5D3_34C3406.jpg\" style=\"object-position:48% 33%\" data-object-fit=\"cover\" data-object-position=\"48% 33%\" srcset=\"https:\/\/lebenshilfe-guestrow.com\/wp-content\/uploads\/2023\/12\/Lebenshilfe_5D3_34C3406.jpg 1200w, https:\/\/lebenshilfe-guestrow.com\/wp-content\/uploads\/2023\/12\/Lebenshilfe_5D3_34C3406-300x200.jpg 300w, https:\/\/lebenshilfe-guestrow.com\/wp-content\/uploads\/2023\/12\/Lebenshilfe_5D3_34C3406-1024x683.jpg 1024w, https:\/\/lebenshilfe-guestrow.com\/wp-content\/uploads\/2023\/12\/Lebenshilfe_5D3_34C3406-768x512.jpg 768w\" sizes=\"auto, (max-width: 1200px) 100vw, 1200px\" \/><div class=\"wp-block-cover__inner-container is-layout-constrained wp-block-cover-is-layout-constrained\">\n<p class=\"has-text-align-center has-large-font-size\"><\/p>\n<\/div><\/div>\n\n\n\n<hr class=\"wp-block-separator has-alpha-channel-opacity\"\/>\n\n\n\n<div class=\"wp-block-columns is-layout-flex wp-container-core-columns-is-layout-9d6595d7 wp-block-columns-is-layout-flex\">\n<div class=\"wp-block-column is-layout-flow wp-block-column-is-layout-flow\" style=\"flex-basis:11%\"><\/div>\n\n\n\n<div class=\"wp-block-column is-layout-flow wp-block-column-is-layout-flow\" style=\"flex-basis:59%\">\n<h1 class=\"wp-block-heading has-text-align-center\">Individuelle Lebensbegleitung (iLb)<\/h1>\n\n\n\n<p class=\"has-text-align-center has-medium-font-size\"><strong>in G\u00fcstrow und Krakow am See<\/strong><\/p>\n\n\n\n<p class=\"has-text-align-center has-medium-font-size\" style=\"font-style:italic;font-weight:500\">Selbstbestimmtes Leben mit notwendiger Assistenz &#8211; Nichts ist so gut, dass es nicht noch besser werden k\u00f6nnte.<\/p>\n\n\n\n<p>Die individuelle Lebensbegleitung der Lebenshilfe G\u00fcstrow e.V. ist ein Unterst\u00fctzungsangebot f\u00fcr erwachsene Menschen mit geistigen und Mehrfachbeeintr\u00e4chtigungen in der eigenen H\u00e4uslichkeit.<\/p>\n\n\n\n<p>Die Assistenzleitungen beziehen sich auf:<\/p>\n\n\n\n<ul class=\"wp-block-list\">\n<li>allt\u00e4gliche Lebensf\u00fchrung<\/li>\n\n\n\n<li>individuelle Basisversorgung<\/li>\n\n\n\n<li>Kommunikation und Orientierung<\/li>\n\n\n\n<li>Gestaltung sozialer Beziehungen<\/li>\n\n\n\n<li>emotionale und psychische Entwicklung<\/li>\n\n\n\n<li>Gesundheitsf\u00f6rderung<\/li>\n\n\n\n<li>Teilnahme am kulturellen und gesellschaftlichen Leben<\/li>\n<\/ul>\n<\/div>\n\n\n\n<div class=\"wp-block-column is-layout-flow wp-block-column-is-layout-flow\" style=\"flex-basis:16%\">\n<h2 class=\"wp-block-heading\">Kontakt<\/h2>\n\n\n\n<figure class=\"wp-block-table is-style-stripes has-small-font-size\"><table class=\"has-text-color has-link-color\" style=\"color:#0b67b7\"><tbody><tr><td><strong>Individuelle Lebensbegleitung der Lebenshilfe G\u00fcstrow e.v.<\/strong><br>Ebereschenweg 5<br>18273 G\u00fcstrow<\/td><\/tr><tr><td>Tel: 03843 \/ 21 10 84<br>Fax: 03843 \/ 21 81 01<br><a href=\"mailto:iLb@lebenshilfe-guestrow.de\" target=\"_blank\" rel=\"noreferrer noopener\">iLb@lebenshilfe-guestrow.de<\/a><\/td><\/tr><tr><td><strong>Ansprechpartner<\/strong><br>Frau Hemp<br>Mobil: 0174 33 63 161<\/td><\/tr><\/tbody><\/table><\/figure>\n\n\n\n<h2 class=\"wp-block-heading\">Service<\/h2>\n\n\n\n<p class=\"has-text-color has-link-color has-small-font-size wp-elements-b2deb98cfdba67e37f4fb3558b1664d5\" style=\"color:#0b67b7\"><a href=\"https:\/\/www.landkreis-rostock.de\/de\/zustaendigkeit-sozialamt\/leistung\/515\/leistungen_zur_sozialen_teilhabe.html\" target=\"_blank\" rel=\"noreferrer noopener\">Info LK Rostock<\/a><\/p>\n\n\n\n<hr class=\"wp-block-separator has-text-color has-alpha-channel-opacity has-background is-style-wide\" style=\"background-color:#0b67b7;color:#0b67b7\"\/>\n\n\n\n<h2 class=\"wp-block-heading\"><a href=\"https:\/\/lebenshilfe-guestrow.com\/wp-content\/uploads\/2024\/03\/Stellenausschreibung-ilb.pdf\" data-type=\"attachment\" data-id=\"1453\">Stellenausschreibung<\/a><\/h2>\n\n\n\n<hr class=\"wp-block-separator has-text-color has-alpha-channel-opacity has-background is-style-wide\" style=\"background-color:#0b67b7;color:#0b67b7\"\/>\n\n\n\n<h2 class=\"wp-block-heading\">Aus unseren Einrichtungen<\/h2>\n\n\n<div class=\"wp-block-categories-dropdown wp-block-categories\"><label class=\"wp-block-categories__label\" for=\"wp-block-categories-1\">Kategorien<\/label><select  name='category_name' id='wp-block-categories-1' class='postform'>\n\t<option value='-1'>Kategorie ausw\u00e4hlen<\/option>\n\t<option class=\"level-0\" value=\"allgemein-lebenshilfe-guestrow\">Allgemein Lebenshilfe G\u00fcstrow e.V.<\/option>\n\t<option class=\"level-0\" value=\"familienentlastender-dienst\">familienentlastender Dienst<\/option>\n\t<option class=\"level-0\" value=\"ilb\">iLb<\/option>\n\t<option class=\"level-0\" value=\"kita\">Kita<\/option>\n\t<option class=\"level-0\" value=\"kita-die-landmaeuse\">Kita &#8222;Die Landm\u00e4use&#8220;<\/option>\n\t<option class=\"level-0\" value=\"kita-medicus\">Kita &#8222;Medicus&#8220;<\/option>\n\t<option class=\"level-0\" value=\"kita-ostwind\">Kita &#8222;Ostwind&#8220;<\/option>\n\t<option class=\"level-0\" value=\"kita-schnatterstuebchen\">Kita &#8222;Schnatterst\u00fcbchen&#8220;<\/option>\n\t<option class=\"level-0\" value=\"kita-sonnenkinder\">Kita &#8222;Sonnenkinder&#8220;<\/option>\n\t<option class=\"level-0\" value=\"wohnstaetten\">Wohnst\u00e4tten<\/option>\n<\/select><script>\n( ( [ dropdownId, homeUrl ] ) => {\n\t\tconst dropdown = document.getElementById( dropdownId );\n\t\tfunction onSelectChange() {\n\t\t\tsetTimeout( () => {\n\t\t\t\tif ( 'escape' === dropdown.dataset.lastkey ) {\n\t\t\t\t\treturn;\n\t\t\t\t}\n\t\t\t\tif ( dropdown.value && dropdown instanceof HTMLSelectElement ) {\n\t\t\t\t\tconst url = new URL( homeUrl );\n\t\t\t\t\turl.searchParams.set( dropdown.name, dropdown.value );\n\t\t\t\t\tlocation.href = url.href;\n\t\t\t\t}\n\t\t\t}, 250 );\n\t\t}\n\t\tfunction onKeyUp( event ) {\n\t\t\tif ( 'Escape' === event.key ) {\n\t\t\t\tdropdown.dataset.lastkey = 'escape';\n\t\t\t} else {\n\t\t\t\tdelete dropdown.dataset.lastkey;\n\t\t\t}\n\t\t}\n\t\tfunction onClick() {\n\t\t\tdelete dropdown.dataset.lastkey;\n\t\t}\n\t\tdropdown.addEventListener( 'keyup', onKeyUp );\n\t\tdropdown.addEventListener( 'click', onClick );\n\t\tdropdown.addEventListener( 'change', onSelectChange );\n\t} )( [\"wp-block-categories-1\",\"https:\/\/lebenshilfe-guestrow.com\"] );\n\/\/# sourceURL=build_dropdown_script_block_core_categories\n<\/script>\n\n<\/div>\n\n\n<hr class=\"wp-block-separator has-text-color has-alpha-channel-opacity has-background is-style-wide\" style=\"background-color:#0b67b7;color:#0b67b7\"\/>\n<\/div>\n<\/div>\n","protected":false},"excerpt":{"rendered":"<p>Individuelle Lebensbegleitung (iLb) in G\u00fcstrow und Krakow am See Selbstbestimmtes Leben mit notwendiger Assistenz &#8211; Nichts ist so gut, dass es nicht noch besser werden k\u00f6nnte. Die individuelle Lebensbegleitung der Lebenshilfe G\u00fcstrow e.V. ist ein Unterst\u00fctzungsangebot f\u00fcr erwachsene Menschen mit geistigen und Mehrfachbeeintr\u00e4chtigungen in der eigenen H\u00e4uslichkeit. Die Assistenzleitungen beziehen sich auf: Kontakt Individuelle Lebensbegleitung [&hellip;]<\/p>\n","protected":false},"author":1,"featured_media":0,"parent":155,"menu_order":0,"comment_status":"closed","ping_status":"closed","template":"","meta":{"ocean_post_layout":"full-screen","ocean_both_sidebars_style":"","ocean_both_sidebars_content_width":0,"ocean_both_sidebars_sidebars_width":0,"ocean_sidebar":"","ocean_second_sidebar":"","ocean_disable_margins":"enable","ocean_add_body_class":"","ocean_shortcode_before_top_bar":"","ocean_shortcode_after_top_bar":"","ocean_shortcode_before_header":"","ocean_shortcode_after_header":"","ocean_has_shortcode":"","ocean_shortcode_after_title":"","ocean_shortcode_before_footer_widgets":"","ocean_shortcode_after_footer_widgets":"","ocean_shortcode_before_footer_bottom":"","ocean_shortcode_after_footer_bottom":"","ocean_display_top_bar":"default","ocean_display_header":"default","ocean_header_style":"","ocean_center_header_left_menu":"","ocean_custom_header_template":"","ocean_custom_logo":0,"ocean_custom_retina_logo":0,"ocean_custom_logo_max_width":0,"ocean_custom_logo_tablet_max_width":0,"ocean_custom_logo_mobile_max_width":0,"ocean_custom_logo_max_height":0,"ocean_custom_logo_tablet_max_height":0,"ocean_custom_logo_mobile_max_height":0,"ocean_header_custom_menu":"","ocean_menu_typo_font_family":"","ocean_menu_typo_font_subset":"","ocean_menu_typo_font_size":0,"ocean_menu_typo_font_size_tablet":0,"ocean_menu_typo_font_size_mobile":0,"ocean_menu_typo_font_size_unit":"px","ocean_menu_typo_font_weight":"","ocean_menu_typo_font_weight_tablet":"","ocean_menu_typo_font_weight_mobile":"","ocean_menu_typo_transform":"","ocean_menu_typo_transform_tablet":"","ocean_menu_typo_transform_mobile":"","ocean_menu_typo_line_height":0,"ocean_menu_typo_line_height_tablet":0,"ocean_menu_typo_line_height_mobile":0,"ocean_menu_typo_line_height_unit":"","ocean_menu_typo_spacing":0,"ocean_menu_typo_spacing_tablet":0,"ocean_menu_typo_spacing_mobile":0,"ocean_menu_typo_spacing_unit":"","ocean_menu_link_color":"","ocean_menu_link_color_hover":"","ocean_menu_link_color_active":"","ocean_menu_link_background":"","ocean_menu_link_hover_background":"","ocean_menu_link_active_background":"","ocean_menu_social_links_bg":"","ocean_menu_social_hover_links_bg":"","ocean_menu_social_links_color":"","ocean_menu_social_hover_links_color":"","ocean_disable_title":"default","ocean_disable_heading":"default","ocean_post_title":"","ocean_post_subheading":"","ocean_post_title_style":"","ocean_post_title_background_color":"","ocean_post_title_background":0,"ocean_post_title_bg_image_position":"","ocean_post_title_bg_image_attachment":"","ocean_post_title_bg_image_repeat":"","ocean_post_title_bg_image_size":"","ocean_post_title_height":0,"ocean_post_title_bg_overlay":0.5,"ocean_post_title_bg_overlay_color":"","ocean_disable_breadcrumbs":"default","ocean_breadcrumbs_color":"","ocean_breadcrumbs_separator_color":"","ocean_breadcrumbs_links_color":"","ocean_breadcrumbs_links_hover_color":"","ocean_display_footer_widgets":"default","ocean_display_footer_bottom":"default","ocean_custom_footer_template":"","footnotes":""},"class_list":["post-848","page","type-page","status-publish","hentry","entry"],"_links":{"self":[{"href":"https:\/\/lebenshilfe-guestrow.com\/index.php?rest_route=\/wp\/v2\/pages\/848","targetHints":{"allow":["GET"]}}],"collection":[{"href":"https:\/\/lebenshilfe-guestrow.com\/index.php?rest_route=\/wp\/v2\/pages"}],"about":[{"href":"https:\/\/lebenshilfe-guestrow.com\/index.php?rest_route=\/wp\/v2\/types\/page"}],"author":[{"embeddable":true,"href":"https:\/\/lebenshilfe-guestrow.com\/index.php?rest_route=\/wp\/v2\/users\/1"}],"replies":[{"embeddable":true,"href":"https:\/\/lebenshilfe-guestrow.com\/index.php?rest_route=%2Fwp%2Fv2%2Fcomments&post=848"}],"version-history":[{"count":10,"href":"https:\/\/lebenshilfe-guestrow.com\/index.php?rest_route=\/wp\/v2\/pages\/848\/revisions"}],"predecessor-version":[{"id":1721,"href":"https:\/\/lebenshilfe-guestrow.com\/index.php?rest_route=\/wp\/v2\/pages\/848\/revisions\/1721"}],"up":[{"embeddable":true,"href":"https:\/\/lebenshilfe-guestrow.com\/index.php?rest_route=\/wp\/v2\/pages\/155"}],"wp:attachment":[{"href":"https:\/\/lebenshilfe-guestrow.com\/index.php?rest_route=%2Fwp%2Fv2%2Fmedia&parent=848"}],"curies":[{"name":"wp","href":"https:\/\/api.w.org\/{rel}","templated":true}]}}