{"id":873,"date":"2023-12-08T13:50:24","date_gmt":"2023-12-08T12:50:24","guid":{"rendered":"https:\/\/Lebenshilfe-Gues-ukcpok3l9w.live-website.com\/?page_id=873"},"modified":"2025-05-30T12:47:14","modified_gmt":"2025-05-30T10:47:14","slug":"datenschutz","status":"publish","type":"page","link":"https:\/\/lebenshilfe-guestrow.com\/?page_id=873","title":{"rendered":"Datenschutz"},"content":{"rendered":"\n<h1 class=\"wp-block-heading\">Herzlich Willkommen auf unserer Webseite!<\/h1>\n\n\n\n<p>Wir legen gr\u00f6\u00dften Wert auf den Schutz Ihrer Daten und die Wahrung Ihrer Privatsph\u00e4re. Nachstehend informieren wir Sie deshalb \u00fcber die Erhebung und Verwendung pers\u00f6nlicher Daten bei der Nutzung unserer Webseite.<\/p>\n\n\n\n<p>Informationen zum Datenschutz gem\u00e4\u00df Art. 13\/14 DSGVO<\/p>\n\n\n\n<p>hier QR Code<\/p>\n\n\n\n<ul class=\"wp-block-list\">\n<li><a href=\"#Privat\">Privatsph\u00e4ren Einstellung<\/a><\/li>\n\n\n\n<li><a href=\"#Dokumente\">Dokumente und Informationspflichten<\/a><\/li>\n\n\n\n<li><a href=\"#Datenerhebung\">Anonyme Datenerhebung<\/a><\/li>\n\n\n\n<li><a href=\"#Kontaktformular\">Erhebung und Verarbeitung bei der Nutzung des Kontaktformulars<\/a><\/li>\n\n\n\n<li><a href=\"#Personendaten\">Erhebung, Verarbeitung und Nutzung personenbezogener Daten<\/a><\/li>\n\n\n\n<li><a href=\"#Weitergabe\">Weitergabe personenbezogener Daten<\/a><\/li>\n\n\n\n<li><a href=\"#Cookies\">Verwendung von Cookies<\/a><\/li>\n\n\n\n<li><a href=\"#Auskunft\">Auskunft, Berichtigung, Sperrung und L\u00f6schung von Daten<\/a><\/li>\n<\/ul>\n\n\n\n<hr class=\"wp-block-separator has-alpha-channel-opacity\"\/>\n\n\n\n<h2 class=\"wp-block-heading\" id=\"Privat\">Privatsph\u00e4ren Einstellung \u00e4ndern<\/h2>\n\n\n<button  href=\"#consent-change\" role=\"button\" id=\"rcb-sc-link-change\" data-success-message=\"\" class=\"rcb-sc-link rcb-sc-link-change \">Privatsph\u00e4re-Einstellungen \u00e4ndern<\/button>\n\n\n\n<p><\/p>\n\n\n\n<h2 class=\"wp-block-heading\" id=\"Dokumente\">Dokumente und Informationspflichten f\u00fcr:<\/h2>\n\n\n\n<p><a href=\"https:\/\/lebenshilfe-guestrow.com\/wp-content\/uploads\/2023\/12\/Verarbeitung-Elterndaten.pdf\" data-type=\"attachment\" data-id=\"877\" target=\"_blank\" rel=\"noreferrer noopener\">Verarbeitung Elterndaten<\/a><\/p>\n\n\n\n<p><a href=\"https:\/\/lebenshilfe-guestrow.com\/wp-content\/uploads\/2023\/12\/Mieter-Wohnen-Pflege.pdf\" data-type=\"attachment\" data-id=\"879\" target=\"_blank\" rel=\"noreferrer noopener\">Mieter Wohnen Pflege<\/a><\/p>\n\n\n\n<p><a href=\"https:\/\/lebenshilfe-guestrow.com\/wp-content\/uploads\/2023\/12\/gewerbliche-Partner.pdf\" data-type=\"attachment\" data-id=\"880\" target=\"_blank\" rel=\"noreferrer noopener\">gewerbliche Partner<\/a><\/p>\n\n\n\n<p><a href=\"https:\/\/lebenshilfe-guestrow.com\/wp-content\/uploads\/2023\/12\/Beschaeftigung-Mitarbeiter.pdf\" data-type=\"attachment\" data-id=\"881\" target=\"_blank\" rel=\"noreferrer noopener\">Besch\u00e4ftigung Mitarbeiter<\/a><\/p>\n\n\n\n<p><a href=\"https:\/\/lebenshilfe-guestrow.com\/wp-content\/uploads\/2023\/12\/Bewerbung-Mitarbeiter.pdf\" data-type=\"attachment\" data-id=\"882\" target=\"_blank\" rel=\"noreferrer noopener\">Bewerbung Mitarbeiter<\/a><\/p>\n\n\n\n<hr class=\"wp-block-separator has-alpha-channel-opacity\"\/>\n\n\n\n<h2 class=\"wp-block-heading\" id=\"Datenerhebung\">Anonyme Datenerhebung<\/h2>\n\n\n\n<p>Sie k\u00f6nnen unsere Webseite besuchen, ohne Angaben zu Ihrer Person zu machen. Wir speichern in diesem Zusammenhang keinerlei pers\u00f6nliche Daten. Um unser Angebot zu verbessern, werten wir lediglich statistische Daten aus, die keinen R\u00fcckschluss auf Ihre Person erlauben.<\/p>\n\n\n\n<h2 class=\"wp-block-heading\" id=\"Kontaktformular\">Erhebung und Verarbeitung bei der Nutzung des Kontaktformulars<\/h2>\n\n\n\n<p>Bei Nutzung des Kontaktformulars erheben wir personenbezogene Daten (Einzelangaben \u00fcber pers\u00f6nliche Verh\u00e4ltnisse einer bestimmten oder bestimmbaren nat\u00fcrlichen Person) nur in dem von Ihnen zur Verf\u00fcgung gestellten Umfang. Ihre E-Mail-Adresse nutzen wir nur zur Bearbeitung Ihrer anfrage. Ihre Daten werden anschlie\u00dfend gel\u00f6scht, sofern Sie der weitergehenden Verarbeitung und Nutzung nicht zugestimmt haben.<\/p>\n\n\n\n<h2 class=\"wp-block-heading\" id=\"Personendaten\">Erhebung, Verarbeitung und Nutzung personenbezogener Daten<\/h2>\n\n\n\n<p>Wir erheben personenbezogene Daten (Einzelangaben \u00fcber pers\u00f6nliche oder sachliche Verh\u00e4ltnisse einer bestimmten oder bestimmbaren nat\u00fcrlichen Person) nur in dem von Ihnen zur Verf\u00fcgung gestellten Umfang.  Die Verarbeitung und Nutzung Ihrer personenbezogenen Daten erfolgt zur Erf\u00fcllung und Abwicklung der vertraglich vereinbarten Leistungen sowie zur Bearbeitung Ihrer Anfragen. nach vollst\u00e4ndiger Vertragsabwicklung werden die Daten zun\u00e4chst unter Ber\u00fccksichtigung steuer- und handelsrechtlicher Aufbewahrungsfristen gespeichert und dann nach Fristablauf gel\u00f6scht, sofern Sie der weitgehenden<\/p>\n\n\n\n<h2 class=\"wp-block-heading\" id=\"Weitergabe\">Weitergabe personenbezogener Daten<\/h2>\n\n\n\n<p>Wie geben Ihre personenbezogenen Daten nicht an Dritte weiter. Ausgenommen hiervon sind lediglich unsere Dienstleistungspartner, die wir zur Abwicklung der Leistungen im Rahmen der Mitgliedschaft ben\u00f6tigen. In diesem Zusammenhang verwenden wir f\u00fcr die Abrechnungs- und Zahlungsverwaltung das technische System der Fastbill GmbH, Holteyer Stra\u00dfe 30, 45289 Essen (&#8222;FastBill&#8220;). Dort erfolgt die Datenverarbeitung f\u00fcr uns als technische Dienstleistung im Rahmen einer Auftragsdatenverarbeitung. In jedem Fall beachten wir strikt die Vorgaben des Bundesdatenschutzgesetztes. Der Umfang der Daten\u00fcbermittlung beschr\u00e4nkt sich auf ein Mindestma\u00df. <\/p>\n\n\n\n<h2 class=\"wp-block-heading\" id=\"Cookies\">Verwendung von Cookies<\/h2>\n\n\n\n<p>Zur Verwaltung der eingesetzten Cookies und \u00e4hnlichen Technologien (Tracking-Pixel, Web-Beacons etc.) und diesbez\u00fcglicher Einwilligungen setzen wir das Consent Tool &#8222;Real Cookie Banner&#8220; ein. Details zur Funktionsweise von &#8222;Real Cookie Banner&#8220; findest du unter <a href=\"https:\/\/devowl.io\/de\/rcb\/datenverarbeitung\/\" rel=\"noreferrer noopener\" target=\"_blank\">https:\/\/devowl.io\/de\/rcb\/datenverarbeitung\/<\/a>.<\/p>\n\n\n\n<p>Rechtsgrundlagen f\u00fcr die Verarbeitung von personenbezogenen Daten in diesem Zusammenhang sind Art. 6 Abs. 1 lit. c DS-GVO und Art. 6 Abs. 1 lit. f DS-GVO. Unser berechtigtes Interesse ist die Verwaltung der eingesetzten Cookies und \u00e4hnlichen Technologien und der diesbez\u00fcglichen Einwilligungen.<\/p>\n\n\n\n<p>Die Bereitstellung der personenbezogenen Daten ist weder vertraglich vorgeschrieben noch f\u00fcr den Abschluss eines Vertrages notwendig. Sie sind nicht verpflichtet die personenbezogenen Daten bereitzustellen. Wenn Sie die personenbezogenen Daten nicht bereitstellen, k\u00f6nnen wir Ihre Einwilligungen nicht verwalten.<\/p>\n\n\n\n<h2 class=\"wp-block-heading\" id=\"Auskunft\">Auskunft, Berichtigung, Sperrung und L\u00f6schung von Daten<\/h2>\n\n\n\n<p>Sie haben jederzeit das Recht auf unentgeltliche Auskunft \u00fcber Ihre gespeicherten Daten sowie das Recht auf Berichtigung, L\u00f6schung bzw. Sperrung.<\/p>\n\n\n\n<p>Bei Anliegen oder weiteren Fragen zum Datenschutz wenden Sie sich bitte an unseren Beauftragten Gerd-Reiner Evert &#8211; evert@mueritz-soft.de<\/p>\n","protected":false},"excerpt":{"rendered":"<p>Herzlich Willkommen auf unserer Webseite! Wir legen gr\u00f6\u00dften Wert auf den Schutz Ihrer Daten und die Wahrung Ihrer Privatsph\u00e4re. Nachstehend informieren wir Sie deshalb \u00fcber die Erhebung und Verwendung pers\u00f6nlicher Daten bei der Nutzung unserer Webseite. Informationen zum Datenschutz gem\u00e4\u00df Art. 13\/14 DSGVO hier QR Code Privatsph\u00e4ren Einstellung \u00e4ndern Dokumente und Informationspflichten f\u00fcr: Verarbeitung Elterndaten [&hellip;]<\/p>\n","protected":false},"author":1,"featured_media":0,"parent":0,"menu_order":0,"comment_status":"closed","ping_status":"closed","template":"","meta":{"ocean_post_layout":"","ocean_both_sidebars_style":"","ocean_both_sidebars_content_width":0,"ocean_both_sidebars_sidebars_width":0,"ocean_sidebar":"","ocean_second_sidebar":"","ocean_disable_margins":"enable","ocean_add_body_class":"","ocean_shortcode_before_top_bar":"","ocean_shortcode_after_top_bar":"","ocean_shortcode_before_header":"","ocean_shortcode_after_header":"","ocean_has_shortcode":"","ocean_shortcode_after_title":"","ocean_shortcode_before_footer_widgets":"","ocean_shortcode_after_footer_widgets":"","ocean_shortcode_before_footer_bottom":"","ocean_shortcode_after_footer_bottom":"","ocean_display_top_bar":"default","ocean_display_header":"default","ocean_header_style":"","ocean_center_header_left_menu":"","ocean_custom_header_template":"","ocean_custom_logo":0,"ocean_custom_retina_logo":0,"ocean_custom_logo_max_width":0,"ocean_custom_logo_tablet_max_width":0,"ocean_custom_logo_mobile_max_width":0,"ocean_custom_logo_max_height":0,"ocean_custom_logo_tablet_max_height":0,"ocean_custom_logo_mobile_max_height":0,"ocean_header_custom_menu":"","ocean_menu_typo_font_family":"","ocean_menu_typo_font_subset":"","ocean_menu_typo_font_size":0,"ocean_menu_typo_font_size_tablet":0,"ocean_menu_typo_font_size_mobile":0,"ocean_menu_typo_font_size_unit":"px","ocean_menu_typo_font_weight":"","ocean_menu_typo_font_weight_tablet":"","ocean_menu_typo_font_weight_mobile":"","ocean_menu_typo_transform":"","ocean_menu_typo_transform_tablet":"","ocean_menu_typo_transform_mobile":"","ocean_menu_typo_line_height":0,"ocean_menu_typo_line_height_tablet":0,"ocean_menu_typo_line_height_mobile":0,"ocean_menu_typo_line_height_unit":"","ocean_menu_typo_spacing":0,"ocean_menu_typo_spacing_tablet":0,"ocean_menu_typo_spacing_mobile":0,"ocean_menu_typo_spacing_unit":"","ocean_menu_link_color":"","ocean_menu_link_color_hover":"","ocean_menu_link_color_active":"","ocean_menu_link_background":"","ocean_menu_link_hover_background":"","ocean_menu_link_active_background":"","ocean_menu_social_links_bg":"","ocean_menu_social_hover_links_bg":"","ocean_menu_social_links_color":"","ocean_menu_social_hover_links_color":"","ocean_disable_title":"default","ocean_disable_heading":"default","ocean_post_title":"","ocean_post_subheading":"","ocean_post_title_style":"","ocean_post_title_background_color":"","ocean_post_title_background":0,"ocean_post_title_bg_image_position":"","ocean_post_title_bg_image_attachment":"","ocean_post_title_bg_image_repeat":"","ocean_post_title_bg_image_size":"","ocean_post_title_height":0,"ocean_post_title_bg_overlay":0.5,"ocean_post_title_bg_overlay_color":"","ocean_disable_breadcrumbs":"default","ocean_breadcrumbs_color":"","ocean_breadcrumbs_separator_color":"","ocean_breadcrumbs_links_color":"","ocean_breadcrumbs_links_hover_color":"","ocean_display_footer_widgets":"default","ocean_display_footer_bottom":"default","ocean_custom_footer_template":"","footnotes":""},"class_list":["post-873","page","type-page","status-publish","hentry","entry"],"_links":{"self":[{"href":"https:\/\/lebenshilfe-guestrow.com\/index.php?rest_route=\/wp\/v2\/pages\/873","targetHints":{"allow":["GET"]}}],"collection":[{"href":"https:\/\/lebenshilfe-guestrow.com\/index.php?rest_route=\/wp\/v2\/pages"}],"about":[{"href":"https:\/\/lebenshilfe-guestrow.com\/index.php?rest_route=\/wp\/v2\/types\/page"}],"author":[{"embeddable":true,"href":"https:\/\/lebenshilfe-guestrow.com\/index.php?rest_route=\/wp\/v2\/users\/1"}],"replies":[{"embeddable":true,"href":"https:\/\/lebenshilfe-guestrow.com\/index.php?rest_route=%2Fwp%2Fv2%2Fcomments&post=873"}],"version-history":[{"count":16,"href":"https:\/\/lebenshilfe-guestrow.com\/index.php?rest_route=\/wp\/v2\/pages\/873\/revisions"}],"predecessor-version":[{"id":2147,"href":"https:\/\/lebenshilfe-guestrow.com\/index.php?rest_route=\/wp\/v2\/pages\/873\/revisions\/2147"}],"wp:attachment":[{"href":"https:\/\/lebenshilfe-guestrow.com\/index.php?rest_route=%2Fwp%2Fv2%2Fmedia&parent=873"}],"curies":[{"name":"wp","href":"https:\/\/api.w.org\/{rel}","templated":true}]}}